{"id":26793,"date":"2025-07-29T21:04:31","date_gmt":"2025-07-30T01:04:31","guid":{"rendered":"https:\/\/www.verduyntarps.ca\/?page_id=26793"},"modified":"2025-07-29T22:17:15","modified_gmt":"2025-07-30T02:17:15","slug":"politique-en-matiere-de-cookies-manuel","status":"publish","type":"page","link":"https:\/\/www.verduyntarps.ca\/fr\/politique-en-matiere-de-cookies-manuel","title":{"rendered":"Politique en mati\u00e8re de cookies &#8211; Manuel"},"content":{"rendered":"\n<h1>\n\t\t\tPolitique en mati\u00e8re de cookies de Verduyn Tarps Inc\t<\/h1>\n\t<h4>Politique en mati\u00e8re de cookies et outil de consentement<\/h4>\n<p>Nous accordons une grande importance \u00e0 votre vie priv\u00e9e. Veuillez lire attentivement la pr\u00e9sente politique en mati\u00e8re de cookies avant d&#8217;utiliser le site Web <a href=\"https:\/\/www.verduyntarps.ca\">https:\/\/www.verduyntarps.ca<\/a> (le \u00ab Site Web \u00bb), exploit\u00e9 par Verduyn Tarps, une soci\u00e9t\u00e9 constitu\u00e9e en Ontario, Canada (\u00ab nous \u00bb, \u00ab notre \u00bb, \u00ab nos \u00bb).<\/p>\n<p>Cette politique contient des informations importantes concernant notre utilisation des cookies et autres technologies de suivi, votre vie priv\u00e9e, ainsi que la mani\u00e8re dont nous pouvons utiliser les informations que nous collectons \u00e0 votre sujet.<\/p>\n<p>Veuillez \u00e9galement consulter notre politique de confidentialit\u00e9, qui fournit plus d&#8217;informations sur nos pratiques en mati\u00e8re de confidentialit\u00e9, vos choix et vos droits.<\/p>\n\t<h4>Que sont les cookies ?<\/h4>\n<p>Un cookie est un petit fichier de donn\u00e9es envoy\u00e9 par un site Web et stock\u00e9 sur votre appareil par votre navigateur.<\/p>\n\t<h4>Notre collecte et classification des cookies<\/h4>\n<p>Ce site Web collecte les cookies identifi\u00e9s ci-dessous. Nous avons class\u00e9 les cookies que nous collectons en fonction de leur finalit\u00e9.<\/p>\n\t<h4>Cookies essentiels<\/h4>\n<p>Les cookies essentiels sont n\u00e9cessaires pour vous permettre de naviguer sur ce site Web et d&#8217;utiliser ses fonctionnalit\u00e9s. Par exemple, ces cookies peuvent \u00eatre utilis\u00e9s pour garantir la s\u00e9curit\u00e9, authentifier les utilisateurs et pr\u00e9venir les actions frauduleuses.<\/p>\n<p>Ces cookies sont activ\u00e9s par d\u00e9faut, et sans eux, le site Web pourrait ne pas fonctionner correctement.<\/p>\n<p>Ce site Web collecte les cookies strictement n\u00e9cessaires\/essentiels suivants :<\/p>\n\t\t\t\t\t\t\t\t\t\t<a href=\"#\" id=\"fl-accordion--icon-0\"  tabindex=\"0\"><i>Expand<\/i><\/a>\n\t\t\t\t\t<a href=\"#\"  id=\"fl-accordion--label-0\" tabindex=\"0\" aria-controls=\"fl-accordion--panel-0\">Plateforme de gestion du consentement Usercentrics<\/a>\n\t\t\t\t\t<p><strong>Description<\/strong><\/p>\n<p>Il s&#8217;agit d&#8217;un service de gestion du consentement. Usercentrics GmbH est utilis\u00e9 sur les sites Web et les applications en tant que sous-traitant dans le but de g\u00e9rer les consentements.<\/p>\n<hr \/>\n<p><strong>Fournisseur<\/strong><\/p>\n<p>Usercentrics GmbH<\/p>\n<hr \/>\n<p><strong>Provenance<\/strong><\/p>\n<p>Tiers<\/p>\n<hr \/>\n<p><strong>Finalit\u00e9<\/strong><\/p>\n<ul>\n<li>Respect des obligations l\u00e9gales<\/li>\n<li>Stockage du consentement<\/li>\n<\/ul>\n<hr \/>\n<p><strong>Dur\u00e9e<\/strong><\/p>\n<p>P\u00e9renne<\/p>\n\t\t\t\t\t\t\t\t\t\t<a href=\"#\" id=\"fl-accordion--icon-1\"  tabindex=\"0\"><i>Expand<\/i><\/a>\n\t\t\t\t\t<a href=\"#\"  id=\"fl-accordion--label-1\" tabindex=\"0\" aria-controls=\"fl-accordion--panel-1\">GSTATIC.COM<\/a>\n\t\t\t\t\t<p><strong>Description<\/strong><\/p>\n<p>Il s&#8217;agit d&#8217;un domaine utilis\u00e9 par Google pour d\u00e9charger le contenu statique vers un autre nom de domaine, dans le but de r\u00e9duire l&#8217;utilisation de la bande passante et d&#8217;am\u00e9liorer les performances r\u00e9seau pour l&#8217;utilisateur final.<\/p>\n<hr \/>\n<p><strong>Fournisseur<\/strong><\/p>\n<p>Alphabet Inc.<\/p>\n<hr \/>\n<p><strong>Provenance<\/strong><\/p>\n<p>Tiers<\/p>\n<hr \/>\n<p><strong>Finalit\u00e9<\/strong><\/p>\n<ul>\n<li>Am\u00e9lioration des performances r\u00e9seau<\/li>\n<li>R\u00e9duction de l&#8217;utilisation de la bande passante<\/li>\n<\/ul>\n<hr \/>\n<p><strong>Dur\u00e9e<\/strong><\/p>\n<p>P\u00e9renne<\/p>\n\t<h4>Cookies fonctionnels<\/h4>\n<p>Les cookies fonctionnels permettent \u00e0 un site Web de se souvenir des choix que vous avez faits auparavant et de la mani\u00e8re dont vous utilisez le site. Par exemple, ces cookies peuvent servir \u00e0 m\u00e9moriser votre langue pr\u00e9f\u00e9r\u00e9e, les pages sur lesquelles vous avez cliqu\u00e9 ou encore votre nom d&#8217;utilisateur et votre mot de passe afin de vous connecter automatiquement \u00e0 votre compte.<\/p>\n<p>Ces cookies sont d\u00e9sactiv\u00e9s par d\u00e9faut et ne seront activ\u00e9s que si vous y consentez.<\/p>\n<p>Si vous donnez votre consentement, ce site Web collectera les cookies fonctionnels suivants :<\/p>\n\t\t\t\t\t\t\t\t\t\t<a href=\"#\" id=\"fl-accordion--icon-0\"  tabindex=\"0\"><i>Expand<\/i><\/a>\n\t\t\t\t\t<a href=\"#\"  id=\"fl-accordion--label-0\" tabindex=\"0\" aria-controls=\"fl-accordion--panel-0\">CLOUDFLARE<\/a>\n\t\t\t\t\t<p><strong>Description<\/strong><\/p>\n<p>Il s&#8217;agit d&#8217;un service qui offre une s\u00e9curit\u00e9 renforc\u00e9e et de meilleures performances pour les sites Web. Cloudflare propose, par exemple, un r\u00e9seau de diffusion de contenu (\u00ab CDN \u00bb) afin d&#8217;am\u00e9liorer les temps de chargement du site. L&#8217;utilisation d&#8217;un CDN permet de rendre le contenu accessible plus rapidement gr\u00e2ce \u00e0 des serveurs r\u00e9partis r\u00e9gionalement ou \u00e0 l&#8217;\u00e9chelle internationale.<\/p>\n<hr \/>\n<p><strong>Fournisseur<\/strong><\/p>\n<p>Cloudflare Inc.<\/p>\n<hr \/>\n<p><strong>Provenance<\/strong><\/p>\n<p>Tiers<\/p>\n<hr \/>\n<p><strong>Finalit\u00e9<\/strong><\/p>\n<ul>\n<li>Optimisation<\/li>\n<li>S\u00e9curit\u00e9 du site Web<\/li>\n<li>Am\u00e9lioration du service<\/li>\n<li>R\u00e9duction de l&#8217;utilisation de la bande passante<\/li>\n<\/ul>\n<hr \/>\n<p><strong>Dur\u00e9e<\/strong><\/p>\n<p>P\u00e9renne<\/p>\n<hr \/>\n<p><strong>Comment se d\u00e9sinscrire<\/strong><\/p>\n<p>Visitez le site Web du fournisseur de cookies.<\/p>\n\t\t\t\t\t\t\t\t\t\t<a href=\"#\" id=\"fl-accordion--icon-1\"  tabindex=\"0\"><i>Expand<\/i><\/a>\n\t\t\t\t\t<a href=\"#\"  id=\"fl-accordion--label-1\" tabindex=\"0\" aria-controls=\"fl-accordion--panel-1\">GOOGLE TAG MANAGER<\/a>\n\t\t\t\t\t<p><strong>Description<\/strong><\/p>\n<p>Il s&#8217;agit d&#8217;un syst\u00e8me de gestion de balises. Gr\u00e2ce \u00e0 Google Tag Manager, les balises peuvent \u00eatre int\u00e9gr\u00e9es de mani\u00e8re centralis\u00e9e via une interface utilisateur. Les balises sont de petits morceaux de code qui permettent de suivre certaines activit\u00e9s. Les scripts d&#8217;autres outils sont int\u00e9gr\u00e9s via le Google Tag Manager. Le gestionnaire de balises permet de contr\u00f4ler quand une balise sp\u00e9cifique est d\u00e9clench\u00e9e.<\/p>\n<hr \/>\n<p><strong>Fournisseur<\/strong><\/p>\n<p>Google Ireland Limited<\/p>\n<hr \/>\n<p><strong>Provenance<\/strong><\/p>\n<p>Tiers<\/p>\n<hr \/>\n<p><strong>Finalit\u00e9<\/strong><\/p>\n<ul>\n<li>Gestion des balises<\/li>\n<\/ul>\n<hr \/>\n<p><strong>Dur\u00e9e<\/strong><\/p>\n<p>P\u00e9renne<\/p>\n<hr \/>\n<p><strong>Comment se d\u00e9sinscrire<\/strong><\/p>\n<p>Visitez le site Web du fournisseur de cookies.<\/p>\n\t\t\t\t\t\t\t\t\t\t<a href=\"#\" id=\"fl-accordion--icon-2\"  tabindex=\"0\"><i>Expand<\/i><\/a>\n\t\t\t\t\t<a href=\"#\"  id=\"fl-accordion--label-2\" tabindex=\"0\" aria-controls=\"fl-accordion--panel-2\">ZOOMINFO<\/a>\n\t\t\t\t\t<p><strong>Description<\/strong><\/p>\n<p>Il s&#8217;agit d&#8217;une plateforme de syst\u00e8me d&#8217;exploitation de donn\u00e9es et de logiciels destin\u00e9e aux entreprises (B2B).<\/p>\n<hr \/>\n<p><strong>Fournisseur<\/strong><\/p>\n<p>ZoomInfo Technologies LLC<\/p>\n<hr \/>\n<p><strong>Provenance<\/strong><\/p>\n<p>Tiers<\/p>\n<hr \/>\n<p><strong>Finalit\u00e9<\/strong><\/p>\n<ul>\n<li>Marketing<\/li>\n<li>Profilage<\/li>\n<li>Statistiques<\/li>\n<li>Personnalisation<\/li>\n<li>Fourniture de service<\/li>\n<li>Maintenance<\/li>\n<li>V\u00e9rification de l&#8217;identit\u00e9<\/li>\n<li>Respect des obligations l\u00e9gales<\/li>\n<li>Garantir la s\u00e9curit\u00e9, pr\u00e9venir la fraude et effectuer le d\u00e9bogage<\/li>\n<\/ul>\n<hr \/>\n<p><strong>Dur\u00e9e<\/strong><\/p>\n<p>P\u00e9renne<\/p>\n<hr \/>\n<p><strong>Comment se d\u00e9sinscrire<\/strong><\/p>\n<p>Visitez le site Web du fournisseur de cookies.<\/p>\n\t\t\t\t\t\t\t\t\t\t<a href=\"#\" id=\"fl-accordion--icon-3\"  tabindex=\"0\"><i>Expand<\/i><\/a>\n\t\t\t\t\t<a href=\"#\"  id=\"fl-accordion--label-3\" tabindex=\"0\" aria-controls=\"fl-accordion--panel-3\">VID\u00c9O YOUTUBE<\/a>\n\t\t\t\t\t<p><strong>Description<\/strong><\/p>\n<p>Il s&#8217;agit d&#8217;un service de lecture de vid\u00e9os. Il peut \u00eatre utilis\u00e9 par l&#8217;utilisateur pour regarder, aimer, partager, commenter et t\u00e9l\u00e9verser des vid\u00e9os.<\/p>\n<hr \/>\n<p><strong>Fournisseur<\/strong><\/p>\n<p>Google Ireland Limited<\/p>\n<hr \/>\n<p><strong>Provenance<\/strong><\/p>\n<p>Tiers<\/p>\n<hr \/>\n<p><strong>Finalit\u00e9<\/strong><\/p>\n<ul>\n<li>Affichage des vid\u00e9os<\/li>\n<\/ul>\n<hr \/>\n<p><strong>Dur\u00e9e<\/strong><\/p>\n<p>8 mois<\/p>\n<hr \/>\n<p><strong>Comment se d\u00e9sinscrire<\/strong><\/p>\n<p><a href=\"https:\/\/safety.google\/privacy\/privacy-controls\/\" target=\"_blank\" rel=\"noopener\">https:\/\/safety.google\/privacy\/privacy-controls\/<\/a><\/p>\n\t\t\t\t\t\t\t\t\t\t<a href=\"#\" id=\"fl-accordion--icon-4\"  tabindex=\"0\"><i>Expand<\/i><\/a>\n\t\t\t\t\t<a href=\"#\"  id=\"fl-accordion--label-4\" tabindex=\"0\" aria-controls=\"fl-accordion--panel-4\">VIMEO<\/a>\n\t\t\t\t\t<p><strong>Description<\/strong><\/p>\n<p>Il s&#8217;agit d&#8217;un service permettant d&#8217;afficher du contenu vid\u00e9o.<\/p>\n<hr \/>\n<p><strong>Fournisseur<\/strong><\/p>\n<p>Vimeo.com, Inc.<\/p>\n<hr \/>\n<p><strong>Provenance<\/strong><\/p>\n<p>Tiers<\/p>\n<hr \/>\n<p><strong>Finalit\u00e9<\/strong><\/p>\n<ul>\n<li>Affichage des vid\u00e9os<\/li>\n<\/ul>\n<hr \/>\n<p><strong>Dur\u00e9e<\/strong><\/p>\n<p>2 ans<\/p>\n<hr \/>\n<p><strong>Comment se d\u00e9sinscrire<\/strong><\/p>\n<p><a href=\"https:\/\/vimeo.com\/cookie_policy\" target=\"_blank\" rel=\"noopener\">https:\/\/vimeo.com\/cookie_policy<\/a><\/p>\n\t\t\t\t\t\t\t\t\t\t<a href=\"#\" id=\"fl-accordion--icon-5\"  tabindex=\"0\"><i>Expand<\/i><\/a>\n\t\t\t\t\t<a href=\"#\"  id=\"fl-accordion--label-5\" tabindex=\"0\" aria-controls=\"fl-accordion--panel-5\">OPTINMONSTER<\/a>\n\t\t\t\t\t<p><strong>Description<\/strong><\/p>\n<p>OptinMonster propose un service permettant de convertir et de mon\u00e9tiser le trafic d&#8217;un site Web.<\/p>\n<hr \/>\n<p><strong>Fournisseur<\/strong><\/p>\n<p>Retyp LLC<\/p>\n<hr \/>\n<p><strong>Provenance<\/strong><\/p>\n<p>Tiers<\/p>\n<hr \/>\n<p><strong>Finalit\u00e9<\/strong><\/p>\n<ul>\n<li>Analyse<\/li>\n<li>Fonctionnalit\u00e9<\/li>\n<li>Optimisation<\/li>\n<\/ul>\n<hr \/>\n<p><strong>Dur\u00e9e<\/strong><\/p>\n<p>P\u00e9renne<\/p>\n<hr \/>\n<p><strong>Comment se d\u00e9sinscrire<\/strong><\/p>\n<p>Visitez le site Web du fournisseur de cookies.<\/p>\n\t\t\t\t\t\t\t\t\t\t<a href=\"#\" id=\"fl-accordion--icon-6\"  tabindex=\"0\"><i>Expand<\/i><\/a>\n\t\t\t\t\t<a href=\"#\"  id=\"fl-accordion--label-6\" tabindex=\"0\" aria-controls=\"fl-accordion--panel-6\">GOOGLE MAPS<\/a>\n\t\t\t\t\t<p><strong>Description<\/strong><\/p>\n<p>Il s&#8217;agit d&#8217;un service de cartographie int\u00e9gr\u00e9.<\/p>\n<hr \/>\n<p><strong>Fournisseur<\/strong><\/p>\n<p>Google LLC<\/p>\n<hr \/>\n<p><strong>Provenance<\/strong><\/p>\n<p>Tiers<\/p>\n<hr \/>\n<p><strong>Finalit\u00e9<\/strong><\/p>\n<ul>\n<li>Affichage des cartes<\/li>\n<\/ul>\n<hr \/>\n<p><strong>Dur\u00e9e<\/strong><\/p>\n<p>P\u00e9renne<\/p>\n<hr \/>\n<p><strong>Comment se d\u00e9sinscrire<\/strong><\/p>\n<p>Visitez le site Web du fournisseur de cookies.<\/p>\n\t<h4>Cookies marketing<\/h4>\nLes cookies marketing sont des cookies qui suivent votre activit\u00e9 en ligne afin, par exemple, d&#8217;aider les annonceurs \u00e0 vous proposer des publicit\u00e9s plus pertinentes ou \u00e0 limiter le nombre de fois qu&#8217;une publicit\u00e9 vous est affich\u00e9e.\nCes cookies sont d\u00e9sactiv\u00e9s par d\u00e9faut et ne seront activ\u00e9s que si vous y consentez.\nSi vous donnez votre consentement, ce site Web collectera les cookies marketing suivants :\n\t\t\t\t\t\t\t\t\t\t<a href=\"#\" id=\"fl-accordion--icon-0\"  tabindex=\"0\"><i>Expand<\/i><\/a>\n\t\t\t\t\t<a href=\"#\"  id=\"fl-accordion--label-0\" tabindex=\"0\" aria-controls=\"fl-accordion--panel-0\">PIXEL FACEBOOK<\/a>\n\t\t\t\t\t<p><strong>Description<\/strong><\/p>\n<p>Il s&#8217;agit d&#8217;une technologie de suivi propos\u00e9e par Facebook et utilis\u00e9e par d&#8217;autres services de Facebook. Elle sert \u00e0 suivre les interactions des visiteurs avec les sites Web (\u00ab \u00c9v\u00e9nements \u00bb) apr\u00e8s qu&#8217;ils ont cliqu\u00e9 sur une publicit\u00e9 diffus\u00e9e sur Facebook ou d&#8217;autres services propos\u00e9s par Meta (\u00ab Conversion \u00bb).<\/p>\n<hr \/>\n<p><strong>Fournisseur<\/strong><\/p>\n<p>Meta Platforms Ireland Ltd.<\/p>\n<hr \/>\n<p><strong>Provenance<\/strong><\/p>\n<p>Tiers<\/p>\n<hr \/>\n<p><strong>Finalit\u00e9<\/strong><\/p>\n<ul>\n<li>Analyse<\/li>\n<li>Marketing<\/li>\n<li>Reciblage<\/li>\n<li>Publicit\u00e9<\/li>\n<li>Suivi des conversions<\/li>\n<li>Personnalisation<\/li>\n<\/ul>\n<hr \/>\n<p><strong>Dur\u00e9e<\/strong><\/p>\n<p>1 an<\/p>\n<hr \/>\n<p><strong>Comment se d\u00e9sinscrire<\/strong><\/p>\n<p>Visitez le site Web du fournisseur de cookies.<\/p>\n\t\t\t\t\t\t\t\t\t\t<a href=\"#\" id=\"fl-accordion--icon-1\"  tabindex=\"0\"><i>Expand<\/i><\/a>\n\t\t\t\t\t<a href=\"#\"  id=\"fl-accordion--label-1\" tabindex=\"0\" aria-controls=\"fl-accordion--panel-1\">GOOGLE ANALYTICS<\/a>\n\t\t\t\t\t<p><strong>Description<\/strong><\/p>\n<p>Il s&#8217;agit d&#8217;un service d&#8217;analyse Web. Il permet \u00e0 l&#8217;utilisateur de mesurer le retour sur investissement publicitaire (\u00ab ROI \u00bb) ainsi que de suivre le comportement des utilisateurs sur les contenus Flash, les vid\u00e9os, les sites Web et les applications.<\/p>\n<hr \/>\n<p><strong>Fournisseur<\/strong><\/p>\n<p>Google Ireland Limited<\/p>\n<hr \/>\n<p><strong>Provenance<\/strong><\/p>\n<p>Tiers<\/p>\n<hr \/>\n<p><strong>Finalit\u00e9<\/strong><\/p>\n<ul>\n<li>Marketing<\/li>\n<li>Analyse<\/li>\n<\/ul>\n<hr \/>\n<p><strong>Dur\u00e9e<\/strong><\/p>\n<p>2 ans<\/p>\n<hr \/>\n<p><strong>Comment se d\u00e9sinscrire<\/strong><\/p>\n<p><a href=\"https:\/\/tools.google.com\/dlpage\/gaoptout?hl=fr\" target=\"_blank\" rel=\"noopener\">https:\/\/tools.google.com\/dlpage\/gaoptout?hl=fr<\/a><\/p>\n\t\t\t\t\t\t\t\t\t\t<a href=\"#\" id=\"fl-accordion--icon-2\"  tabindex=\"0\"><i>Expand<\/i><\/a>\n\t\t\t\t\t<a href=\"#\"  id=\"fl-accordion--label-2\" tabindex=\"0\" aria-controls=\"fl-accordion--panel-2\">PLUGINS SOCIAUX FACEBOOK<\/a>\n\t\t\t\t\t<p><strong>Description<\/strong><\/p>\n<p>Il s&#8217;agit d&#8217;un plug-in social de Facebook, qui permet \u00e0 l&#8217;utilisateur de connecter son site Web au r\u00e9seau social Facebook.<\/p>\n<hr \/>\n<p><strong>Fournisseur<\/strong><\/p>\n<p>Meta Platforms Ireland Ltd.<\/p>\n<hr \/>\n<p><strong>Provenance<\/strong><\/p>\n<p>Tiers<\/p>\n<hr \/>\n<p><strong>Finalit\u00e9<\/strong><\/p>\n<ul>\n<li>Int\u00e9gration des fonctionnalit\u00e9s de Facebook<\/li>\n<li>Optimisation<\/li>\n<li>Marketing<\/li>\n<\/ul>\n<hr \/>\n<p><strong>Dur\u00e9e<\/strong><\/p>\n<p>P\u00e9renne<\/p>\n<hr \/>\n<p><strong>Comment se d\u00e9sinscrire<\/strong><\/p>\n<p><a href=\"https:\/\/www.facebook.com\/ads\/preferences\/?entry_product=ad_settings_screen\" target=\"_blank\" rel=\"noopener\">https:\/\/www.facebook.com\/ads\/preferences\/?entry_product=ad_settings_screen<\/a><\/p>\n\t\t\t\t\t\t\t\t\t\t<a href=\"#\" id=\"fl-accordion--icon-3\"  tabindex=\"0\"><i>Expand<\/i><\/a>\n\t\t\t\t\t<a href=\"#\"  id=\"fl-accordion--label-3\" tabindex=\"0\" aria-controls=\"fl-accordion--panel-3\">PUBLICIT\u00c9 DOUBLECLICK<\/a>\n\t\t\t\t\t<p><strong>Description<\/strong><\/p>\n<p>Il s&#8217;agit d&#8217;un service publicitaire. Ce service permet de diffuser des publicit\u00e9s pertinentes aux utilisateurs et d&#8217;obtenir des rapports de campagne.<\/p>\n<hr \/>\n<p><strong>Fournisseur<\/strong><\/p>\n<p>Google Ireland Limited<\/p>\n<hr \/>\n<p><strong>Provenance<\/strong><\/p>\n<p>Tiers<\/p>\n<hr \/>\n<p><strong>Finalit\u00e9<\/strong><\/p>\n<ul>\n<li>Publicit\u00e9<\/li>\n<li>Analyse<\/li>\n<li>Optimisation<\/li>\n<\/ul>\n<hr \/>\n<p><strong>Dur\u00e9e<\/strong><\/p>\n<p>1 an<\/p>\n<hr \/>\n<p><strong>Comment se d\u00e9sinscrire<\/strong><\/p>\n<p>Visitez le site Web du fournisseur de cookies.<\/p>\n\t\t\t\t\t\t\t\t\t\t<a href=\"#\" id=\"fl-accordion--icon-4\"  tabindex=\"0\"><i>Expand<\/i><\/a>\n\t\t\t\t\t<a href=\"#\"  id=\"fl-accordion--label-4\" tabindex=\"0\" aria-controls=\"fl-accordion--panel-4\">GOOGLE ADS<\/a>\n\t\t\t\t\t<p><strong>Description<\/strong><\/p>\n<p>Il s&#8217;agit d&#8217;un service publicitaire. Ce service peut \u00eatre utilis\u00e9 pour afficher des publicit\u00e9s personnalis\u00e9es ou non personnalis\u00e9es aux utilisateurs.<\/p>\n<hr \/>\n<p><strong>Fournisseur<\/strong><\/p>\n<p>Google Ireland Limited<\/p>\n<hr \/>\n<p><strong>Provenance<\/strong><\/p>\n<p>Tiers<\/p>\n<hr \/>\n<p><strong>Finalit\u00e9<\/strong><\/p>\n<ul>\n<li>Publicit\u00e9<\/li>\n<li>Analyse<\/li>\n<li>Fourniture de service<\/li>\n<li>Statistiques<\/li>\n<\/ul>\n<hr \/>\n<p><strong>Dur\u00e9e<\/strong><\/p>\n<p>1 an<\/p>\n<hr \/>\n<p><strong>Comment se d\u00e9sinscrire<\/strong><\/p>\n<p><a href=\"https:\/\/safety.google\/privacy\/privacy-controls\/\" target=\"_blank\" rel=\"noopener\">https:\/\/safety.google\/privacy\/privacy-controls\/<\/a><\/p>\n\t<h4>Vos choix concernant les cookies<\/h4>\n<p>Vous disposez de certains choix concernant le placement de cookies sur votre appareil. Vous pouvez choisir d&#8217;accepter ou de refuser les cookies fonctionnels ou marketing.<\/p>\n<p>Si vous consentez \u00e0 l&#8217;utilisation de ces cookies mais souhaitez ensuite retirer votre consentement, vous pouvez le faire \u00e0 tout moment via notre outil de gestion du consentement aux cookies, disponible sur la page d&#8217;accueil du site Web.<\/p>\n<p>Vous pouvez g\u00e9rer vos pr\u00e9f\u00e9rences en mati\u00e8re de cookies de la mani\u00e8re suivante :<\/p>\n<ul>\n<li>Via notre outil de gestion du consentement aux cookies, o\u00f9 vous pouvez s\u00e9lectionner les cat\u00e9gories de cookies que vous autorisez \u00e0 \u00eatre plac\u00e9s sur votre appareil et retirer ce consentement ;<\/li>\n<li>Via votre navigateur, en configurant celui-ci pour supprimer ou refuser les cookies. Vous pouvez consulter le centre d&#8217;aide de votre navigateur ou les pages \u00ab Outils \u00bb, \u00ab \u00c9dition \u00bb ou \u00ab Aide \u00bb pour d\u00e9finir vos pr\u00e9f\u00e9rences et supprimer les cookies. Nous vous encourageons \u00e9galement \u00e0 visiter le site <a href=\"http:\/\/aboutcookies.org\" target=\"_blank\" rel=\"noopener\">aboutcookies.org<\/a> pour en savoir plus sur la mani\u00e8re de refuser les cookies.<\/li>\n<\/ul>\n\t<h4>Questions<\/h4>\n<p>Si vous avez des questions concernant cette politique en mati\u00e8re de cookies, veuillez nous contacter \u00e0 l&#8217;adresse suivante : <a href=\"mailto:sales@verduyntarps.com\">sales@verduyntarps.com<\/a>.<\/p>\n\n","protected":false},"excerpt":{"rendered":"<p>Politique en mati\u00e8re de cookies de Verduyn Tarps Inc Politique en mati\u00e8re de cookies et outil de consentement Nous accordons une grande importance \u00e0 votre vie priv\u00e9e. Veuillez lire attentivement la pr\u00e9sente politique en mati\u00e8re de cookies avant d&#8217;utiliser le site Web https:\/\/www.verduyntarps.ca (le \u00ab Site Web \u00bb), exploit\u00e9 par Verduyn Tarps, une soci\u00e9t\u00e9 constitu\u00e9e [&hellip;]<\/p>\n","protected":false},"author":920,"featured_media":0,"parent":0,"menu_order":0,"comment_status":"closed","ping_status":"closed","template":"","meta":{"_acf_changed":false,"om_disable_all_campaigns":false,"site-sidebar-layout":"no-sidebar","site-content-layout":"page-builder","ast-site-content-layout":"full-width-container","site-content-style":"unboxed","site-sidebar-style":"unboxed","ast-global-header-display":"","ast-banner-title-visibility":"","ast-main-header-display":"","ast-hfb-above-header-display":"","ast-hfb-below-header-display":"","ast-hfb-mobile-header-display":"","site-post-title":"disabled","ast-breadcrumbs-content":"","ast-featured-img":"disabled","footer-sml-layout":"","ast-disable-related-posts":"","theme-transparent-header-meta":"default","adv-header-id-meta":"","stick-header-meta":"default","header-above-stick-meta":"","header-main-stick-meta":"","header-below-stick-meta":"","astra-migrate-meta-layouts":"set","ast-page-background-enabled":"default","ast-page-background-meta":{"desktop":{"background-color":"","background-image":"","background-repeat":"repeat","background-position":"center center","background-size":"auto","background-attachment":"scroll","background-type":"","background-media":"","overlay-type":"","overlay-color":"","overlay-opacity":"","overlay-gradient":""},"tablet":{"background-color":"","background-image":"","background-repeat":"repeat","background-position":"center center","background-size":"auto","background-attachment":"scroll","background-type":"","background-media":"","overlay-type":"","overlay-color":"","overlay-opacity":"","overlay-gradient":""},"mobile":{"background-color":"","background-image":"","background-repeat":"repeat","background-position":"center center","background-size":"auto","background-attachment":"scroll","background-type":"","background-media":"","overlay-type":"","overlay-color":"","overlay-opacity":"","overlay-gradient":""}},"ast-content-background-meta":{"desktop":{"background-color":"var(--ast-global-color-5)","background-image":"","background-repeat":"repeat","background-position":"center center","background-size":"auto","background-attachment":"scroll","background-type":"","background-media":"","overlay-type":"","overlay-color":"","overlay-opacity":"","overlay-gradient":""},"tablet":{"background-color":"var(--ast-global-color-5)","background-image":"","background-repeat":"repeat","background-position":"center center","background-size":"auto","background-attachment":"scroll","background-type":"","background-media":"","overlay-type":"","overlay-color":"","overlay-opacity":"","overlay-gradient":""},"mobile":{"background-color":"var(--ast-global-color-5)","background-image":"","background-repeat":"repeat","background-position":"center center","background-size":"auto","background-attachment":"scroll","background-type":"","background-media":"","overlay-type":"","overlay-color":"","overlay-opacity":"","overlay-gradient":""}},"footnotes":""},"class_list":["post-26793","page","type-page","status-publish","hentry"],"acf":[],"_links":{"self":[{"href":"https:\/\/www.verduyntarps.ca\/fr\/wp-json\/wp\/v2\/pages\/26793","targetHints":{"allow":["GET"]}}],"collection":[{"href":"https:\/\/www.verduyntarps.ca\/fr\/wp-json\/wp\/v2\/pages"}],"about":[{"href":"https:\/\/www.verduyntarps.ca\/fr\/wp-json\/wp\/v2\/types\/page"}],"author":[{"embeddable":true,"href":"https:\/\/www.verduyntarps.ca\/fr\/wp-json\/wp\/v2\/users\/920"}],"replies":[{"embeddable":true,"href":"https:\/\/www.verduyntarps.ca\/fr\/wp-json\/wp\/v2\/comments?post=26793"}],"version-history":[{"count":5,"href":"https:\/\/www.verduyntarps.ca\/fr\/wp-json\/wp\/v2\/pages\/26793\/revisions"}],"predecessor-version":[{"id":26801,"href":"https:\/\/www.verduyntarps.ca\/fr\/wp-json\/wp\/v2\/pages\/26793\/revisions\/26801"}],"wp:attachment":[{"href":"https:\/\/www.verduyntarps.ca\/fr\/wp-json\/wp\/v2\/media?parent=26793"}],"curies":[{"name":"wp","href":"https:\/\/api.w.org\/{rel}","templated":true}]}}