{"id":25443,"date":"2024-11-07T09:43:26","date_gmt":"2024-11-07T14:43:26","guid":{"rendered":"https:\/\/www.verduyntarps.ca\/product\/3-x-30-standard-duty-strap-with-flat-hook-yellow-2"},"modified":"2024-11-07T09:43:26","modified_gmt":"2024-11-07T14:43:26","slug":"3-x-30-standard-duty-strap-with-flat-hook-yellow-2","status":"publish","type":"product","link":"https:\/\/www.verduyntarps.ca\/fr\/produit\/3-x-30-standard-duty-strap-with-flat-hook-yellow-2","title":{"rendered":"3 x 30&#8242; sangle standard avec crochet plat &#8211; jaune"},"content":{"rendered":"<p><span data-olk-copy-source=\"MessageBody\">Vous les avez demand\u00e9s, et nous les avons livr\u00e9s ! Vous offrant plus pour moins, nos sangles VTI d\u00e9passent la limite de charge de travail standard de l\u2019industrie de 5 400 livres. <\/span><\/p>\n<p>Cette sangle de treuil de 3 pouces sur 30 pieds avec crochet plat wns est fabriqu\u00e9e \u00e0 partir de sangles de qualit\u00e9 sup\u00e9rieure, ce qui garantit que votre charge \u00e0 plat sera attach\u00e9e en toute s\u00e9curit\u00e9 \u00e0 l\u2019aide de n\u2019importe quel treuil standard. Ces sangles de treuil sont jaunes avec un bord noir et sont fabriqu\u00e9es en polyester enduit de r\u00e9sine pour un \u00e9tirement minimum et une r\u00e9sistance maximale \u00e0 l\u2019usure. Ces sangles robustes sont adapt\u00e9es \u00e0 l\u2019hiver &#8211; durables, r\u00e9sistantes et faciles \u00e0 rouler ! Toutes les sangles de treuil ont des \u00e9tiquettes cousues qui sont renforc\u00e9es et recouvertes de plastique pour prot\u00e9ger des d\u00e9chirures et de l\u2019effilochage, ce qui permet \u00e0 ces v\u00e9rifications DOT de se d\u00e9rouler plus facilement. Nos sangles sont conformes \u00e0 la r\u00e9glementation. Nos \u00e9tiquettes cousues servent de preuve de conformit\u00e9 lors des inspections. Gardez \u00e0 l\u2019esprit que si vous \u00eates aux \u00c9tats-Unis et que l\u2019\u00e9tiquette n\u2019est plus sur le bracelet, elle sera consid\u00e9r\u00e9e comme <b>nulle<\/b>. Les derniers r\u00e9sultats de la v\u00e9rification routi\u00e8re internationale de CVSA 2024 ont r\u00e9v\u00e9l\u00e9 que l\u2019arrimage du fret figurait dans le Top 5 des infractions relatives aux v\u00e9hicules hors service au Canada et aux \u00c9tats-Unis. Ne laissez pas les \u00e9tiquettes manquantes faire d\u00e9railler vos op\u00e9rations. Toutes les sangles de treuil sont \u00e9tiquet\u00e9es pour r\u00e9pondre aux normes CHP, aux normes nord-am\u00e9ricaines d\u2019arrimage des cargaisons propos\u00e9es, aux r\u00e9glementations du DOT et aux normes recommand\u00e9es par la WSTDA. CMU : 2 724 kg \/ 5 400 lb<br \/>\nMBS : 7347 kg \/ 16 200 lb <\/p>\n<p class=\"x_MsoNormal\" aria-hidden=\"true\">\n","protected":false},"excerpt":{"rendered":"<p>Vous les avez demand\u00e9s, et nous les avons livr\u00e9s ! Vous offrant plus pour moins, nos sangles VTI d\u00e9passent la limite de charge de travail standard de l\u2019industrie de 5 400 livres. Cette sangle de treuil de 3 pouces sur 30 pieds avec crochet plat wns est fabriqu\u00e9e \u00e0 partir de sangles de qualit\u00e9 sup\u00e9rieure, [&hellip;]<\/p>\n","protected":false},"featured_media":25445,"comment_status":"closed","ping_status":"closed","template":"","meta":{"_acf_changed":false,"om_disable_all_campaigns":false,"site-sidebar-layout":"default","site-content-layout":"default","ast-site-content-layout":"default","site-content-style":"default","site-sidebar-style":"default","ast-global-header-display":"","ast-banner-title-visibility":"","ast-main-header-display":"","ast-hfb-above-header-display":"","ast-hfb-below-header-display":"","ast-hfb-mobile-header-display":"","site-post-title":"","ast-breadcrumbs-content":"","ast-featured-img":"","footer-sml-layout":"","ast-disable-related-posts":"","theme-transparent-header-meta":"default","adv-header-id-meta":"","stick-header-meta":"default","header-above-stick-meta":"","header-main-stick-meta":"","header-below-stick-meta":"","astra-migrate-meta-layouts":"default","ast-page-background-enabled":"default","ast-page-background-meta":{"desktop":{"background-color":"","background-image":"","background-repeat":"repeat","background-position":"center center","background-size":"auto","background-attachment":"scroll","background-type":"","background-media":"","overlay-type":"","overlay-color":"","overlay-opacity":"","overlay-gradient":""},"tablet":{"background-color":"","background-image":"","background-repeat":"repeat","background-position":"center center","background-size":"auto","background-attachment":"scroll","background-type":"","background-media":"","overlay-type":"","overlay-color":"","overlay-opacity":"","overlay-gradient":""},"mobile":{"background-color":"","background-image":"","background-repeat":"repeat","background-position":"center center","background-size":"auto","background-attachment":"scroll","background-type":"","background-media":"","overlay-type":"","overlay-color":"","overlay-opacity":"","overlay-gradient":""}},"ast-content-background-meta":{"desktop":{"background-color":"var(--ast-global-color-5)","background-image":"","background-repeat":"repeat","background-position":"center center","background-size":"auto","background-attachment":"scroll","background-type":"","background-media":"","overlay-type":"","overlay-color":"","overlay-opacity":"","overlay-gradient":""},"tablet":{"background-color":"var(--ast-global-color-5)","background-image":"","background-repeat":"repeat","background-position":"center center","background-size":"auto","background-attachment":"scroll","background-type":"","background-media":"","overlay-type":"","overlay-color":"","overlay-opacity":"","overlay-gradient":""},"mobile":{"background-color":"var(--ast-global-color-5)","background-image":"","background-repeat":"repeat","background-position":"center center","background-size":"auto","background-attachment":"scroll","background-type":"","background-media":"","overlay-type":"","overlay-color":"","overlay-opacity":"","overlay-gradient":""}}},"product_brand":[],"product_cat":[591,594,595],"product_tag":[],"class_list":{"0":"post-25443","1":"product","2":"type-product","3":"status-publish","4":"has-post-thumbnail","6":"product_cat-equipement-de-chargement","7":"product_cat-sangles-darrimage","8":"product_cat-sangles-de-treuil","9":"desktop-align-center","10":"tablet-align-center","11":"mobile-align-center","12":"ast-product-gallery-layout-horizontal","13":"ast-product-tabs-layout-horizontal","15":"first","16":"instock","17":"taxable","18":"shipping-taxable","19":"purchasable","20":"product-type-simple"},"acf":[],"gallery_images":[25449,25447],"_links":{"self":[{"href":"https:\/\/www.verduyntarps.ca\/fr\/wp-json\/wp\/v2\/product\/25443","targetHints":{"allow":["GET"]}}],"collection":[{"href":"https:\/\/www.verduyntarps.ca\/fr\/wp-json\/wp\/v2\/product"}],"about":[{"href":"https:\/\/www.verduyntarps.ca\/fr\/wp-json\/wp\/v2\/types\/product"}],"replies":[{"embeddable":true,"href":"https:\/\/www.verduyntarps.ca\/fr\/wp-json\/wp\/v2\/comments?post=25443"}],"wp:featuredmedia":[{"embeddable":true,"href":"https:\/\/www.verduyntarps.ca\/fr\/wp-json\/wp\/v2\/media\/25445"}],"wp:attachment":[{"href":"https:\/\/www.verduyntarps.ca\/fr\/wp-json\/wp\/v2\/media?parent=25443"}],"wp:term":[{"taxonomy":"product_brand","embeddable":true,"href":"https:\/\/www.verduyntarps.ca\/fr\/wp-json\/wp\/v2\/product_brand?post=25443"},{"taxonomy":"product_cat","embeddable":true,"href":"https:\/\/www.verduyntarps.ca\/fr\/wp-json\/wp\/v2\/product_cat?post=25443"},{"taxonomy":"product_tag","embeddable":true,"href":"https:\/\/www.verduyntarps.ca\/fr\/wp-json\/wp\/v2\/product_tag?post=25443"}],"curies":[{"name":"wp","href":"https:\/\/api.w.org\/{rel}","templated":true}]}}