{"id":25813,"date":"2024-04-30T08:36:32","date_gmt":"2024-04-30T12:36:32","guid":{"rendered":"https:\/\/www.verduyntarps.ca\/product\/2-x-16-ratchet-strap-with-e-track-fitting"},"modified":"2025-03-10T03:33:35","modified_gmt":"2025-03-10T07:33:35","slug":"2-x-16-ratchet-strap-with-e-track-fitting","status":"publish","type":"product","link":"https:\/\/www.verduyntarps.ca\/fr\/shop\/2-x-16-ratchet-strap-with-e-track-fitting","title":{"rendered":"Sangle \u00e0 cliquet de 2 po x 16 pi avec raccord E-Track"},"content":{"rendered":"<p class=\"x_MsoNormal\">Assurez-vous que votre cargaison est solidement fix\u00e9e pendant le transport gr\u00e2ce \u00e0 notre sangle \u00e0 cliquet durable de 2 po sur 16 pi avec raccord E-Track, con\u00e7ue sp\u00e9cifiquement pour \u00eatre utilis\u00e9e dans les remorques ferm\u00e9es de 48 et 50 pieds. Alliant r\u00e9sistance, fiabilit\u00e9 et facilit\u00e9 d\u2019utilisation, cette sangle est parfaite pour s\u00e9curiser une large gamme de biens et d\u2019\u00e9quipements. <\/p>\n<p class=\"x_MsoNormal\">La longueur plus longue de la sangle est id\u00e9ale pour s\u00e9curiser des articles plus volumineux ou plus volumineux, offrant la flexibilit\u00e9 n\u00e9cessaire pour s\u2019adapter \u00e0 diff\u00e9rentes tailles et configurations de chargement dans votre remorque. Surtout si votre remorque n\u2019a qu\u2019une voie \u00e9lectrique verticale espac\u00e9e de 2 pieds. <\/p>\n<p class=\"x_MsoNormal\">N\u2019arrivez pas au quai de vos clients, avec un produit endommag\u00e9 simplement parce que vous n\u2019avez pas utilis\u00e9 les meilleurs produits pour le meilleur r\u00e9sultat. Un bon contr\u00f4le de la cargaison vous donnera un avantage concurrentiel et la fid\u00e9lisation des affaires qui est n\u00e9cessaire \u00e0 la croissance \u00e0 long terme de votre entreprise de camionnage. <\/p>\n<p class=\"x_MsoNormal\">S\u00e9curisez votre avenir en utilisant le meilleur \u00e9quipement de contr\u00f4le Cargo disponible.<\/p>\n","protected":false},"excerpt":{"rendered":"<p>Notre sangle logistique peut \u00eatre utilis\u00e9e pour arrimer des marchandises de diff\u00e9rentes formes et tailles, ce qui en fait un excellent ajout \u00e0 vos travaux d\u2019arrimage de piste logistique.<\/p>\n","protected":false},"featured_media":25161,"comment_status":"open","ping_status":"closed","template":"","meta":{"_acf_changed":false,"om_disable_all_campaigns":false,"site-sidebar-layout":"default","site-content-layout":"default","ast-site-content-layout":"default","site-content-style":"default","site-sidebar-style":"default","ast-global-header-display":"","ast-banner-title-visibility":"","ast-main-header-display":"","ast-hfb-above-header-display":"","ast-hfb-below-header-display":"","ast-hfb-mobile-header-display":"","site-post-title":"","ast-breadcrumbs-content":"","ast-featured-img":"","footer-sml-layout":"","ast-disable-related-posts":"","theme-transparent-header-meta":"default","adv-header-id-meta":"","stick-header-meta":"default","header-above-stick-meta":"","header-main-stick-meta":"","header-below-stick-meta":"","astra-migrate-meta-layouts":"default","ast-page-background-enabled":"default","ast-page-background-meta":{"desktop":{"background-color":"","background-image":"","background-repeat":"repeat","background-position":"center center","background-size":"auto","background-attachment":"scroll","background-type":"","background-media":"","overlay-type":"","overlay-color":"","overlay-opacity":"","overlay-gradient":""},"tablet":{"background-color":"","background-image":"","background-repeat":"repeat","background-position":"center center","background-size":"auto","background-attachment":"scroll","background-type":"","background-media":"","overlay-type":"","overlay-color":"","overlay-opacity":"","overlay-gradient":""},"mobile":{"background-color":"","background-image":"","background-repeat":"repeat","background-position":"center center","background-size":"auto","background-attachment":"scroll","background-type":"","background-media":"","overlay-type":"","overlay-color":"","overlay-opacity":"","overlay-gradient":""}},"ast-content-background-meta":{"desktop":{"background-color":"var(--ast-global-color-5)","background-image":"","background-repeat":"repeat","background-position":"center center","background-size":"auto","background-attachment":"scroll","background-type":"","background-media":"","overlay-type":"","overlay-color":"","overlay-opacity":"","overlay-gradient":""},"tablet":{"background-color":"var(--ast-global-color-5)","background-image":"","background-repeat":"repeat","background-position":"center center","background-size":"auto","background-attachment":"scroll","background-type":"","background-media":"","overlay-type":"","overlay-color":"","overlay-opacity":"","overlay-gradient":""},"mobile":{"background-color":"var(--ast-global-color-5)","background-image":"","background-repeat":"repeat","background-position":"center center","background-size":"auto","background-attachment":"scroll","background-type":"","background-media":"","overlay-type":"","overlay-color":"","overlay-opacity":"","overlay-gradient":""}}},"product_brand":[],"product_cat":[591,590],"product_tag":[],"class_list":{"0":"post-25813","1":"product","2":"type-product","3":"status-publish","4":"has-post-thumbnail","6":"product_cat-equipement-de-chargement","7":"product_cat-fourgon-dry","8":"desktop-align-center","9":"tablet-align-center","10":"mobile-align-center","11":"ast-product-gallery-layout-horizontal","12":"ast-product-gallery-with-no-image","13":"ast-product-tabs-layout-horizontal","15":"first","16":"instock","17":"taxable","18":"shipping-taxable","19":"purchasable","20":"product-type-simple"},"acf":[],"gallery_images":[],"_links":{"self":[{"href":"https:\/\/www.verduyntarps.ca\/fr\/wp-json\/wp\/v2\/product\/25813","targetHints":{"allow":["GET"]}}],"collection":[{"href":"https:\/\/www.verduyntarps.ca\/fr\/wp-json\/wp\/v2\/product"}],"about":[{"href":"https:\/\/www.verduyntarps.ca\/fr\/wp-json\/wp\/v2\/types\/product"}],"replies":[{"embeddable":true,"href":"https:\/\/www.verduyntarps.ca\/fr\/wp-json\/wp\/v2\/comments?post=25813"}],"wp:featuredmedia":[{"embeddable":true,"href":"https:\/\/www.verduyntarps.ca\/fr\/wp-json\/wp\/v2\/media\/25161"}],"wp:attachment":[{"href":"https:\/\/www.verduyntarps.ca\/fr\/wp-json\/wp\/v2\/media?parent=25813"}],"wp:term":[{"taxonomy":"product_brand","embeddable":true,"href":"https:\/\/www.verduyntarps.ca\/fr\/wp-json\/wp\/v2\/product_brand?post=25813"},{"taxonomy":"product_cat","embeddable":true,"href":"https:\/\/www.verduyntarps.ca\/fr\/wp-json\/wp\/v2\/product_cat?post=25813"},{"taxonomy":"product_tag","embeddable":true,"href":"https:\/\/www.verduyntarps.ca\/fr\/wp-json\/wp\/v2\/product_tag?post=25813"}],"curies":[{"name":"wp","href":"https:\/\/api.w.org\/{rel}","templated":true}]}}