{"id":25817,"date":"2024-06-18T13:11:19","date_gmt":"2024-06-18T17:11:19","guid":{"rendered":"https:\/\/www.verduyntarps.ca\/product\/black-powder-coated-trailer-stake-pocket-winch-inward-facing"},"modified":"2025-03-10T03:32:12","modified_gmt":"2025-03-10T07:32:12","slug":"black-powder-coated-trailer-stake-pocket-winch-inward-facing","status":"publish","type":"product","link":"https:\/\/www.verduyntarps.ca\/fr\/shop\/black-powder-coated-trailer-stake-pocket-winch-inward-facing","title":{"rendered":"Treuil de poche de piquet de remorque enduit de poudre noire. Tourn\u00e9 vers l\u2019int\u00e9rieur."},"content":{"rendered":"<p class=\"x_MsoNormal\"><b>Poche de piquet de remorque enduite de poudre noire<\/b><\/p>\n<p class=\"x_MsoNormal\"><b>Aper\u00e7u:<\/b> Am\u00e9liorez votre remorque avec notre poche de piquet de remorque durable et polyvalente enduite de poudre noire. Con\u00e7ue pour \u00eatre solide et durable, cette poche de piquet est le compl\u00e9ment parfait pour am\u00e9liorer la fonctionnalit\u00e9 de votre remorque avec ou sans syst\u00e8me de b\u00e2chage. Notre poche de piquet a une limite de charge de travail de 5400. Ce treuil de poche ne d\u00e9gradera pas vos sangles de treuil standard qui sont \u00e9valu\u00e9es pour 5400 ou moins. Une sangle de 2&nbsp;\u00bb, 3&nbsp;\u00bb ou 4&nbsp;\u00bb s\u2019ins\u00e8re dans le treuil de poche.    <\/p>\n<p class=\"x_MsoNormal\"><b>Caract\u00e9ristiques principales&nbsp;:<\/b><\/p>\n<ul type=\"disc\">\n<li class=\"x_MsoNormal\"><b>Construction durable :<\/b> Fabriqu\u00e9e en acier de haute qualit\u00e9, cette poche \u00e0 piquets assure une durabilit\u00e9 exceptionnelle.<\/li>\n<li class=\"x_MsoNormal\"><b>Rev\u00eatement en poudre noir :<\/b> L\u2019\u00e9l\u00e9gante finition enduite de poudre noire offre une protection sup\u00e9rieure contre la rouille, la corrosion et les \u00e9l\u00e9ments.<\/li>\n<li class=\"x_MsoNormal\"><b>Ajustement universel&nbsp;:<\/b> Con\u00e7u pour s\u2019adapter \u00e0 la plupart des poches de remorque standard.<\/li>\n<li class=\"x_MsoNormal\"><b>Installation facile :<\/b> Con\u00e7u pour une installation rapide et sans tracas, vous permettant de s\u00e9curiser votre chargement avec un minimum d\u2019effort.<\/li>\n<li class=\"x_MsoNormal\"><b>Utilisation polyvalente :<\/b> Con\u00e7u pour \u00eatre utilis\u00e9 avec des remorques\/marchepieds et d\u2019autres remorques utilitaires dot\u00e9es de syst\u00e8mes de b\u00e2chage.<\/li>\n<\/ul>\n<p class=\"x_MsoNormal\">\n<ul type=\"disc\">\n<li class=\"x_MsoNormal\"><b>Applications:<\/b><\/li>\n<\/ul>\n<ul type=\"disc\">\n<li class=\"x_MsoNormal\">Id\u00e9al pour les remorques utilitaires, les plateaux, les marchepieds et d\u2019autres types de remorques dot\u00e9es de syst\u00e8mes de b\u00e2chage. La plupart des syst\u00e8mes de b\u00e2chage se boulonnent dans la poche et ont du caoutchouc de chenille. Parfois, il peut \u00eatre difficile d\u2019alimenter les cha\u00eenes et les sangles, \u00e0 travers le caoutchouc de la chenille et en remontant. Notre treuil de poche facilite le processus d\u2019arrimage.   <\/li>\n<li class=\"x_MsoNormal\">La bobine \u00e0 3 barres permet de passer facilement les sangles.<\/li>\n<li class=\"x_MsoNormal\">Les sangles ne sont pas \u00e0 ranger dans ces treuils.<\/li>\n<li class=\"x_MsoNormal\">La tige du treuil de poche est livr\u00e9e avec 4 trous et un ensemble de goupille d\u2019attelage, ce qui le rend compatible avec tous les syst\u00e8mes de b\u00e2chage.<\/li>\n<li class=\"x_MsoNormal\">La potence \u00e9pousera les boulons de chenille qui se trouvent g\u00e9n\u00e9ralement au milieu des poches.<\/li>\n<li class=\"x_MsoNormal\">La conception orient\u00e9e vers l\u2019int\u00e9rieur n\u2019interf\u00e9rera pas avec l\u2019ouverture et la fermeture du syst\u00e8me de b\u00e2chage.<\/li>\n<\/ul>\n","protected":false},"excerpt":{"rendered":"<p>Installez ce rail de treuil sur vos remorques pour des attaches en douceur \u00e0 chaque fois.<\/p>\n","protected":false},"featured_media":25165,"comment_status":"open","ping_status":"closed","template":"","meta":{"_acf_changed":false,"om_disable_all_campaigns":false,"site-sidebar-layout":"default","site-content-layout":"default","ast-site-content-layout":"default","site-content-style":"default","site-sidebar-style":"default","ast-global-header-display":"","ast-banner-title-visibility":"","ast-main-header-display":"","ast-hfb-above-header-display":"","ast-hfb-below-header-display":"","ast-hfb-mobile-header-display":"","site-post-title":"","ast-breadcrumbs-content":"","ast-featured-img":"","footer-sml-layout":"","ast-disable-related-posts":"","theme-transparent-header-meta":"default","adv-header-id-meta":"","stick-header-meta":"default","header-above-stick-meta":"","header-main-stick-meta":"","header-below-stick-meta":"","astra-migrate-meta-layouts":"default","ast-page-background-enabled":"default","ast-page-background-meta":{"desktop":{"background-color":"","background-image":"","background-repeat":"repeat","background-position":"center center","background-size":"auto","background-attachment":"scroll","background-type":"","background-media":"","overlay-type":"","overlay-color":"","overlay-opacity":"","overlay-gradient":""},"tablet":{"background-color":"","background-image":"","background-repeat":"repeat","background-position":"center center","background-size":"auto","background-attachment":"scroll","background-type":"","background-media":"","overlay-type":"","overlay-color":"","overlay-opacity":"","overlay-gradient":""},"mobile":{"background-color":"","background-image":"","background-repeat":"repeat","background-position":"center center","background-size":"auto","background-attachment":"scroll","background-type":"","background-media":"","overlay-type":"","overlay-color":"","overlay-opacity":"","overlay-gradient":""}},"ast-content-background-meta":{"desktop":{"background-color":"var(--ast-global-color-5)","background-image":"","background-repeat":"repeat","background-position":"center center","background-size":"auto","background-attachment":"scroll","background-type":"","background-media":"","overlay-type":"","overlay-color":"","overlay-opacity":"","overlay-gradient":""},"tablet":{"background-color":"var(--ast-global-color-5)","background-image":"","background-repeat":"repeat","background-position":"center center","background-size":"auto","background-attachment":"scroll","background-type":"","background-media":"","overlay-type":"","overlay-color":"","overlay-opacity":"","overlay-gradient":""},"mobile":{"background-color":"var(--ast-global-color-5)","background-image":"","background-repeat":"repeat","background-position":"center center","background-size":"auto","background-attachment":"scroll","background-type":"","background-media":"","overlay-type":"","overlay-color":"","overlay-opacity":"","overlay-gradient":""}}},"product_brand":[],"product_cat":[591,629,601],"product_tag":[],"class_list":{"0":"post-25817","1":"product","2":"type-product","3":"status-publish","4":"has-post-thumbnail","6":"product_cat-equipement-de-chargement","7":"product_cat-treuils","8":"product_cat-treuils-accessoires","9":"desktop-align-center","10":"tablet-align-center","11":"mobile-align-center","12":"ast-product-gallery-layout-horizontal","13":"ast-product-tabs-layout-horizontal","15":"first","16":"instock","17":"taxable","18":"shipping-taxable","19":"purchasable","20":"product-type-simple"},"acf":[],"gallery_images":[19550],"_links":{"self":[{"href":"https:\/\/www.verduyntarps.ca\/fr\/wp-json\/wp\/v2\/product\/25817","targetHints":{"allow":["GET"]}}],"collection":[{"href":"https:\/\/www.verduyntarps.ca\/fr\/wp-json\/wp\/v2\/product"}],"about":[{"href":"https:\/\/www.verduyntarps.ca\/fr\/wp-json\/wp\/v2\/types\/product"}],"replies":[{"embeddable":true,"href":"https:\/\/www.verduyntarps.ca\/fr\/wp-json\/wp\/v2\/comments?post=25817"}],"wp:featuredmedia":[{"embeddable":true,"href":"https:\/\/www.verduyntarps.ca\/fr\/wp-json\/wp\/v2\/media\/25165"}],"wp:attachment":[{"href":"https:\/\/www.verduyntarps.ca\/fr\/wp-json\/wp\/v2\/media?parent=25817"}],"wp:term":[{"taxonomy":"product_brand","embeddable":true,"href":"https:\/\/www.verduyntarps.ca\/fr\/wp-json\/wp\/v2\/product_brand?post=25817"},{"taxonomy":"product_cat","embeddable":true,"href":"https:\/\/www.verduyntarps.ca\/fr\/wp-json\/wp\/v2\/product_cat?post=25817"},{"taxonomy":"product_tag","embeddable":true,"href":"https:\/\/www.verduyntarps.ca\/fr\/wp-json\/wp\/v2\/product_tag?post=25817"}],"curies":[{"name":"wp","href":"https:\/\/api.w.org\/{rel}","templated":true}]}}