{"id":25854,"date":"2023-11-08T09:44:31","date_gmt":"2023-11-08T14:44:31","guid":{"rendered":"https:\/\/www.verduyntarps.ca\/product\/4-piece-heavy-duty-lumber-tarp-set-24-x-18-8-drops-flaps-for-b-trains-blue"},"modified":"2025-03-10T03:34:33","modified_gmt":"2025-03-10T07:34:33","slug":"4-piece-heavy-duty-lumber-tarp-set-24-x-18-8-drops-flaps-for-b-trains-blue","status":"publish","type":"product","link":"https:\/\/www.verduyntarps.ca\/fr\/shop\/4-piece-heavy-duty-lumber-tarp-set-24-x-18-8-drops-flaps-for-b-trains-blue","title":{"rendered":"Ensemble de 4 b\u00e2ches en bois de sciage robustes &#8211; 24&#8242; x 18&#8242; (chutes de 8&#8242; + rabats) | pour B-Trains Bleu"},"content":{"rendered":"<p>B\u00e2che en bois &#8211; Ensemble de 4 pi\u00e8ces pour B-trains. Cet ensemble se compose de quatre b\u00e2ches de 24&#8242; x 18&#8242; avec rabat.<br \/>\nChaque b\u00e2che est livr\u00e9e avec 4 rang\u00e9es d\u2019anneaux en D et une rang\u00e9e d\u2019\u0153illets sur le pourtour. <\/p>\n<p>Le dessus et le rabat de cette b\u00e2che sont imperm\u00e9ables, r\u00e9sistants \u00e0 la pourriture, aux UV et \u00e0 l\u2019huile.<br \/>\nIl est fabriqu\u00e9 \u00e0 partir d\u2019un mat\u00e9riau PVC enduit de vinyle noir robuste d\u2019une \u00e9paisseur de 20 mil et pesant 18 oz par m\u00e8tre carr\u00e9.<br \/>\nLes ourlets sont des ourlets renforc\u00e9s par une corde et une sangle. Nous utilisons des \u0153illets en laiton # 4 environ tous les 24 \u00ab&nbsp;et nous cousons en bo\u00eete l\u2019anneau en D en acier inoxydable de 2&nbsp;\u00bb. Nos anneaux en D sont livr\u00e9s avec un rabat<br \/>\nd\u2019usure Notre mat\u00e9riau en vinyle de 18 oz a une fissure \u00e0 froid de -40. Chaque b\u00e2che p\u00e8se 70 livres.   <\/p>\n","protected":false},"excerpt":{"rendered":"<ul>\n<li>Extr\u00e9mit\u00e9s : 24&#8242; de large x 18&#8242; de long<\/li>\n<li>Rabat de 8&#8242; de large x 8&#8242; de long<\/li>\n<li>18 onces Vinyle <\/li>\n<li>4 rang\u00e9es d\u2019anneaux en D<\/li>\n<\/ul>\n","protected":false},"featured_media":25134,"comment_status":"open","ping_status":"closed","template":"","meta":{"_acf_changed":false,"om_disable_all_campaigns":false,"site-sidebar-layout":"default","site-content-layout":"default","ast-site-content-layout":"default","site-content-style":"default","site-sidebar-style":"default","ast-global-header-display":"","ast-banner-title-visibility":"","ast-main-header-display":"","ast-hfb-above-header-display":"","ast-hfb-below-header-display":"","ast-hfb-mobile-header-display":"","site-post-title":"","ast-breadcrumbs-content":"","ast-featured-img":"","footer-sml-layout":"","ast-disable-related-posts":"","theme-transparent-header-meta":"default","adv-header-id-meta":"","stick-header-meta":"default","header-above-stick-meta":"","header-main-stick-meta":"","header-below-stick-meta":"","astra-migrate-meta-layouts":"default","ast-page-background-enabled":"default","ast-page-background-meta":{"desktop":{"background-color":"","background-image":"","background-repeat":"repeat","background-position":"center center","background-size":"auto","background-attachment":"scroll","background-type":"","background-media":"","overlay-type":"","overlay-color":"","overlay-opacity":"","overlay-gradient":""},"tablet":{"background-color":"","background-image":"","background-repeat":"repeat","background-position":"center center","background-size":"auto","background-attachment":"scroll","background-type":"","background-media":"","overlay-type":"","overlay-color":"","overlay-opacity":"","overlay-gradient":""},"mobile":{"background-color":"","background-image":"","background-repeat":"repeat","background-position":"center center","background-size":"auto","background-attachment":"scroll","background-type":"","background-media":"","overlay-type":"","overlay-color":"","overlay-opacity":"","overlay-gradient":""}},"ast-content-background-meta":{"desktop":{"background-color":"var(--ast-global-color-5)","background-image":"","background-repeat":"repeat","background-position":"center center","background-size":"auto","background-attachment":"scroll","background-type":"","background-media":"","overlay-type":"","overlay-color":"","overlay-opacity":"","overlay-gradient":""},"tablet":{"background-color":"var(--ast-global-color-5)","background-image":"","background-repeat":"repeat","background-position":"center center","background-size":"auto","background-attachment":"scroll","background-type":"","background-media":"","overlay-type":"","overlay-color":"","overlay-opacity":"","overlay-gradient":""},"mobile":{"background-color":"var(--ast-global-color-5)","background-image":"","background-repeat":"repeat","background-position":"center center","background-size":"auto","background-attachment":"scroll","background-type":"","background-media":"","overlay-type":"","overlay-color":"","overlay-opacity":"","overlay-gradient":""}}},"product_brand":[],"product_cat":[608,605],"product_tag":[669,670,671],"class_list":{"0":"post-25854","1":"product","2":"type-product","3":"status-publish","4":"has-post-thumbnail","6":"product_cat-baches-de-bois-doeuvre","7":"product_cat-tarps-fr","8":"product_tag-b-train-fr","9":"product_tag-bois","10":"product_tag-chute-de-8-pi","11":"desktop-align-center","12":"tablet-align-center","13":"mobile-align-center","14":"ast-product-gallery-layout-horizontal","15":"ast-product-tabs-layout-horizontal","17":"first","18":"instock","19":"sale","20":"taxable","21":"shipping-taxable","22":"purchasable","23":"product-type-simple"},"acf":[],"gallery_images":[18984,18980,18985,18986,18993],"_links":{"self":[{"href":"https:\/\/www.verduyntarps.ca\/fr\/wp-json\/wp\/v2\/product\/25854","targetHints":{"allow":["GET"]}}],"collection":[{"href":"https:\/\/www.verduyntarps.ca\/fr\/wp-json\/wp\/v2\/product"}],"about":[{"href":"https:\/\/www.verduyntarps.ca\/fr\/wp-json\/wp\/v2\/types\/product"}],"replies":[{"embeddable":true,"href":"https:\/\/www.verduyntarps.ca\/fr\/wp-json\/wp\/v2\/comments?post=25854"}],"wp:featuredmedia":[{"embeddable":true,"href":"https:\/\/www.verduyntarps.ca\/fr\/wp-json\/wp\/v2\/media\/25134"}],"wp:attachment":[{"href":"https:\/\/www.verduyntarps.ca\/fr\/wp-json\/wp\/v2\/media?parent=25854"}],"wp:term":[{"taxonomy":"product_brand","embeddable":true,"href":"https:\/\/www.verduyntarps.ca\/fr\/wp-json\/wp\/v2\/product_brand?post=25854"},{"taxonomy":"product_cat","embeddable":true,"href":"https:\/\/www.verduyntarps.ca\/fr\/wp-json\/wp\/v2\/product_cat?post=25854"},{"taxonomy":"product_tag","embeddable":true,"href":"https:\/\/www.verduyntarps.ca\/fr\/wp-json\/wp\/v2\/product_tag?post=25854"}],"curies":[{"name":"wp","href":"https:\/\/api.w.org\/{rel}","templated":true}]}}