{"id":25860,"date":"2021-11-04T20:53:21","date_gmt":"2021-11-05T00:53:21","guid":{"rendered":"https:\/\/www.verduyntarps.ca\/product\/4-x-30-winch-strap-with-chain-end-vti"},"modified":"2025-03-10T03:45:35","modified_gmt":"2025-03-10T07:45:35","slug":"4-x-30-winch-strap-with-chain-end-vti","status":"publish","type":"product","link":"https:\/\/www.verduyntarps.ca\/fr\/shop\/4-x-30-winch-strap-with-chain-end-vti","title":{"rendered":"SANGLE DE TREUIL ROBUSTE DE 4 PO X 30 PI AVEC EXTR\u00c9MIT\u00c9 DE CHA\u00ceNE (VTI)"},"content":{"rendered":"<p>Vous les avez demand\u00e9s, et nous les avons livr\u00e9s ! Vous offrant plus pour moins, nos sangles VTI d\u00e9passent la limite de charge de travail standard de l\u2019industrie de 5 400 livres et sont comparables aux sangles Rhino Webb en mati\u00e8re de durabilit\u00e9 sup\u00e9rieure. Cette sangle de treuil de 4 pouces sur 30 pieds avec extr\u00e9mit\u00e9 de cha\u00eene est fabriqu\u00e9e \u00e0 partir de sangles de qualit\u00e9 sup\u00e9rieure, ce qui garantit que votre charge \u00e0 plat sera attach\u00e9e en toute s\u00e9curit\u00e9 \u00e0 l\u2019aide de n\u2019importe quel treuil standard et est parfaite pour une meilleure r\u00e9partition de la pression entre les charges telles que le rev\u00eatement ou les marchandises agricoles. Ces sangles de treuil sont rouges avec un bord noir et sont fabriqu\u00e9es \u00e0 partir de polyester enduit de r\u00e9sine pour un \u00e9tirement minimum et une r\u00e9sistance \u00e0 l\u2019usure maximale. Vous pouvez \u00eatre fier de savoir que chaque extension de cha\u00eene de 4 pouces est \u00e9quip\u00e9e d\u2019un crochet de serrage de cha\u00eene de grade 70 de 3\/8 po \u00e0 chaque extr\u00e9mit\u00e9 pour une fixation et un d\u00e9tachement rapides et faciles &#8211; un cran au-dessus des autres marques. Ces sangles robustes sont adapt\u00e9es \u00e0 l\u2019hiver &#8211; durables, r\u00e9sistantes et faciles \u00e0 rouler ! Toutes les sangles de treuil ont des \u00e9tiquettes cousues qui sont renforc\u00e9es et recouvertes de plastique pour prot\u00e9ger des d\u00e9chirures et de l\u2019effilochage, ce qui permet \u00e0 ces v\u00e9rifications DOT de se d\u00e9rouler plus facilement. Toutes les sangles de treuil sont \u00e9tiquet\u00e9es pour r\u00e9pondre aux normes CHP, aux normes nord-am\u00e9ricaines d\u2019arrimage des cargaisons propos\u00e9es, aux r\u00e9glementations du DOT et aux normes recommand\u00e9es par la WSTDA.       <\/p>\n<p>CMU : 2 724 kg \/ 6 000 lb<br \/>\nMBS : 8 172 kg \/ 18 000 livres<\/p>\n","protected":false},"excerpt":{"rendered":"<p>Vous les avez demand\u00e9s, et nous les avons livr\u00e9s ! Vous offrant plus pour moins, nos sangles VTI d\u00e9passent la limite de charge de travail standard de l\u2019industrie de 5 400 livres et sont comparables aux sangles Rhino Webb en mati\u00e8re de durabilit\u00e9 sup\u00e9rieure. Cette sangle de treuil de 4 pouces sur 30 pieds avec [&hellip;]<\/p>\n","protected":false},"featured_media":25042,"comment_status":"closed","ping_status":"closed","template":"","meta":{"_acf_changed":false,"om_disable_all_campaigns":false,"site-sidebar-layout":"default","site-content-layout":"default","ast-site-content-layout":"default","site-content-style":"default","site-sidebar-style":"default","ast-global-header-display":"","ast-banner-title-visibility":"","ast-main-header-display":"","ast-hfb-above-header-display":"","ast-hfb-below-header-display":"","ast-hfb-mobile-header-display":"","site-post-title":"","ast-breadcrumbs-content":"","ast-featured-img":"","footer-sml-layout":"","ast-disable-related-posts":"","theme-transparent-header-meta":"default","adv-header-id-meta":"","stick-header-meta":"default","header-above-stick-meta":"","header-main-stick-meta":"","header-below-stick-meta":"","astra-migrate-meta-layouts":"default","ast-page-background-enabled":"default","ast-page-background-meta":{"desktop":{"background-color":"","background-image":"","background-repeat":"repeat","background-position":"center center","background-size":"auto","background-attachment":"scroll","background-type":"","background-media":"","overlay-type":"","overlay-color":"","overlay-opacity":"","overlay-gradient":""},"tablet":{"background-color":"","background-image":"","background-repeat":"repeat","background-position":"center center","background-size":"auto","background-attachment":"scroll","background-type":"","background-media":"","overlay-type":"","overlay-color":"","overlay-opacity":"","overlay-gradient":""},"mobile":{"background-color":"","background-image":"","background-repeat":"repeat","background-position":"center center","background-size":"auto","background-attachment":"scroll","background-type":"","background-media":"","overlay-type":"","overlay-color":"","overlay-opacity":"","overlay-gradient":""}},"ast-content-background-meta":{"desktop":{"background-color":"var(--ast-global-color-5)","background-image":"","background-repeat":"repeat","background-position":"center center","background-size":"auto","background-attachment":"scroll","background-type":"","background-media":"","overlay-type":"","overlay-color":"","overlay-opacity":"","overlay-gradient":""},"tablet":{"background-color":"var(--ast-global-color-5)","background-image":"","background-repeat":"repeat","background-position":"center center","background-size":"auto","background-attachment":"scroll","background-type":"","background-media":"","overlay-type":"","overlay-color":"","overlay-opacity":"","overlay-gradient":""},"mobile":{"background-color":"var(--ast-global-color-5)","background-image":"","background-repeat":"repeat","background-position":"center center","background-size":"auto","background-attachment":"scroll","background-type":"","background-media":"","overlay-type":"","overlay-color":"","overlay-opacity":"","overlay-gradient":""}}},"product_brand":[],"product_cat":[591,594,595],"product_tag":[],"class_list":{"0":"post-25860","1":"product","2":"type-product","3":"status-publish","4":"has-post-thumbnail","6":"product_cat-equipement-de-chargement","7":"product_cat-sangles-darrimage","8":"product_cat-sangles-de-treuil","9":"desktop-align-center","10":"tablet-align-center","11":"mobile-align-center","12":"ast-product-gallery-layout-horizontal","13":"ast-product-tabs-layout-horizontal","15":"first","16":"instock","17":"taxable","18":"shipping-taxable","19":"purchasable","20":"product-type-simple"},"acf":[],"gallery_images":[25043,25044],"_links":{"self":[{"href":"https:\/\/www.verduyntarps.ca\/fr\/wp-json\/wp\/v2\/product\/25860","targetHints":{"allow":["GET"]}}],"collection":[{"href":"https:\/\/www.verduyntarps.ca\/fr\/wp-json\/wp\/v2\/product"}],"about":[{"href":"https:\/\/www.verduyntarps.ca\/fr\/wp-json\/wp\/v2\/types\/product"}],"replies":[{"embeddable":true,"href":"https:\/\/www.verduyntarps.ca\/fr\/wp-json\/wp\/v2\/comments?post=25860"}],"wp:featuredmedia":[{"embeddable":true,"href":"https:\/\/www.verduyntarps.ca\/fr\/wp-json\/wp\/v2\/media\/25042"}],"wp:attachment":[{"href":"https:\/\/www.verduyntarps.ca\/fr\/wp-json\/wp\/v2\/media?parent=25860"}],"wp:term":[{"taxonomy":"product_brand","embeddable":true,"href":"https:\/\/www.verduyntarps.ca\/fr\/wp-json\/wp\/v2\/product_brand?post=25860"},{"taxonomy":"product_cat","embeddable":true,"href":"https:\/\/www.verduyntarps.ca\/fr\/wp-json\/wp\/v2\/product_cat?post=25860"},{"taxonomy":"product_tag","embeddable":true,"href":"https:\/\/www.verduyntarps.ca\/fr\/wp-json\/wp\/v2\/product_tag?post=25860"}],"curies":[{"name":"wp","href":"https:\/\/api.w.org\/{rel}","templated":true}]}}