{"id":25861,"date":"2021-11-16T15:12:20","date_gmt":"2021-11-16T20:12:20","guid":{"rendered":"https:\/\/www.verduyntarps.ca\/product\/3-8-1-2-ratchet-chain-binder"},"modified":"2025-03-10T03:44:41","modified_gmt":"2025-03-10T07:44:41","slug":"3-8-1-2-ratchet-chain-binder","status":"publish","type":"product","link":"https:\/\/www.verduyntarps.ca\/fr\/shop\/3-8-1-2-ratchet-chain-binder","title":{"rendered":"3\/8&nbsp;\u00bb &#8211; 1\/2&nbsp;\u00bb Reliure \u00e0 cha\u00eene \u00e0 cliquet"},"content":{"rendered":"<p>Ce liant \u00e0 cha\u00eene \u00e0 cliquet robuste, parfois appel\u00e9 liant \u00e0 charge \u00e0 cliquet, dispose d\u2019une action \u00e0 cliquet douce pour resserrer les attaches de cha\u00eene. La grande poign\u00e9e \u00e0 cliquet offre un effet de levier \u00e9lev\u00e9 fonctionnant avec un m\u00e9canisme \u00e0 cliquet \u00e0 came et \u00e0 cliquet, et 2 crochets de pr\u00e9hension \u00e0 chape zingu\u00e9s jaunes pour s\u00e9curiser rapidement et facilement votre cargaison la plus lourde lorsqu\u2019elle est utilis\u00e9e avec une cha\u00eene de transport con\u00e7ue pour des limites de charge de poids similaires ou sup\u00e9rieures. <\/p>\n<p>Con\u00e7us pour la s\u00e9curit\u00e9 du conducteur, les classeurs \u00e0 cha\u00eene \u00e0 cliquet ne transf\u00e8rent pas la tension de la cha\u00eene dans la poign\u00e9e, r\u00e9duisant ou \u00e9liminant ainsi le risque de recul ou de \u00ab retour en arri\u00e8re \u00bb pour l\u2019op\u00e9rateur. Le m\u00e9canisme \u00e0 cliquet dispose \u00e9galement d\u2019une goupille d\u2019arr\u00eat de s\u00e9curit\u00e9 pour prot\u00e9ger davantage le propri\u00e9taire \/ l\u2019op\u00e9rateur. <\/p>\n<p>Ce liant \u00e0 cha\u00eene est fabriqu\u00e9 en acier forg\u00e9 et r\u00e9pond aux sp\u00e9cifications DOT et MTO, y compris un tampon transparent le long de la poign\u00e9e indiquant la limite de charge de travail et la r\u00e9sistance \u00e0 la rupture minimale. Si vous avez besoin d\u2019un \u00e9quipement de chargement robuste et fiable sur lequel vous pouvez compter, venez chez Verduyn. <\/p>\n<p>Besoin d\u2019aide pour d\u00e9terminer quelles cha\u00eenes associer \u00e0 ce classeur \u00e0 cliquet ? <a href=\"https:\/\/www.verduyntarps.com\/contact-us\" target=\"_blank\" rel=\"noopener\">Contactez nos sp\u00e9cialistes de l\u2019arrimage de votre cargaison<\/a>, et nous serons heureux de vous conseiller sur la fa\u00e7on de bien arrimer votre prochain chargement \u00e0 l\u2019aide d\u2019\u00e9quipements solides et durables de Verduyn.<\/p>\n<p>W.L.L &#8211; 12 000 livres<\/p>\n<p>M.B.S. &#8211; 36 000 livres<\/p>\n","protected":false},"excerpt":{"rendered":"<p>Ce liant \u00e0 cha\u00eene \u00e0 cliquet robuste, parfois appel\u00e9 liant \u00e0 charge \u00e0 cliquet, dispose d\u2019une action \u00e0 cliquet douce pour resserrer les attaches de cha\u00eene. La grande poign\u00e9e \u00e0 cliquet offre un effet de levier \u00e9lev\u00e9 fonctionnant avec un m\u00e9canisme \u00e0 cliquet \u00e0 came et \u00e0 cliquet, et 2 crochets de pr\u00e9hension \u00e0 chape [&hellip;]<\/p>\n","protected":false},"featured_media":25055,"comment_status":"closed","ping_status":"closed","template":"","meta":{"_acf_changed":false,"om_disable_all_campaigns":false,"site-sidebar-layout":"default","site-content-layout":"default","ast-site-content-layout":"default","site-content-style":"default","site-sidebar-style":"default","ast-global-header-display":"","ast-banner-title-visibility":"","ast-main-header-display":"","ast-hfb-above-header-display":"","ast-hfb-below-header-display":"","ast-hfb-mobile-header-display":"","site-post-title":"","ast-breadcrumbs-content":"","ast-featured-img":"","footer-sml-layout":"","ast-disable-related-posts":"","theme-transparent-header-meta":"default","adv-header-id-meta":"","stick-header-meta":"default","header-above-stick-meta":"","header-main-stick-meta":"","header-below-stick-meta":"","astra-migrate-meta-layouts":"default","ast-page-background-enabled":"default","ast-page-background-meta":{"desktop":{"background-color":"","background-image":"","background-repeat":"repeat","background-position":"center center","background-size":"auto","background-attachment":"scroll","background-type":"","background-media":"","overlay-type":"","overlay-color":"","overlay-opacity":"","overlay-gradient":""},"tablet":{"background-color":"","background-image":"","background-repeat":"repeat","background-position":"center center","background-size":"auto","background-attachment":"scroll","background-type":"","background-media":"","overlay-type":"","overlay-color":"","overlay-opacity":"","overlay-gradient":""},"mobile":{"background-color":"","background-image":"","background-repeat":"repeat","background-position":"center center","background-size":"auto","background-attachment":"scroll","background-type":"","background-media":"","overlay-type":"","overlay-color":"","overlay-opacity":"","overlay-gradient":""}},"ast-content-background-meta":{"desktop":{"background-color":"var(--ast-global-color-5)","background-image":"","background-repeat":"repeat","background-position":"center center","background-size":"auto","background-attachment":"scroll","background-type":"","background-media":"","overlay-type":"","overlay-color":"","overlay-opacity":"","overlay-gradient":""},"tablet":{"background-color":"var(--ast-global-color-5)","background-image":"","background-repeat":"repeat","background-position":"center center","background-size":"auto","background-attachment":"scroll","background-type":"","background-media":"","overlay-type":"","overlay-color":"","overlay-opacity":"","overlay-gradient":""},"mobile":{"background-color":"var(--ast-global-color-5)","background-image":"","background-repeat":"repeat","background-position":"center center","background-size":"auto","background-attachment":"scroll","background-type":"","background-media":"","overlay-type":"","overlay-color":"","overlay-opacity":"","overlay-gradient":""}}},"product_brand":[],"product_cat":[592,591,593],"product_tag":[],"class_list":{"0":"post-25861","1":"product","2":"type-product","3":"status-publish","4":"has-post-thumbnail","6":"product_cat-chaines-et-tendeurs","7":"product_cat-equipement-de-chargement","8":"product_cat-tendeurs-a-chaine","9":"desktop-align-center","10":"tablet-align-center","11":"mobile-align-center","12":"ast-product-gallery-layout-horizontal","13":"ast-product-tabs-layout-horizontal","15":"first","16":"instock","17":"taxable","18":"shipping-taxable","19":"purchasable","20":"product-type-simple"},"acf":[],"gallery_images":[25056,25057,25058],"_links":{"self":[{"href":"https:\/\/www.verduyntarps.ca\/fr\/wp-json\/wp\/v2\/product\/25861","targetHints":{"allow":["GET"]}}],"collection":[{"href":"https:\/\/www.verduyntarps.ca\/fr\/wp-json\/wp\/v2\/product"}],"about":[{"href":"https:\/\/www.verduyntarps.ca\/fr\/wp-json\/wp\/v2\/types\/product"}],"replies":[{"embeddable":true,"href":"https:\/\/www.verduyntarps.ca\/fr\/wp-json\/wp\/v2\/comments?post=25861"}],"wp:featuredmedia":[{"embeddable":true,"href":"https:\/\/www.verduyntarps.ca\/fr\/wp-json\/wp\/v2\/media\/25055"}],"wp:attachment":[{"href":"https:\/\/www.verduyntarps.ca\/fr\/wp-json\/wp\/v2\/media?parent=25861"}],"wp:term":[{"taxonomy":"product_brand","embeddable":true,"href":"https:\/\/www.verduyntarps.ca\/fr\/wp-json\/wp\/v2\/product_brand?post=25861"},{"taxonomy":"product_cat","embeddable":true,"href":"https:\/\/www.verduyntarps.ca\/fr\/wp-json\/wp\/v2\/product_cat?post=25861"},{"taxonomy":"product_tag","embeddable":true,"href":"https:\/\/www.verduyntarps.ca\/fr\/wp-json\/wp\/v2\/product_tag?post=25861"}],"curies":[{"name":"wp","href":"https:\/\/api.w.org\/{rel}","templated":true}]}}