{"id":25863,"date":"2021-11-22T10:36:18","date_gmt":"2021-11-22T15:36:18","guid":{"rendered":"https:\/\/www.verduyntarps.ca\/product\/16-x-20-heavy-duty-utility-ice-rink-tarp-white-6-oz"},"modified":"2025-03-10T03:44:42","modified_gmt":"2025-03-10T07:44:42","slug":"16-x-20-heavy-duty-utility-ice-rink-tarp-white-6-oz","status":"publish","type":"product","link":"https:\/\/www.verduyntarps.ca\/fr\/shop\/16-x-20-heavy-duty-utility-ice-rink-tarp-white-6-oz","title":{"rendered":"B\u00e2che utilitaire \/ patinoire robuste de 16 pi x 20 pi &#8211; Blanc (6 oz)"},"content":{"rendered":"<ul>\n<li>B\u00e2che enduite de poly\u00e9thyl\u00e8ne tiss\u00e9 super r\u00e9sistant 6 oz. 14&#215;14 Weave <\/li>\n<li>100&nbsp;% HDPE et LDPE vierges utilis\u00e9s<\/li>\n<li>Ourlet renforc\u00e9 en corde sur le pourtour<\/li>\n<li>\u0152illets en aluminium r\u00e9sistant \u00e0 la rouille environ tous les 36 pouces<\/li>\n<li>Coins renforc\u00e9s pour une plus grande r\u00e9sistance<\/li>\n<li>\u00c9tanche \u00e0 l\u2019eau, \u00e0 la d\u00e9chirure, \u00e0 la moisissure<\/li>\n<li>Id\u00e9al pour le transport, l\u2019industrie, l\u2019agriculture, la marine, la construction, la couverture du sol et les services publics<\/li>\n<\/ul>\n","protected":false},"excerpt":{"rendered":"<p>B\u00e2che enduite de poly\u00e9thyl\u00e8ne tiss\u00e9 super r\u00e9sistant 6 oz. 14&#215;14 Weave 100&nbsp;% HDPE et LDPE vierges utilis\u00e9s Ourlet renforc\u00e9 en corde sur le pourtour \u0152illets en aluminium r\u00e9sistant \u00e0 la rouille environ tous les 36 pouces Coins renforc\u00e9s pour une plus grande r\u00e9sistance \u00c9tanche \u00e0 l\u2019eau, \u00e0 la d\u00e9chirure, \u00e0 la moisissure Id\u00e9al pour le [&hellip;]<\/p>\n","protected":false},"featured_media":25059,"comment_status":"open","ping_status":"closed","template":"","meta":{"_acf_changed":false,"om_disable_all_campaigns":false,"site-sidebar-layout":"default","site-content-layout":"default","ast-site-content-layout":"default","site-content-style":"default","site-sidebar-style":"default","ast-global-header-display":"","ast-banner-title-visibility":"","ast-main-header-display":"","ast-hfb-above-header-display":"","ast-hfb-below-header-display":"","ast-hfb-mobile-header-display":"","site-post-title":"","ast-breadcrumbs-content":"","ast-featured-img":"","footer-sml-layout":"","ast-disable-related-posts":"","theme-transparent-header-meta":"default","adv-header-id-meta":"","stick-header-meta":"","header-above-stick-meta":"","header-main-stick-meta":"","header-below-stick-meta":"","astra-migrate-meta-layouts":"default","ast-page-background-enabled":"default","ast-page-background-meta":{"desktop":{"background-color":"","background-image":"","background-repeat":"repeat","background-position":"center center","background-size":"auto","background-attachment":"scroll","background-type":"","background-media":"","overlay-type":"","overlay-color":"","overlay-opacity":"","overlay-gradient":""},"tablet":{"background-color":"","background-image":"","background-repeat":"repeat","background-position":"center center","background-size":"auto","background-attachment":"scroll","background-type":"","background-media":"","overlay-type":"","overlay-color":"","overlay-opacity":"","overlay-gradient":""},"mobile":{"background-color":"","background-image":"","background-repeat":"repeat","background-position":"center center","background-size":"auto","background-attachment":"scroll","background-type":"","background-media":"","overlay-type":"","overlay-color":"","overlay-opacity":"","overlay-gradient":""}},"ast-content-background-meta":{"desktop":{"background-color":"var(--ast-global-color-5)","background-image":"","background-repeat":"repeat","background-position":"center center","background-size":"auto","background-attachment":"scroll","background-type":"","background-media":"","overlay-type":"","overlay-color":"","overlay-opacity":"","overlay-gradient":""},"tablet":{"background-color":"var(--ast-global-color-5)","background-image":"","background-repeat":"repeat","background-position":"center center","background-size":"auto","background-attachment":"scroll","background-type":"","background-media":"","overlay-type":"","overlay-color":"","overlay-opacity":"","overlay-gradient":""},"mobile":{"background-color":"var(--ast-global-color-5)","background-image":"","background-repeat":"repeat","background-position":"center center","background-size":"auto","background-attachment":"scroll","background-type":"","background-media":"","overlay-type":"","overlay-color":"","overlay-opacity":"","overlay-gradient":""}}},"product_brand":[],"product_cat":[610,605],"product_tag":[],"class_list":{"0":"post-25863","1":"product","2":"type-product","3":"status-publish","4":"has-post-thumbnail","6":"product_cat-baches-utilitaires","7":"product_cat-tarps-fr","8":"desktop-align-center","9":"tablet-align-center","10":"mobile-align-center","11":"ast-product-gallery-layout-horizontal","12":"ast-product-tabs-layout-horizontal","14":"first","15":"instock","16":"taxable","17":"shipping-taxable","18":"purchasable","19":"product-type-simple"},"acf":[],"gallery_images":[18868,18873,18872,18870,18871,18869],"_links":{"self":[{"href":"https:\/\/www.verduyntarps.ca\/fr\/wp-json\/wp\/v2\/product\/25863","targetHints":{"allow":["GET"]}}],"collection":[{"href":"https:\/\/www.verduyntarps.ca\/fr\/wp-json\/wp\/v2\/product"}],"about":[{"href":"https:\/\/www.verduyntarps.ca\/fr\/wp-json\/wp\/v2\/types\/product"}],"replies":[{"embeddable":true,"href":"https:\/\/www.verduyntarps.ca\/fr\/wp-json\/wp\/v2\/comments?post=25863"}],"wp:featuredmedia":[{"embeddable":true,"href":"https:\/\/www.verduyntarps.ca\/fr\/wp-json\/wp\/v2\/media\/25059"}],"wp:attachment":[{"href":"https:\/\/www.verduyntarps.ca\/fr\/wp-json\/wp\/v2\/media?parent=25863"}],"wp:term":[{"taxonomy":"product_brand","embeddable":true,"href":"https:\/\/www.verduyntarps.ca\/fr\/wp-json\/wp\/v2\/product_brand?post=25863"},{"taxonomy":"product_cat","embeddable":true,"href":"https:\/\/www.verduyntarps.ca\/fr\/wp-json\/wp\/v2\/product_cat?post=25863"},{"taxonomy":"product_tag","embeddable":true,"href":"https:\/\/www.verduyntarps.ca\/fr\/wp-json\/wp\/v2\/product_tag?post=25863"}],"curies":[{"name":"wp","href":"https:\/\/api.w.org\/{rel}","templated":true}]}}