{"id":25865,"date":"2023-02-21T17:18:45","date_gmt":"2023-02-21T22:18:45","guid":{"rendered":"https:\/\/www.verduyntarps.ca\/product\/3-x-30-ratchet-assembly-with-flat-hook-vti"},"modified":"2025-03-10T03:43:06","modified_gmt":"2025-03-10T07:43:06","slug":"3-x-30-ratchet-assembly-with-flat-hook-vti","status":"publish","type":"product","link":"https:\/\/www.verduyntarps.ca\/fr\/shop\/3-x-30-ratchet-assembly-with-flat-hook-vti","title":{"rendered":"ENSEMBLE \u00c0 CLIQUET DE 4&#8243; X 30&#8242; AVEC CROCHET PLAT (VTI)"},"content":{"rendered":"<p>Vous les avez demand\u00e9s, et nous les avons livr\u00e9s ! Vous offrant plus pour moins, cet assemblage se compose de la sangle \u00e0 crochet plat de 30 pieds sur 4 pouces, du cliquet de 4 pouces et de la sangle de queue \u00e0 cliquet. Vous pouvez \u00eatre fier de savoir que toute charge sera s\u00fbre et s\u00e9curis\u00e9e par l\u2019action de serrage du cliquet, car ces sangles sont parfaites pour une utilisation sur un pont de marche ou une remorque \u00e0 plateau pour s\u00e9curiser la cargaison l\u00e0 o\u00f9 les treuils ne fonctionnent tout simplement pas. Ces sangles sont rouges avec un bord noir et sont fabriqu\u00e9es en polyester enduit de r\u00e9sine pour une \u00e9lasticit\u00e9 minimale et une r\u00e9sistance maximale \u00e0 l\u2019usure. Ces sangles robustes et de qualit\u00e9 sup\u00e9rieure offrent la r\u00e9sistance et la durabilit\u00e9 exig\u00e9es dans les exigences d\u2019arrimage \u00e0 plat et sont comparables aux sangles Rhino Webb en mati\u00e8re de durabilit\u00e9. Les \u00e9tiquettes cousues, qui sont renforc\u00e9es et recouvertes de plastique, prot\u00e8gent des d\u00e9chirures et de l\u2019effilochage, ce qui permet aux contr\u00f4les DOT de se d\u00e9rouler plus facilement. Toutes les sangles \u00e0 cliquet sont \u00e9tiquet\u00e9es pour r\u00e9pondre aux normes CHP, aux normes nord-am\u00e9ricaines d\u2019arrimage de cargaison propos\u00e9es, aux r\u00e9glementations du DOT et aux normes recommand\u00e9es par la WSTDA.    <\/p>\n<p>CMU : 2 724 kg \/ 6 000 lb<br \/>\nMBS : 8 172 kg \/ 18 000 livres<\/p>\n","protected":false},"excerpt":{"rendered":"<p>Vous les avez demand\u00e9s, et nous les avons livr\u00e9s ! Vous offrant plus pour moins, cet assemblage se compose de la sangle \u00e0 crochet plat de 30 pieds sur 4 pouces, du cliquet de 4 pouces et de la sangle de queue \u00e0 cliquet. Vous pouvez \u00eatre fier de savoir que toute charge sera s\u00fbre [&hellip;]<\/p>\n","protected":false},"featured_media":25079,"comment_status":"closed","ping_status":"closed","template":"","meta":{"_acf_changed":false,"om_disable_all_campaigns":false,"site-sidebar-layout":"default","site-content-layout":"default","ast-site-content-layout":"default","site-content-style":"default","site-sidebar-style":"default","ast-global-header-display":"","ast-banner-title-visibility":"","ast-main-header-display":"","ast-hfb-above-header-display":"","ast-hfb-below-header-display":"","ast-hfb-mobile-header-display":"","site-post-title":"","ast-breadcrumbs-content":"","ast-featured-img":"","footer-sml-layout":"","ast-disable-related-posts":"","theme-transparent-header-meta":"default","adv-header-id-meta":"","stick-header-meta":"","header-above-stick-meta":"","header-main-stick-meta":"","header-below-stick-meta":"","astra-migrate-meta-layouts":"default","ast-page-background-enabled":"default","ast-page-background-meta":{"desktop":{"background-color":"","background-image":"","background-repeat":"repeat","background-position":"center center","background-size":"auto","background-attachment":"scroll","background-type":"","background-media":"","overlay-type":"","overlay-color":"","overlay-opacity":"","overlay-gradient":""},"tablet":{"background-color":"","background-image":"","background-repeat":"repeat","background-position":"center center","background-size":"auto","background-attachment":"scroll","background-type":"","background-media":"","overlay-type":"","overlay-color":"","overlay-opacity":"","overlay-gradient":""},"mobile":{"background-color":"","background-image":"","background-repeat":"repeat","background-position":"center center","background-size":"auto","background-attachment":"scroll","background-type":"","background-media":"","overlay-type":"","overlay-color":"","overlay-opacity":"","overlay-gradient":""}},"ast-content-background-meta":{"desktop":{"background-color":"var(--ast-global-color-5)","background-image":"","background-repeat":"repeat","background-position":"center center","background-size":"auto","background-attachment":"scroll","background-type":"","background-media":"","overlay-type":"","overlay-color":"","overlay-opacity":"","overlay-gradient":""},"tablet":{"background-color":"var(--ast-global-color-5)","background-image":"","background-repeat":"repeat","background-position":"center center","background-size":"auto","background-attachment":"scroll","background-type":"","background-media":"","overlay-type":"","overlay-color":"","overlay-opacity":"","overlay-gradient":""},"mobile":{"background-color":"var(--ast-global-color-5)","background-image":"","background-repeat":"repeat","background-position":"center center","background-size":"auto","background-attachment":"scroll","background-type":"","background-media":"","overlay-type":"","overlay-color":"","overlay-opacity":"","overlay-gradient":""}}},"product_brand":[],"product_cat":[591,597,594],"product_tag":[],"class_list":{"0":"post-25865","1":"product","2":"type-product","3":"status-publish","4":"has-post-thumbnail","6":"product_cat-equipement-de-chargement","7":"product_cat-sangles-a-cliquet","8":"product_cat-sangles-darrimage","9":"desktop-align-center","10":"tablet-align-center","11":"mobile-align-center","12":"ast-product-gallery-layout-horizontal","13":"ast-product-tabs-layout-horizontal","15":"first","16":"instock","17":"taxable","18":"shipping-taxable","19":"purchasable","20":"product-type-simple"},"acf":[],"gallery_images":[18942,18943],"_links":{"self":[{"href":"https:\/\/www.verduyntarps.ca\/fr\/wp-json\/wp\/v2\/product\/25865","targetHints":{"allow":["GET"]}}],"collection":[{"href":"https:\/\/www.verduyntarps.ca\/fr\/wp-json\/wp\/v2\/product"}],"about":[{"href":"https:\/\/www.verduyntarps.ca\/fr\/wp-json\/wp\/v2\/types\/product"}],"replies":[{"embeddable":true,"href":"https:\/\/www.verduyntarps.ca\/fr\/wp-json\/wp\/v2\/comments?post=25865"}],"wp:featuredmedia":[{"embeddable":true,"href":"https:\/\/www.verduyntarps.ca\/fr\/wp-json\/wp\/v2\/media\/25079"}],"wp:attachment":[{"href":"https:\/\/www.verduyntarps.ca\/fr\/wp-json\/wp\/v2\/media?parent=25865"}],"wp:term":[{"taxonomy":"product_brand","embeddable":true,"href":"https:\/\/www.verduyntarps.ca\/fr\/wp-json\/wp\/v2\/product_brand?post=25865"},{"taxonomy":"product_cat","embeddable":true,"href":"https:\/\/www.verduyntarps.ca\/fr\/wp-json\/wp\/v2\/product_cat?post=25865"},{"taxonomy":"product_tag","embeddable":true,"href":"https:\/\/www.verduyntarps.ca\/fr\/wp-json\/wp\/v2\/product_tag?post=25865"}],"curies":[{"name":"wp","href":"https:\/\/api.w.org\/{rel}","templated":true}]}}