{"id":25869,"date":"2023-05-24T12:29:13","date_gmt":"2023-05-24T16:29:13","guid":{"rendered":"https:\/\/www.verduyntarps.ca\/product\/18x-18x-36-verduyn-storage-box-checker-plated"},"modified":"2025-03-10T03:43:02","modified_gmt":"2025-03-10T07:43:02","slug":"18x-18x-36-verduyn-storage-box-checker-plated","status":"publish","type":"product","link":"https:\/\/www.verduyntarps.ca\/fr\/produit\/18x-18x-36-verduyn-storage-box-checker-plated","title":{"rendered":"18&#8243;x 18&#8243;x 36&nbsp;\u00bb Verduyn Bo\u00eete de rangement &#8211; T\u00f4le stri\u00e9e"},"content":{"rendered":"<p>Rien ne fait plus mal au ch\u00e9quier que d\u2019\u00eatre victime d\u2019un vol. Gardez vos outils avec nos bo\u00eetes \u00e0 outils de soubassement \u00e0 came haute s\u00e9curit\u00e9. Avec des poign\u00e9es en acier inoxydable solide, l\u2019ajout de nos brides de s\u00e9curit\u00e9 uniques, ainsi que notre construction en aluminium robuste, vous pouvez \u00eatre s\u00fbr que vous avez fait un excellent investissement dans votre rangement d\u2019outils. Plus d\u2019outils vol\u00e9s et plus de profits perdus. Vous ne pouvez pas vous permettre de ne pas en avoir un.    <\/p>\n<p>Nous offrons \u00e9galement des services d\u2019installation complets&nbsp;!<\/p>\n","protected":false},"excerpt":{"rendered":"<p>Avec cette bo\u00eete de rangement sur votre camion, plus de sangles de b\u00e2che et de poign\u00e9es en T cass\u00e9es, ni d\u2019outils vol\u00e9s et de profits perdus.<\/p>\n","protected":false},"featured_media":25089,"comment_status":"open","ping_status":"closed","template":"","meta":{"_acf_changed":false,"om_disable_all_campaigns":false,"site-sidebar-layout":"default","site-content-layout":"default","ast-site-content-layout":"default","site-content-style":"default","site-sidebar-style":"default","ast-global-header-display":"","ast-banner-title-visibility":"","ast-main-header-display":"","ast-hfb-above-header-display":"","ast-hfb-below-header-display":"","ast-hfb-mobile-header-display":"","site-post-title":"","ast-breadcrumbs-content":"","ast-featured-img":"","footer-sml-layout":"","ast-disable-related-posts":"","theme-transparent-header-meta":"default","adv-header-id-meta":"","stick-header-meta":"","header-above-stick-meta":"","header-main-stick-meta":"","header-below-stick-meta":"","astra-migrate-meta-layouts":"default","ast-page-background-enabled":"default","ast-page-background-meta":{"desktop":{"background-color":"","background-image":"","background-repeat":"repeat","background-position":"center center","background-size":"auto","background-attachment":"scroll","background-type":"","background-media":"","overlay-type":"","overlay-color":"","overlay-opacity":"","overlay-gradient":""},"tablet":{"background-color":"","background-image":"","background-repeat":"repeat","background-position":"center center","background-size":"auto","background-attachment":"scroll","background-type":"","background-media":"","overlay-type":"","overlay-color":"","overlay-opacity":"","overlay-gradient":""},"mobile":{"background-color":"","background-image":"","background-repeat":"repeat","background-position":"center center","background-size":"auto","background-attachment":"scroll","background-type":"","background-media":"","overlay-type":"","overlay-color":"","overlay-opacity":"","overlay-gradient":""}},"ast-content-background-meta":{"desktop":{"background-color":"var(--ast-global-color-5)","background-image":"","background-repeat":"repeat","background-position":"center center","background-size":"auto","background-attachment":"scroll","background-type":"","background-media":"","overlay-type":"","overlay-color":"","overlay-opacity":"","overlay-gradient":""},"tablet":{"background-color":"var(--ast-global-color-5)","background-image":"","background-repeat":"repeat","background-position":"center center","background-size":"auto","background-attachment":"scroll","background-type":"","background-media":"","overlay-type":"","overlay-color":"","overlay-opacity":"","overlay-gradient":""},"mobile":{"background-color":"var(--ast-global-color-5)","background-image":"","background-repeat":"repeat","background-position":"center center","background-size":"auto","background-attachment":"scroll","background-type":"","background-media":"","overlay-type":"","overlay-color":"","overlay-opacity":"","overlay-gradient":""}}},"product_brand":[],"product_cat":[633,641],"product_tag":[],"class_list":{"0":"post-25869","1":"product","2":"type-product","3":"status-publish","4":"has-post-thumbnail","6":"product_cat-accessoires-pour-camions-remorques","7":"product_cat-boites-de-rangement-accessoires","8":"desktop-align-center","9":"tablet-align-center","10":"mobile-align-center","11":"ast-product-gallery-layout-horizontal","12":"ast-product-tabs-layout-horizontal","14":"first","15":"instock","16":"taxable","17":"shipping-taxable","18":"purchasable","19":"product-type-simple"},"acf":[],"gallery_images":[18952,18953,18954,18955],"_links":{"self":[{"href":"https:\/\/www.verduyntarps.ca\/fr\/wp-json\/wp\/v2\/product\/25869","targetHints":{"allow":["GET"]}}],"collection":[{"href":"https:\/\/www.verduyntarps.ca\/fr\/wp-json\/wp\/v2\/product"}],"about":[{"href":"https:\/\/www.verduyntarps.ca\/fr\/wp-json\/wp\/v2\/types\/product"}],"replies":[{"embeddable":true,"href":"https:\/\/www.verduyntarps.ca\/fr\/wp-json\/wp\/v2\/comments?post=25869"}],"wp:featuredmedia":[{"embeddable":true,"href":"https:\/\/www.verduyntarps.ca\/fr\/wp-json\/wp\/v2\/media\/25089"}],"wp:attachment":[{"href":"https:\/\/www.verduyntarps.ca\/fr\/wp-json\/wp\/v2\/media?parent=25869"}],"wp:term":[{"taxonomy":"product_brand","embeddable":true,"href":"https:\/\/www.verduyntarps.ca\/fr\/wp-json\/wp\/v2\/product_brand?post=25869"},{"taxonomy":"product_cat","embeddable":true,"href":"https:\/\/www.verduyntarps.ca\/fr\/wp-json\/wp\/v2\/product_cat?post=25869"},{"taxonomy":"product_tag","embeddable":true,"href":"https:\/\/www.verduyntarps.ca\/fr\/wp-json\/wp\/v2\/product_tag?post=25869"}],"curies":[{"name":"wp","href":"https:\/\/api.w.org\/{rel}","templated":true}]}}