{"id":25904,"date":"2020-06-15T12:39:25","date_gmt":"2020-06-15T16:39:25","guid":{"rendered":"https:\/\/www.verduyntarps.ca\/product\/2-piece-tarp-set-with-6-drops"},"modified":"2025-03-10T03:57:33","modified_gmt":"2025-03-10T07:57:33","slug":"2-piece-tarp-set-with-6-drops","status":"publish","type":"product","link":"https:\/\/www.verduyntarps.ca\/fr\/shop\/2-piece-tarp-set-with-6-drops","title":{"rendered":"Ensemble de 2 b\u00e2ches en acier robuste &#8211; 20&#8242; x 27&#8242; (chutes de 6&#8242; + rabats)"},"content":{"rendered":"<p>Cet ensemble se compose de <strong>deux<\/strong> b\u00e2ches, toutes deux de 20&#8242; par 27&#8242; avec rabats et chutes de 6&#8242;. Chaque b\u00e2che a trois rang\u00e9es d\u2019anneaux en D sur la largeur et une rang\u00e9e d\u2019\u0153illets sur tous les c\u00f4t\u00e9s. <\/p>\n<p>Chaque b\u00e2che est imperm\u00e9able, r\u00e9sistante \u00e0 la pourriture, aux UV et \u00e0 l\u2019huile.<br \/>\nCes b\u00e2ches sont fabriqu\u00e9es \u00e0 partir d\u2019un mat\u00e9riau de b\u00e2che en PVC enduit de vinyle noir robuste d\u2019une \u00e9paisseur de 20 mil et pesant 18 oz par m\u00e8tre carr\u00e9.<br \/>\nLes ourlets sont renforc\u00e9s par une corde et des sangles. Nous utilisons des \u0153illets en laiton #4 environ tous les 24&nbsp;\u00bb et nous cousons en bo\u00eete tous les anneaux en D en acier inoxydable de 2&nbsp;\u00bb. Nos anneaux en D sont \u00e9quip\u00e9s de rabats d\u2019usure.<br \/>\nNotre mat\u00e9riau en vinyle de 18 oz a un indice de fissuration \u00e0 froid de -40 \u00b0C.    <\/p>\n<p>Poids total de l\u2019ensemble : 176 lb (88 lb chacun) <\/p>\n","protected":false},"excerpt":{"rendered":"<ul>\n<li>20&#8242; de large x 27&#8242; de long<\/li>\n<li>Rabat de 8&#8242; de large x 6&#8242; de long<\/li>\n<li>18 onces Vinyle <\/li>\n<li>3 rang\u00e9es d\u2019anneaux en D<\/li>\n<\/ul>\n","protected":false},"featured_media":24996,"comment_status":"open","ping_status":"closed","template":"","meta":{"_acf_changed":false,"om_disable_all_campaigns":false,"site-sidebar-layout":"default","site-content-layout":"default","ast-site-content-layout":"default","site-content-style":"default","site-sidebar-style":"default","ast-global-header-display":"","ast-banner-title-visibility":"","ast-main-header-display":"","ast-hfb-above-header-display":"","ast-hfb-below-header-display":"","ast-hfb-mobile-header-display":"","site-post-title":"","ast-breadcrumbs-content":"","ast-featured-img":"","footer-sml-layout":"","ast-disable-related-posts":"","theme-transparent-header-meta":"default","adv-header-id-meta":"","stick-header-meta":"default","header-above-stick-meta":"","header-main-stick-meta":"","header-below-stick-meta":"","astra-migrate-meta-layouts":"default","ast-page-background-enabled":"default","ast-page-background-meta":{"desktop":{"background-color":"","background-image":"","background-repeat":"repeat","background-position":"center center","background-size":"auto","background-attachment":"scroll","background-type":"","background-media":"","overlay-type":"","overlay-color":"","overlay-opacity":"","overlay-gradient":""},"tablet":{"background-color":"","background-image":"","background-repeat":"repeat","background-position":"center center","background-size":"auto","background-attachment":"scroll","background-type":"","background-media":"","overlay-type":"","overlay-color":"","overlay-opacity":"","overlay-gradient":""},"mobile":{"background-color":"","background-image":"","background-repeat":"repeat","background-position":"center center","background-size":"auto","background-attachment":"scroll","background-type":"","background-media":"","overlay-type":"","overlay-color":"","overlay-opacity":"","overlay-gradient":""}},"ast-content-background-meta":{"desktop":{"background-color":"var(--ast-global-color-5)","background-image":"","background-repeat":"repeat","background-position":"center center","background-size":"auto","background-attachment":"scroll","background-type":"","background-media":"","overlay-type":"","overlay-color":"","overlay-opacity":"","overlay-gradient":""},"tablet":{"background-color":"var(--ast-global-color-5)","background-image":"","background-repeat":"repeat","background-position":"center center","background-size":"auto","background-attachment":"scroll","background-type":"","background-media":"","overlay-type":"","overlay-color":"","overlay-opacity":"","overlay-gradient":""},"mobile":{"background-color":"var(--ast-global-color-5)","background-image":"","background-repeat":"repeat","background-position":"center center","background-size":"auto","background-attachment":"scroll","background-type":"","background-media":"","overlay-type":"","overlay-color":"","overlay-opacity":"","overlay-gradient":""}}},"product_brand":[],"product_cat":[607,605],"product_tag":[],"class_list":{"0":"post-25904","1":"product","2":"type-product","3":"status-publish","4":"has-post-thumbnail","6":"product_cat-baches-en-acier","7":"product_cat-tarps-fr","8":"desktop-align-center","9":"tablet-align-center","10":"mobile-align-center","11":"ast-product-gallery-layout-horizontal","12":"ast-product-tabs-layout-horizontal","14":"first","15":"instock","16":"sale","17":"taxable","18":"shipping-taxable","19":"purchasable","20":"product-type-simple"},"acf":[],"gallery_images":[18361,18351,18352,18353,18354,18355,18356],"_links":{"self":[{"href":"https:\/\/www.verduyntarps.ca\/fr\/wp-json\/wp\/v2\/product\/25904","targetHints":{"allow":["GET"]}}],"collection":[{"href":"https:\/\/www.verduyntarps.ca\/fr\/wp-json\/wp\/v2\/product"}],"about":[{"href":"https:\/\/www.verduyntarps.ca\/fr\/wp-json\/wp\/v2\/types\/product"}],"replies":[{"embeddable":true,"href":"https:\/\/www.verduyntarps.ca\/fr\/wp-json\/wp\/v2\/comments?post=25904"}],"wp:featuredmedia":[{"embeddable":true,"href":"https:\/\/www.verduyntarps.ca\/fr\/wp-json\/wp\/v2\/media\/24996"}],"wp:attachment":[{"href":"https:\/\/www.verduyntarps.ca\/fr\/wp-json\/wp\/v2\/media?parent=25904"}],"wp:term":[{"taxonomy":"product_brand","embeddable":true,"href":"https:\/\/www.verduyntarps.ca\/fr\/wp-json\/wp\/v2\/product_brand?post=25904"},{"taxonomy":"product_cat","embeddable":true,"href":"https:\/\/www.verduyntarps.ca\/fr\/wp-json\/wp\/v2\/product_cat?post=25904"},{"taxonomy":"product_tag","embeddable":true,"href":"https:\/\/www.verduyntarps.ca\/fr\/wp-json\/wp\/v2\/product_tag?post=25904"}],"curies":[{"name":"wp","href":"https:\/\/api.w.org\/{rel}","templated":true}]}}