{"id":25906,"date":"2020-06-15T12:40:19","date_gmt":"2020-06-15T16:40:19","guid":{"rendered":"https:\/\/www.verduyntarps.ca\/product\/economy-tarp-blue-40-x-60-2-4-oz"},"modified":"2025-03-10T03:56:17","modified_gmt":"2025-03-10T07:56:17","slug":"economy-tarp-blue-40-x-60-2-4-oz","status":"publish","type":"product","link":"https:\/\/www.verduyntarps.ca\/fr\/shop\/economy-tarp-blue-40-x-60-2-4-oz","title":{"rendered":"B\u00e2che \u00e9conomique 40&#8242; x 60&#8242; &#8211; Bleu (2.4 oz)"},"content":{"rendered":"<ul>\n<li>B\u00e2che enduite en poly\u00e9thyl\u00e8ne tiss\u00e9 super r\u00e9sistant<\/li>\n<li>2,4 onces.<\/li>\n<li>Tissage 8 x 8<\/li>\n<li>100&nbsp;% HDPE et LDPE vierges utilis\u00e9s<\/li>\n<li>Ourlet renforc\u00e9 en corde sur le pourtour<\/li>\n<li>\u0152illets en aluminium r\u00e9sistant \u00e0 la rouille environ tous les 36 po<\/li>\n<li>\u00c9tanche \u00e0 l\u2019eau, \u00e0 la d\u00e9chirure, \u00e0 la moisissure<\/li>\n<li>Id\u00e9al pour le transport, l\u2019industrie, l\u2019agriculture, la marine, la construction, la couverture de sol et les services publics<\/li>\n<\/ul>\n","protected":false},"excerpt":{"rendered":"<p>B\u00e2che enduite en poly\u00e9thyl\u00e8ne tiss\u00e9 super r\u00e9sistant 2,4 onces. Tissage 8 x 8 100&nbsp;% HDPE et LDPE vierges utilis\u00e9s Ourlet renforc\u00e9 en corde sur le pourtour \u0152illets en aluminium r\u00e9sistant \u00e0 la rouille environ tous les 36 po \u00c9tanche \u00e0 l\u2019eau, \u00e0 la d\u00e9chirure, \u00e0 la moisissure Id\u00e9al pour le transport, l\u2019industrie, l\u2019agriculture, la marine, [&hellip;]<\/p>\n","protected":false},"featured_media":25004,"comment_status":"open","ping_status":"closed","template":"","meta":{"_acf_changed":false,"om_disable_all_campaigns":false,"site-sidebar-layout":"default","site-content-layout":"default","ast-site-content-layout":"default","site-content-style":"default","site-sidebar-style":"default","ast-global-header-display":"","ast-banner-title-visibility":"","ast-main-header-display":"","ast-hfb-above-header-display":"","ast-hfb-below-header-display":"","ast-hfb-mobile-header-display":"","site-post-title":"","ast-breadcrumbs-content":"","ast-featured-img":"","footer-sml-layout":"","ast-disable-related-posts":"","theme-transparent-header-meta":"default","adv-header-id-meta":"","stick-header-meta":"default","header-above-stick-meta":"","header-main-stick-meta":"","header-below-stick-meta":"","astra-migrate-meta-layouts":"default","ast-page-background-enabled":"default","ast-page-background-meta":{"desktop":{"background-color":"","background-image":"","background-repeat":"repeat","background-position":"center center","background-size":"auto","background-attachment":"scroll","background-type":"","background-media":"","overlay-type":"","overlay-color":"","overlay-opacity":"","overlay-gradient":""},"tablet":{"background-color":"","background-image":"","background-repeat":"repeat","background-position":"center center","background-size":"auto","background-attachment":"scroll","background-type":"","background-media":"","overlay-type":"","overlay-color":"","overlay-opacity":"","overlay-gradient":""},"mobile":{"background-color":"","background-image":"","background-repeat":"repeat","background-position":"center center","background-size":"auto","background-attachment":"scroll","background-type":"","background-media":"","overlay-type":"","overlay-color":"","overlay-opacity":"","overlay-gradient":""}},"ast-content-background-meta":{"desktop":{"background-color":"var(--ast-global-color-5)","background-image":"","background-repeat":"repeat","background-position":"center center","background-size":"auto","background-attachment":"scroll","background-type":"","background-media":"","overlay-type":"","overlay-color":"","overlay-opacity":"","overlay-gradient":""},"tablet":{"background-color":"var(--ast-global-color-5)","background-image":"","background-repeat":"repeat","background-position":"center center","background-size":"auto","background-attachment":"scroll","background-type":"","background-media":"","overlay-type":"","overlay-color":"","overlay-opacity":"","overlay-gradient":""},"mobile":{"background-color":"var(--ast-global-color-5)","background-image":"","background-repeat":"repeat","background-position":"center center","background-size":"auto","background-attachment":"scroll","background-type":"","background-media":"","overlay-type":"","overlay-color":"","overlay-opacity":"","overlay-gradient":""}}},"product_brand":[],"product_cat":[655,610,605],"product_tag":[],"class_list":{"0":"post-25906","1":"product","2":"type-product","3":"status-publish","4":"has-post-thumbnail","6":"product_cat-articles-en-liquidation","7":"product_cat-baches-utilitaires","8":"product_cat-tarps-fr","9":"desktop-align-center","10":"tablet-align-center","11":"mobile-align-center","12":"ast-product-gallery-layout-horizontal","13":"ast-product-tabs-layout-horizontal","15":"first","16":"outofstock","17":"sale","18":"taxable","19":"shipping-taxable","20":"purchasable","21":"product-type-simple"},"acf":[],"gallery_images":[24998,24999],"_links":{"self":[{"href":"https:\/\/www.verduyntarps.ca\/fr\/wp-json\/wp\/v2\/product\/25906","targetHints":{"allow":["GET"]}}],"collection":[{"href":"https:\/\/www.verduyntarps.ca\/fr\/wp-json\/wp\/v2\/product"}],"about":[{"href":"https:\/\/www.verduyntarps.ca\/fr\/wp-json\/wp\/v2\/types\/product"}],"replies":[{"embeddable":true,"href":"https:\/\/www.verduyntarps.ca\/fr\/wp-json\/wp\/v2\/comments?post=25906"}],"wp:featuredmedia":[{"embeddable":true,"href":"https:\/\/www.verduyntarps.ca\/fr\/wp-json\/wp\/v2\/media\/25004"}],"wp:attachment":[{"href":"https:\/\/www.verduyntarps.ca\/fr\/wp-json\/wp\/v2\/media?parent=25906"}],"wp:term":[{"taxonomy":"product_brand","embeddable":true,"href":"https:\/\/www.verduyntarps.ca\/fr\/wp-json\/wp\/v2\/product_brand?post=25906"},{"taxonomy":"product_cat","embeddable":true,"href":"https:\/\/www.verduyntarps.ca\/fr\/wp-json\/wp\/v2\/product_cat?post=25906"},{"taxonomy":"product_tag","embeddable":true,"href":"https:\/\/www.verduyntarps.ca\/fr\/wp-json\/wp\/v2\/product_tag?post=25906"}],"curies":[{"name":"wp","href":"https:\/\/api.w.org\/{rel}","templated":true}]}}