{"id":25908,"date":"2020-06-15T12:40:23","date_gmt":"2020-06-15T16:40:23","guid":{"rendered":"https:\/\/www.verduyntarps.ca\/product\/heavy-duty-green-utility-tarp-20-x-30"},"modified":"2025-03-10T03:56:19","modified_gmt":"2025-03-10T07:56:19","slug":"heavy-duty-green-utility-tarp-20-x-30","status":"publish","type":"product","link":"https:\/\/www.verduyntarps.ca\/fr\/shop\/heavy-duty-green-utility-tarp-20-x-30","title":{"rendered":"B\u00e2che utilitaire \/ patinoire robuste de 20 pi x 30 pi &#8211; Blanc (6 oz)"},"content":{"rendered":"<p>B\u00e2che enduite de poly\u00e9thyl\u00e8ne tiss\u00e9 super r\u00e9sistant 6 oz 14&#215;14 Tissage<br \/>\n100&nbsp;% HDPE et LDPE vierges utilis\u00e9s<br \/>\nOurlet renforc\u00e9 de corde autour du p\u00e9rim\u00e8tre<br \/>\n\u0152illets en aluminium r\u00e9sistant \u00e0 la rouille environ tous les 36 pouces<br \/>\nCoins renforc\u00e9s pour une plus grande r\u00e9sistance<br \/>\n\u00c9tanche \u00e0 l\u2019eau, r\u00e9sistant aux d\u00e9chirures, \u00e0 la<br \/>\nmoisissure Id\u00e9al pour le transport, l\u2019industrie, l\u2019agriculture,<br \/>\n la marine, la construction, la couverture de sol et les services publics <\/p>\n","protected":false},"excerpt":{"rendered":"<p>B\u00e2che enduite de poly\u00e9thyl\u00e8ne tiss\u00e9 super r\u00e9sistant 6 oz 14&#215;14 Tissage 100&nbsp;% HDPE et LDPE vierges utilis\u00e9s Ourlet renforc\u00e9 de corde autour du p\u00e9rim\u00e8tre \u0152illets en aluminium r\u00e9sistant \u00e0 la rouille environ tous les 36 pouces Coins renforc\u00e9s pour une plus grande r\u00e9sistance \u00c9tanche \u00e0 l\u2019eau, r\u00e9sistant aux d\u00e9chirures, \u00e0 la moisissure Id\u00e9al pour le [&hellip;]<\/p>\n","protected":false},"featured_media":25005,"comment_status":"open","ping_status":"closed","template":"","meta":{"_acf_changed":false,"om_disable_all_campaigns":false,"site-sidebar-layout":"default","site-content-layout":"default","ast-site-content-layout":"default","site-content-style":"default","site-sidebar-style":"default","ast-global-header-display":"","ast-banner-title-visibility":"","ast-main-header-display":"","ast-hfb-above-header-display":"","ast-hfb-below-header-display":"","ast-hfb-mobile-header-display":"","site-post-title":"","ast-breadcrumbs-content":"","ast-featured-img":"","footer-sml-layout":"","ast-disable-related-posts":"","theme-transparent-header-meta":"default","adv-header-id-meta":"","stick-header-meta":"","header-above-stick-meta":"","header-main-stick-meta":"","header-below-stick-meta":"","astra-migrate-meta-layouts":"default","ast-page-background-enabled":"default","ast-page-background-meta":{"desktop":{"background-color":"","background-image":"","background-repeat":"repeat","background-position":"center center","background-size":"auto","background-attachment":"scroll","background-type":"","background-media":"","overlay-type":"","overlay-color":"","overlay-opacity":"","overlay-gradient":""},"tablet":{"background-color":"","background-image":"","background-repeat":"repeat","background-position":"center center","background-size":"auto","background-attachment":"scroll","background-type":"","background-media":"","overlay-type":"","overlay-color":"","overlay-opacity":"","overlay-gradient":""},"mobile":{"background-color":"","background-image":"","background-repeat":"repeat","background-position":"center center","background-size":"auto","background-attachment":"scroll","background-type":"","background-media":"","overlay-type":"","overlay-color":"","overlay-opacity":"","overlay-gradient":""}},"ast-content-background-meta":{"desktop":{"background-color":"var(--ast-global-color-5)","background-image":"","background-repeat":"repeat","background-position":"center center","background-size":"auto","background-attachment":"scroll","background-type":"","background-media":"","overlay-type":"","overlay-color":"","overlay-opacity":"","overlay-gradient":""},"tablet":{"background-color":"var(--ast-global-color-5)","background-image":"","background-repeat":"repeat","background-position":"center center","background-size":"auto","background-attachment":"scroll","background-type":"","background-media":"","overlay-type":"","overlay-color":"","overlay-opacity":"","overlay-gradient":""},"mobile":{"background-color":"var(--ast-global-color-5)","background-image":"","background-repeat":"repeat","background-position":"center center","background-size":"auto","background-attachment":"scroll","background-type":"","background-media":"","overlay-type":"","overlay-color":"","overlay-opacity":"","overlay-gradient":""}}},"product_brand":[],"product_cat":[610,605],"product_tag":[],"class_list":{"0":"post-25908","1":"product","2":"type-product","3":"status-publish","4":"has-post-thumbnail","6":"product_cat-baches-utilitaires","7":"product_cat-tarps-fr","8":"desktop-align-center","9":"tablet-align-center","10":"mobile-align-center","11":"ast-product-gallery-layout-horizontal","12":"ast-product-tabs-layout-horizontal","14":"first","15":"instock","16":"taxable","17":"shipping-taxable","18":"purchasable","19":"product-type-simple"},"acf":[],"gallery_images":[18868,18869,18870,18871,18872,18873],"_links":{"self":[{"href":"https:\/\/www.verduyntarps.ca\/fr\/wp-json\/wp\/v2\/product\/25908","targetHints":{"allow":["GET"]}}],"collection":[{"href":"https:\/\/www.verduyntarps.ca\/fr\/wp-json\/wp\/v2\/product"}],"about":[{"href":"https:\/\/www.verduyntarps.ca\/fr\/wp-json\/wp\/v2\/types\/product"}],"replies":[{"embeddable":true,"href":"https:\/\/www.verduyntarps.ca\/fr\/wp-json\/wp\/v2\/comments?post=25908"}],"wp:featuredmedia":[{"embeddable":true,"href":"https:\/\/www.verduyntarps.ca\/fr\/wp-json\/wp\/v2\/media\/25005"}],"wp:attachment":[{"href":"https:\/\/www.verduyntarps.ca\/fr\/wp-json\/wp\/v2\/media?parent=25908"}],"wp:term":[{"taxonomy":"product_brand","embeddable":true,"href":"https:\/\/www.verduyntarps.ca\/fr\/wp-json\/wp\/v2\/product_brand?post=25908"},{"taxonomy":"product_cat","embeddable":true,"href":"https:\/\/www.verduyntarps.ca\/fr\/wp-json\/wp\/v2\/product_cat?post=25908"},{"taxonomy":"product_tag","embeddable":true,"href":"https:\/\/www.verduyntarps.ca\/fr\/wp-json\/wp\/v2\/product_tag?post=25908"}],"curies":[{"name":"wp","href":"https:\/\/api.w.org\/{rel}","templated":true}]}}