{"id":25966,"date":"2020-04-24T15:56:48","date_gmt":"2020-04-24T19:56:48","guid":{"rendered":"https:\/\/www.verduyntarps.ca\/product\/dispositif-de-retenue-de-manivelle-avec-entretoise-de-2-po"},"modified":"2025-03-12T02:19:12","modified_gmt":"2025-03-12T06:19:12","slug":"dispositif-de-retenue-de-manivelle-avec-entretoise-de-2-po","status":"publish","type":"product","link":"https:\/\/www.verduyntarps.ca\/fr\/shop\/dispositif-de-retenue-de-manivelle-avec-entretoise-de-2-po","title":{"rendered":"Dispositif de retenue de manivelle avec entretoise de 2 po"},"content":{"rendered":"<p>Le crochet en J standard avec goupilles et c\u00e2bles s\u00e9curise la manivelle \u00e0 la remorque. Positionne la manivelle pour une facilit\u00e9 optimale d\u2019utilisation de la b\u00e2che. Entretoise de 2 pouces.  <\/p>\n<p>INCLUS DANS LE KIT :<\/p>\n<p>\u00c9crous &#8211; 3\/8&nbsp;\u00bb (Qt\u00e9 2)<br \/>\nRondelles de blocage &#8211; 3\/8&nbsp;\u00bb (Qt\u00e9 2)<br \/>\nC\u00e2ble avec verrouillage #5 SnapQt\u00e9 1)<br \/>\nVis autotaraudeuses &#8211; 3\/8&nbsp;\u00bb x 1&nbsp;\u00bb (Qt\u00e9 2)<br \/>\nGoupille de verrouillage de fil &#8211; 3\/8&nbsp;\u00bb x 2-1\/2&nbsp;\u00bb (Qt\u00e9 1)<br \/>\nEntretoise de retenue de manivelle &#8211; 2&nbsp;\u00bb (Qt\u00e9 1)<br \/>\nDispositif de retenue de manivelle \u00e0 crochet en J (Qt\u00e9 1)<br \/>\nDouille de retenue &#8211; 11\/16&nbsp;\u00bb (Qt\u00e9 1)<br \/>\nVis d\u2019assemblage &#8211; 1\/2&nbsp;\u00bb x 1-1\/4&nbsp;\u00bb (Qt\u00e9 1) <\/p>\n","protected":false},"excerpt":{"rendered":"<p>Notre crochet en J standard avec goupilles et c\u00e2bles permet de fixer la manivelle \u00e0 votre remorque.<\/p>\n","protected":false},"featured_media":24866,"comment_status":"open","ping_status":"closed","template":"","meta":{"_acf_changed":false,"om_disable_all_campaigns":false,"site-sidebar-layout":"default","site-content-layout":"default","ast-site-content-layout":"default","site-content-style":"default","site-sidebar-style":"default","ast-global-header-display":"","ast-banner-title-visibility":"","ast-main-header-display":"","ast-hfb-above-header-display":"","ast-hfb-below-header-display":"","ast-hfb-mobile-header-display":"","site-post-title":"","ast-breadcrumbs-content":"","ast-featured-img":"","footer-sml-layout":"","ast-disable-related-posts":"","theme-transparent-header-meta":"default","adv-header-id-meta":"","stick-header-meta":"","header-above-stick-meta":"","header-main-stick-meta":"","header-below-stick-meta":"","astra-migrate-meta-layouts":"default","ast-page-background-enabled":"default","ast-page-background-meta":{"desktop":{"background-color":"","background-image":"","background-repeat":"repeat","background-position":"center center","background-size":"auto","background-attachment":"scroll","background-type":"","background-media":"","overlay-type":"","overlay-color":"","overlay-opacity":"","overlay-gradient":""},"tablet":{"background-color":"","background-image":"","background-repeat":"repeat","background-position":"center center","background-size":"auto","background-attachment":"scroll","background-type":"","background-media":"","overlay-type":"","overlay-color":"","overlay-opacity":"","overlay-gradient":""},"mobile":{"background-color":"","background-image":"","background-repeat":"repeat","background-position":"center center","background-size":"auto","background-attachment":"scroll","background-type":"","background-media":"","overlay-type":"","overlay-color":"","overlay-opacity":"","overlay-gradient":""}},"ast-content-background-meta":{"desktop":{"background-color":"var(--ast-global-color-5)","background-image":"","background-repeat":"repeat","background-position":"center center","background-size":"auto","background-attachment":"scroll","background-type":"","background-media":"","overlay-type":"","overlay-color":"","overlay-opacity":"","overlay-gradient":""},"tablet":{"background-color":"var(--ast-global-color-5)","background-image":"","background-repeat":"repeat","background-position":"center center","background-size":"auto","background-attachment":"scroll","background-type":"","background-media":"","overlay-type":"","overlay-color":"","overlay-opacity":"","overlay-gradient":""},"mobile":{"background-color":"var(--ast-global-color-5)","background-image":"","background-repeat":"repeat","background-position":"center center","background-size":"auto","background-attachment":"scroll","background-type":"","background-media":"","overlay-type":"","overlay-color":"","overlay-opacity":"","overlay-gradient":""}}},"product_brand":[],"product_cat":[573],"product_tag":[],"class_list":{"0":"post-25966","1":"product","2":"type-product","3":"status-publish","4":"has-post-thumbnail","6":"product_cat-non-classifiee","7":"desktop-align-center","8":"tablet-align-center","9":"mobile-align-center","10":"ast-product-gallery-layout-horizontal","11":"ast-product-gallery-with-no-image","12":"ast-product-tabs-layout-horizontal","14":"first","15":"instock","16":"taxable","17":"shipping-taxable","18":"purchasable","19":"product-type-simple"},"acf":[],"gallery_images":[],"_links":{"self":[{"href":"https:\/\/www.verduyntarps.ca\/fr\/wp-json\/wp\/v2\/product\/25966","targetHints":{"allow":["GET"]}}],"collection":[{"href":"https:\/\/www.verduyntarps.ca\/fr\/wp-json\/wp\/v2\/product"}],"about":[{"href":"https:\/\/www.verduyntarps.ca\/fr\/wp-json\/wp\/v2\/types\/product"}],"replies":[{"embeddable":true,"href":"https:\/\/www.verduyntarps.ca\/fr\/wp-json\/wp\/v2\/comments?post=25966"}],"wp:featuredmedia":[{"embeddable":true,"href":"https:\/\/www.verduyntarps.ca\/fr\/wp-json\/wp\/v2\/media\/24866"}],"wp:attachment":[{"href":"https:\/\/www.verduyntarps.ca\/fr\/wp-json\/wp\/v2\/media?parent=25966"}],"wp:term":[{"taxonomy":"product_brand","embeddable":true,"href":"https:\/\/www.verduyntarps.ca\/fr\/wp-json\/wp\/v2\/product_brand?post=25966"},{"taxonomy":"product_cat","embeddable":true,"href":"https:\/\/www.verduyntarps.ca\/fr\/wp-json\/wp\/v2\/product_cat?post=25966"},{"taxonomy":"product_tag","embeddable":true,"href":"https:\/\/www.verduyntarps.ca\/fr\/wp-json\/wp\/v2\/product_tag?post=25966"}],"curies":[{"name":"wp","href":"https:\/\/api.w.org\/{rel}","templated":true}]}}