{"id":26011,"date":"2020-04-24T15:55:00","date_gmt":"2020-04-24T19:55:00","guid":{"rendered":"https:\/\/www.verduyntarps.ca\/product\/zephyr-6-roues-kit-desthetique-de-reservoir"},"modified":"2025-03-12T02:26:33","modified_gmt":"2025-03-12T06:26:33","slug":"zephyr-6-roues-kit-desthetique-de-reservoir","status":"publish","type":"product","link":"https:\/\/www.verduyntarps.ca\/fr\/produit\/zephyr-6-roues-kit-desthetique-de-reservoir","title":{"rendered":"Zephyr 6 roues + kit d\u2019esth\u00e9tique de r\u00e9servoir"},"content":{"rendered":"<p>Ce kit a \u00e9t\u00e9 con\u00e7u pour les petites et moyennes zones o\u00f9 un buff plus grand ne peut tout simplement pas en obtenir trop. Ce kit a \u00e9t\u00e9 con\u00e7u pour les petites et moyennes zones o\u00f9 un buff plus grand ne peut tout simplement pas en obtenir trop. Il suffit d\u2019enclencher votre perceuse et vous \u00eates pr\u00eat \u00e0 partir. L\u2019ensemble comprend une meule de polissage mont\u00e9e sur la tige de 4 po (la tige peut \u00eatre facilement retir\u00e9e pour une utilisation dans une ponceuse\/meuleuse), un tampon de grattage de 3 po pour l\u2019\u00e9limination de la rouille et de la peinture. 2&nbsp;\u00bb polissage conique buff 1&nbsp;\u00bb x 2&nbsp;\u00bb cylindre en feutre 1- 16&nbsp;\u00bb x 16&nbsp;\u00bb serviette en microfibre et une bouteille de 8oz de Pro 40    <\/p>\n","protected":false},"excerpt":{"rendered":"<p>Ce kit est con\u00e7u pour les petites et moyennes zones qu\u2019un buff plus grand ne peut tout simplement pas atteindre.<\/p>\n","protected":false},"featured_media":24830,"comment_status":"open","ping_status":"closed","template":"","meta":{"_acf_changed":false,"om_disable_all_campaigns":false,"site-sidebar-layout":"default","site-content-layout":"default","ast-site-content-layout":"default","site-content-style":"default","site-sidebar-style":"default","ast-global-header-display":"","ast-banner-title-visibility":"","ast-main-header-display":"","ast-hfb-above-header-display":"","ast-hfb-below-header-display":"","ast-hfb-mobile-header-display":"","site-post-title":"","ast-breadcrumbs-content":"","ast-featured-img":"","footer-sml-layout":"","ast-disable-related-posts":"","theme-transparent-header-meta":"default","adv-header-id-meta":"","stick-header-meta":"","header-above-stick-meta":"","header-main-stick-meta":"","header-below-stick-meta":"","astra-migrate-meta-layouts":"default","ast-page-background-enabled":"default","ast-page-background-meta":{"desktop":{"background-color":"","background-image":"","background-repeat":"repeat","background-position":"center center","background-size":"auto","background-attachment":"scroll","background-type":"","background-media":"","overlay-type":"","overlay-color":"","overlay-opacity":"","overlay-gradient":""},"tablet":{"background-color":"","background-image":"","background-repeat":"repeat","background-position":"center center","background-size":"auto","background-attachment":"scroll","background-type":"","background-media":"","overlay-type":"","overlay-color":"","overlay-opacity":"","overlay-gradient":""},"mobile":{"background-color":"","background-image":"","background-repeat":"repeat","background-position":"center center","background-size":"auto","background-attachment":"scroll","background-type":"","background-media":"","overlay-type":"","overlay-color":"","overlay-opacity":"","overlay-gradient":""}},"ast-content-background-meta":{"desktop":{"background-color":"var(--ast-global-color-5)","background-image":"","background-repeat":"repeat","background-position":"center center","background-size":"auto","background-attachment":"scroll","background-type":"","background-media":"","overlay-type":"","overlay-color":"","overlay-opacity":"","overlay-gradient":""},"tablet":{"background-color":"var(--ast-global-color-5)","background-image":"","background-repeat":"repeat","background-position":"center center","background-size":"auto","background-attachment":"scroll","background-type":"","background-media":"","overlay-type":"","overlay-color":"","overlay-opacity":"","overlay-gradient":""},"mobile":{"background-color":"var(--ast-global-color-5)","background-image":"","background-repeat":"repeat","background-position":"center center","background-size":"auto","background-attachment":"scroll","background-type":"","background-media":"","overlay-type":"","overlay-color":"","overlay-opacity":"","overlay-gradient":""}}},"product_brand":[],"product_cat":[633,644,645],"product_tag":[],"class_list":{"0":"post-26011","1":"product","2":"type-product","3":"status-publish","4":"has-post-thumbnail","6":"product_cat-accessoires-pour-camions-remorques","7":"product_cat-nettoyants-vernis","8":"product_cat-roues","9":"desktop-align-center","10":"tablet-align-center","11":"mobile-align-center","12":"ast-product-gallery-layout-horizontal","13":"ast-product-tabs-layout-horizontal","15":"first","16":"outofstock","17":"taxable","18":"shipping-taxable","19":"purchasable","20":"product-type-simple"},"acf":[],"gallery_images":[18693],"_links":{"self":[{"href":"https:\/\/www.verduyntarps.ca\/fr\/wp-json\/wp\/v2\/product\/26011","targetHints":{"allow":["GET"]}}],"collection":[{"href":"https:\/\/www.verduyntarps.ca\/fr\/wp-json\/wp\/v2\/product"}],"about":[{"href":"https:\/\/www.verduyntarps.ca\/fr\/wp-json\/wp\/v2\/types\/product"}],"replies":[{"embeddable":true,"href":"https:\/\/www.verduyntarps.ca\/fr\/wp-json\/wp\/v2\/comments?post=26011"}],"wp:featuredmedia":[{"embeddable":true,"href":"https:\/\/www.verduyntarps.ca\/fr\/wp-json\/wp\/v2\/media\/24830"}],"wp:attachment":[{"href":"https:\/\/www.verduyntarps.ca\/fr\/wp-json\/wp\/v2\/media?parent=26011"}],"wp:term":[{"taxonomy":"product_brand","embeddable":true,"href":"https:\/\/www.verduyntarps.ca\/fr\/wp-json\/wp\/v2\/product_brand?post=26011"},{"taxonomy":"product_cat","embeddable":true,"href":"https:\/\/www.verduyntarps.ca\/fr\/wp-json\/wp\/v2\/product_cat?post=26011"},{"taxonomy":"product_tag","embeddable":true,"href":"https:\/\/www.verduyntarps.ca\/fr\/wp-json\/wp\/v2\/product_tag?post=26011"}],"curies":[{"name":"wp","href":"https:\/\/api.w.org\/{rel}","templated":true}]}}