{"id":26039,"date":"2020-04-24T15:49:50","date_gmt":"2020-04-24T19:49:50","guid":{"rendered":"https:\/\/www.verduyntarps.ca\/product\/sangle-de-treuil-de-4-po-x-30-pi-avec-extremite-de-chaine-ancra"},"modified":"2020-04-24T15:49:50","modified_gmt":"2020-04-24T19:49:50","slug":"sangle-de-treuil-de-4-po-x-30-pi-avec-extremite-de-chaine-ancra","status":"publish","type":"product","link":"https:\/\/www.verduyntarps.ca\/fr\/produit\/sangle-de-treuil-de-4-po-x-30-pi-avec-extremite-de-chaine-ancra","title":{"rendered":"Sangle de treuil de 4 po x 30 pi avec extr\u00e9mit\u00e9 de cha\u00eene (Ancra)"},"content":{"rendered":"<p>Cette sangle de treuil de 4 pouces sur 30 pieds est fabriqu\u00e9e \u00e0 partir de sangles de haute qualit\u00e9 qui attacheront votre charge en toute s\u00e9curit\u00e9 avec n\u2019importe quel treuil standard. Toutes les sangles de treuil sont fabriqu\u00e9es en polyester enduit de r\u00e9sine pour un \u00e9tirement minimum et une r\u00e9sistance maximale \u00e0 l\u2019usure. Ces sangles robustes offrent la r\u00e9sistance et la durabilit\u00e9 requises pour les exigences d\u2019arrimage \u00e0 plateau. Toutes les sangles de treuil sont \u00e9tiquet\u00e9es pour r\u00e9pondre aux normes CHP, aux normes nord-am\u00e9ricaines d\u2019arrimage des cargaisons propos\u00e9es, aux r\u00e9glementations du DOT et aux normes recommand\u00e9es par la WSTDA.   <\/p>\n<p>CMU : 2 450 kg \/ 5 400 lb<br \/>\nMBS : 7 350 kg \/ 16 200 lb<\/p>\n","protected":false},"excerpt":{"rendered":"<ul>\n<li>Sangle en polyester trait\u00e9 de 4 po<\/li>\n<li>Quincaillerie d\u2019extr\u00e9mit\u00e9 d\u2019ancre \u00e0 cha\u00eene en acier 43366-14 robuste<\/li>\n<li>Charge maximale de travail de 5 400 lb<\/li>\n<li>Respecte ou d\u00e9passe les sp\u00e9cifications standard recommand\u00e9es WSTDA T-1<\/li>\n<\/ul>\n","protected":false},"featured_media":24752,"comment_status":"open","ping_status":"closed","template":"","meta":{"_acf_changed":false,"om_disable_all_campaigns":false,"site-sidebar-layout":"default","site-content-layout":"default","ast-site-content-layout":"default","site-content-style":"default","site-sidebar-style":"default","ast-global-header-display":"","ast-banner-title-visibility":"","ast-main-header-display":"","ast-hfb-above-header-display":"","ast-hfb-below-header-display":"","ast-hfb-mobile-header-display":"","site-post-title":"","ast-breadcrumbs-content":"","ast-featured-img":"","footer-sml-layout":"","ast-disable-related-posts":"","theme-transparent-header-meta":"default","adv-header-id-meta":"","stick-header-meta":"","header-above-stick-meta":"","header-main-stick-meta":"","header-below-stick-meta":"","astra-migrate-meta-layouts":"default","ast-page-background-enabled":"default","ast-page-background-meta":{"desktop":{"background-color":"","background-image":"","background-repeat":"repeat","background-position":"center center","background-size":"auto","background-attachment":"scroll","background-type":"","background-media":"","overlay-type":"","overlay-color":"","overlay-opacity":"","overlay-gradient":""},"tablet":{"background-color":"","background-image":"","background-repeat":"repeat","background-position":"center center","background-size":"auto","background-attachment":"scroll","background-type":"","background-media":"","overlay-type":"","overlay-color":"","overlay-opacity":"","overlay-gradient":""},"mobile":{"background-color":"","background-image":"","background-repeat":"repeat","background-position":"center center","background-size":"auto","background-attachment":"scroll","background-type":"","background-media":"","overlay-type":"","overlay-color":"","overlay-opacity":"","overlay-gradient":""}},"ast-content-background-meta":{"desktop":{"background-color":"var(--ast-global-color-5)","background-image":"","background-repeat":"repeat","background-position":"center center","background-size":"auto","background-attachment":"scroll","background-type":"","background-media":"","overlay-type":"","overlay-color":"","overlay-opacity":"","overlay-gradient":""},"tablet":{"background-color":"var(--ast-global-color-5)","background-image":"","background-repeat":"repeat","background-position":"center center","background-size":"auto","background-attachment":"scroll","background-type":"","background-media":"","overlay-type":"","overlay-color":"","overlay-opacity":"","overlay-gradient":""},"mobile":{"background-color":"var(--ast-global-color-5)","background-image":"","background-repeat":"repeat","background-position":"center center","background-size":"auto","background-attachment":"scroll","background-type":"","background-media":"","overlay-type":"","overlay-color":"","overlay-opacity":"","overlay-gradient":""}}},"product_brand":[],"product_cat":[591,594,595],"product_tag":[],"class_list":{"0":"post-26039","1":"product","2":"type-product","3":"status-publish","4":"has-post-thumbnail","6":"product_cat-equipement-de-chargement","7":"product_cat-sangles-darrimage","8":"product_cat-sangles-de-treuil","9":"desktop-align-center","10":"tablet-align-center","11":"mobile-align-center","12":"ast-product-gallery-layout-horizontal","13":"ast-product-tabs-layout-horizontal","15":"first","16":"instock","17":"taxable","18":"shipping-taxable","19":"purchasable","20":"product-type-simple"},"acf":[],"gallery_images":[18615],"_links":{"self":[{"href":"https:\/\/www.verduyntarps.ca\/fr\/wp-json\/wp\/v2\/product\/26039","targetHints":{"allow":["GET"]}}],"collection":[{"href":"https:\/\/www.verduyntarps.ca\/fr\/wp-json\/wp\/v2\/product"}],"about":[{"href":"https:\/\/www.verduyntarps.ca\/fr\/wp-json\/wp\/v2\/types\/product"}],"replies":[{"embeddable":true,"href":"https:\/\/www.verduyntarps.ca\/fr\/wp-json\/wp\/v2\/comments?post=26039"}],"wp:featuredmedia":[{"embeddable":true,"href":"https:\/\/www.verduyntarps.ca\/fr\/wp-json\/wp\/v2\/media\/24752"}],"wp:attachment":[{"href":"https:\/\/www.verduyntarps.ca\/fr\/wp-json\/wp\/v2\/media?parent=26039"}],"wp:term":[{"taxonomy":"product_brand","embeddable":true,"href":"https:\/\/www.verduyntarps.ca\/fr\/wp-json\/wp\/v2\/product_brand?post=26039"},{"taxonomy":"product_cat","embeddable":true,"href":"https:\/\/www.verduyntarps.ca\/fr\/wp-json\/wp\/v2\/product_cat?post=26039"},{"taxonomy":"product_tag","embeddable":true,"href":"https:\/\/www.verduyntarps.ca\/fr\/wp-json\/wp\/v2\/product_tag?post=26039"}],"curies":[{"name":"wp","href":"https:\/\/api.w.org\/{rel}","templated":true}]}}