{"id":26041,"date":"2020-04-24T15:49:51","date_gmt":"2020-04-24T19:49:51","guid":{"rendered":"https:\/\/www.verduyntarps.ca\/product\/4-x-30-rhino-sangle-de-treuil-avec-extremite-de-chaine"},"modified":"2025-03-12T02:35:47","modified_gmt":"2025-03-12T06:35:47","slug":"4-x-30-rhino-sangle-de-treuil-avec-extremite-de-chaine","status":"publish","type":"product","link":"https:\/\/www.verduyntarps.ca\/fr\/produit\/4-x-30-rhino-sangle-de-treuil-avec-extremite-de-chaine","title":{"rendered":"4 &#8220;x 30&#8242; Rhino sangle de treuil avec extr\u00e9mit\u00e9 de cha\u00eene"},"content":{"rendered":"<p>Cette sangle de treuil de 4 po x 30 pi avec extr\u00e9mit\u00e9 de cha\u00eene est une sangle d\u2019arrimage durable pour s\u00e9curiser le chargement sur des camions ou des remorques \u00e0 plateau. Rhino Web&#8221; une nouvelle sangle plus durable et r\u00e9sistante \u00e0 l\u2019abrasion pour les sangles d\u2019arrimage de contr\u00f4le du chargement. La \u00ab&nbsp;toile de rhinoc\u00e9ros&nbsp;\u00bb offre une r\u00e9sistance \u00e0 la traction sup\u00e9rieure de 30 % apr\u00e8s une abrasion s\u00e9v\u00e8re et est 30 % plus \u00e9paisse avec une surface plus dure. <\/p>\n<p>\u00ab&nbsp;Rhino Web&nbsp;\u00bb est rigoureusement test\u00e9 dans des conditions beaucoup plus exigeantes que les tests d\u2019abrasion standard. Dans les tests d\u2019abrasion standard, la sangle est frott\u00e9e sur une barre hexagonale de 1\/4&#8243; avec un poids de 5 lb fournissant la tension. Ce test est ad\u00e9quat pour les dispositifs d\u2019arrimage standard, mais le \u00ab&nbsp;Rhino Test&nbsp;\u00bb de Kinedyne d\u00e9crit plus pr\u00e9cis\u00e9ment les conditions sur la route. Le \u00ab Rhino Test \u00bb de Kinedyne est un test de 2 000 cycles utilisant le coin rugueux d\u2019un bloc de ciment avec 33 livres attach\u00e9es \u00e0 la sangle.  <\/p>\n<p>CMU : 2 450 kg \/ 5 400 lb<br \/>\nMBS : 7 350 kg \/ 16 200 lb<\/p>\n<p>Les sangles Rhino Webb sont fabriqu\u00e9es pour \u00eatre plus durables et r\u00e9sistantes \u00e0 l\u2019abrasion.<br \/>\nDurera plus longtemps que toutes vos autres bretelles<\/p>\n","protected":false},"excerpt":{"rendered":"<p>La sangle grise Kinedyne Rhino MAX est recouverte d\u2019un produit chimique r\u00e9sistant \u00e0 l\u2019abrasion prim\u00e9 pour aider \u00e0 prot\u00e9ger vos sangles. Cela aide \u00e9galement notre sangle \u00e0 r\u00e9sister \u00e0 la plupart des conditions ext\u00e9rieures qui pourraient affaiblir les autres sangles. <\/p>\n","protected":false},"featured_media":24754,"comment_status":"open","ping_status":"closed","template":"","meta":{"_acf_changed":false,"om_disable_all_campaigns":false,"site-sidebar-layout":"default","site-content-layout":"default","ast-site-content-layout":"default","site-content-style":"default","site-sidebar-style":"default","ast-global-header-display":"","ast-banner-title-visibility":"","ast-main-header-display":"","ast-hfb-above-header-display":"","ast-hfb-below-header-display":"","ast-hfb-mobile-header-display":"","site-post-title":"","ast-breadcrumbs-content":"","ast-featured-img":"","footer-sml-layout":"","ast-disable-related-posts":"","theme-transparent-header-meta":"default","adv-header-id-meta":"","stick-header-meta":"","header-above-stick-meta":"","header-main-stick-meta":"","header-below-stick-meta":"","astra-migrate-meta-layouts":"default","ast-page-background-enabled":"default","ast-page-background-meta":{"desktop":{"background-color":"","background-image":"","background-repeat":"repeat","background-position":"center center","background-size":"auto","background-attachment":"scroll","background-type":"","background-media":"","overlay-type":"","overlay-color":"","overlay-opacity":"","overlay-gradient":""},"tablet":{"background-color":"","background-image":"","background-repeat":"repeat","background-position":"center center","background-size":"auto","background-attachment":"scroll","background-type":"","background-media":"","overlay-type":"","overlay-color":"","overlay-opacity":"","overlay-gradient":""},"mobile":{"background-color":"","background-image":"","background-repeat":"repeat","background-position":"center center","background-size":"auto","background-attachment":"scroll","background-type":"","background-media":"","overlay-type":"","overlay-color":"","overlay-opacity":"","overlay-gradient":""}},"ast-content-background-meta":{"desktop":{"background-color":"var(--ast-global-color-5)","background-image":"","background-repeat":"repeat","background-position":"center center","background-size":"auto","background-attachment":"scroll","background-type":"","background-media":"","overlay-type":"","overlay-color":"","overlay-opacity":"","overlay-gradient":""},"tablet":{"background-color":"var(--ast-global-color-5)","background-image":"","background-repeat":"repeat","background-position":"center center","background-size":"auto","background-attachment":"scroll","background-type":"","background-media":"","overlay-type":"","overlay-color":"","overlay-opacity":"","overlay-gradient":""},"mobile":{"background-color":"var(--ast-global-color-5)","background-image":"","background-repeat":"repeat","background-position":"center center","background-size":"auto","background-attachment":"scroll","background-type":"","background-media":"","overlay-type":"","overlay-color":"","overlay-opacity":"","overlay-gradient":""}}},"product_brand":[],"product_cat":[591,594,595],"product_tag":[],"class_list":{"0":"post-26041","1":"product","2":"type-product","3":"status-publish","4":"has-post-thumbnail","6":"product_cat-equipement-de-chargement","7":"product_cat-sangles-darrimage","8":"product_cat-sangles-de-treuil","9":"desktop-align-center","10":"tablet-align-center","11":"mobile-align-center","12":"ast-product-gallery-layout-horizontal","13":"ast-product-gallery-with-no-image","14":"ast-product-tabs-layout-horizontal","16":"first","17":"instock","18":"taxable","19":"shipping-taxable","20":"purchasable","21":"product-type-simple"},"acf":[],"gallery_images":[],"_links":{"self":[{"href":"https:\/\/www.verduyntarps.ca\/fr\/wp-json\/wp\/v2\/product\/26041","targetHints":{"allow":["GET"]}}],"collection":[{"href":"https:\/\/www.verduyntarps.ca\/fr\/wp-json\/wp\/v2\/product"}],"about":[{"href":"https:\/\/www.verduyntarps.ca\/fr\/wp-json\/wp\/v2\/types\/product"}],"replies":[{"embeddable":true,"href":"https:\/\/www.verduyntarps.ca\/fr\/wp-json\/wp\/v2\/comments?post=26041"}],"wp:featuredmedia":[{"embeddable":true,"href":"https:\/\/www.verduyntarps.ca\/fr\/wp-json\/wp\/v2\/media\/24754"}],"wp:attachment":[{"href":"https:\/\/www.verduyntarps.ca\/fr\/wp-json\/wp\/v2\/media?parent=26041"}],"wp:term":[{"taxonomy":"product_brand","embeddable":true,"href":"https:\/\/www.verduyntarps.ca\/fr\/wp-json\/wp\/v2\/product_brand?post=26041"},{"taxonomy":"product_cat","embeddable":true,"href":"https:\/\/www.verduyntarps.ca\/fr\/wp-json\/wp\/v2\/product_cat?post=26041"},{"taxonomy":"product_tag","embeddable":true,"href":"https:\/\/www.verduyntarps.ca\/fr\/wp-json\/wp\/v2\/product_tag?post=26041"}],"curies":[{"name":"wp","href":"https:\/\/api.w.org\/{rel}","templated":true}]}}