{"id":26084,"date":"2020-04-24T15:46:53","date_gmt":"2020-04-24T19:46:53","guid":{"rendered":"https:\/\/www.verduyntarps.ca\/product\/5-16-g70-crochet-a-chape-avec-gache"},"modified":"2020-04-24T15:46:53","modified_gmt":"2020-04-24T19:46:53","slug":"5-16-g70-crochet-a-chape-avec-gache","status":"publish","type":"product","link":"https:\/\/www.verduyntarps.ca\/fr\/shop\/5-16-g70-crochet-a-chape-avec-gache","title":{"rendered":"5\/16&#8243; G70 Crochet \u00e0 chape avec g\u00e2che"},"content":{"rendered":"<p>Crochet avec gardien &#8211; 5\/16&#8243;. Tremp\u00e9, tremp\u00e9 et test\u00e9 \u00e0 l\u2019\u00e9preuve &#8211; ce crochet peut g\u00e9rer beaucoup de choses en mati\u00e8re de contr\u00f4le de la cargaison. Il se fixe et se d\u00e9tache facilement de la cha\u00eene par l\u2019axe de chape et est disponible dans une finition en zinc jaune pour une r\u00e9sistance accrue \u00e0 la corrosion. Il r\u00e9pond aux exigences du DOT\/CVSA\/CCMTA. PAS pour le levage en hauteur. Il est trait\u00e9 thermiquement (trempe et revenu) et fabriqu\u00e9 en acier alli\u00e9 forg\u00e9.       <\/p>\n<p>  Taille de la cha\u00eene pouces 5\/16<br \/>\n finition Zinc<br \/>\n jaune Charge de travail limite (lb) 4700<br \/>\n Limite de charge de travail (kg) 2132<\/p>\n","protected":false},"excerpt":{"rendered":"<p>Notre crochet est \u00e9quip\u00e9 d\u2019une but\u00e9e sp\u00e9ciale pour s\u2019assurer que la cha\u00eene ne peut pas se d\u00e9tacher du crochet. Charge maximale de travail de 4 700 lb <\/p>\n","protected":false},"featured_media":24710,"comment_status":"open","ping_status":"closed","template":"","meta":{"_acf_changed":false,"om_disable_all_campaigns":false,"site-sidebar-layout":"default","site-content-layout":"default","ast-site-content-layout":"default","site-content-style":"default","site-sidebar-style":"default","ast-global-header-display":"","ast-banner-title-visibility":"","ast-main-header-display":"","ast-hfb-above-header-display":"","ast-hfb-below-header-display":"","ast-hfb-mobile-header-display":"","site-post-title":"","ast-breadcrumbs-content":"","ast-featured-img":"","footer-sml-layout":"","ast-disable-related-posts":"","theme-transparent-header-meta":"default","adv-header-id-meta":"","stick-header-meta":"","header-above-stick-meta":"","header-main-stick-meta":"","header-below-stick-meta":"","astra-migrate-meta-layouts":"default","ast-page-background-enabled":"default","ast-page-background-meta":{"desktop":{"background-color":"","background-image":"","background-repeat":"repeat","background-position":"center center","background-size":"auto","background-attachment":"scroll","background-type":"","background-media":"","overlay-type":"","overlay-color":"","overlay-opacity":"","overlay-gradient":""},"tablet":{"background-color":"","background-image":"","background-repeat":"repeat","background-position":"center center","background-size":"auto","background-attachment":"scroll","background-type":"","background-media":"","overlay-type":"","overlay-color":"","overlay-opacity":"","overlay-gradient":""},"mobile":{"background-color":"","background-image":"","background-repeat":"repeat","background-position":"center center","background-size":"auto","background-attachment":"scroll","background-type":"","background-media":"","overlay-type":"","overlay-color":"","overlay-opacity":"","overlay-gradient":""}},"ast-content-background-meta":{"desktop":{"background-color":"var(--ast-global-color-5)","background-image":"","background-repeat":"repeat","background-position":"center center","background-size":"auto","background-attachment":"scroll","background-type":"","background-media":"","overlay-type":"","overlay-color":"","overlay-opacity":"","overlay-gradient":""},"tablet":{"background-color":"var(--ast-global-color-5)","background-image":"","background-repeat":"repeat","background-position":"center center","background-size":"auto","background-attachment":"scroll","background-type":"","background-media":"","overlay-type":"","overlay-color":"","overlay-opacity":"","overlay-gradient":""},"mobile":{"background-color":"var(--ast-global-color-5)","background-image":"","background-repeat":"repeat","background-position":"center center","background-size":"auto","background-attachment":"scroll","background-type":"","background-media":"","overlay-type":"","overlay-color":"","overlay-opacity":"","overlay-gradient":""}}},"product_brand":[],"product_cat":[592,628,591],"product_tag":[],"class_list":{"0":"post-26084","1":"product","2":"type-product","3":"status-publish","4":"has-post-thumbnail","6":"product_cat-chaines-et-tendeurs","7":"product_cat-crochets-de-chaine","8":"product_cat-equipement-de-chargement","9":"desktop-align-center","10":"tablet-align-center","11":"mobile-align-center","12":"ast-product-gallery-layout-horizontal","13":"ast-product-gallery-with-no-image","14":"ast-product-tabs-layout-horizontal","16":"first","17":"instock","18":"taxable","19":"shipping-taxable","20":"purchasable","21":"product-type-simple"},"acf":[],"gallery_images":[],"_links":{"self":[{"href":"https:\/\/www.verduyntarps.ca\/fr\/wp-json\/wp\/v2\/product\/26084","targetHints":{"allow":["GET"]}}],"collection":[{"href":"https:\/\/www.verduyntarps.ca\/fr\/wp-json\/wp\/v2\/product"}],"about":[{"href":"https:\/\/www.verduyntarps.ca\/fr\/wp-json\/wp\/v2\/types\/product"}],"replies":[{"embeddable":true,"href":"https:\/\/www.verduyntarps.ca\/fr\/wp-json\/wp\/v2\/comments?post=26084"}],"wp:featuredmedia":[{"embeddable":true,"href":"https:\/\/www.verduyntarps.ca\/fr\/wp-json\/wp\/v2\/media\/24710"}],"wp:attachment":[{"href":"https:\/\/www.verduyntarps.ca\/fr\/wp-json\/wp\/v2\/media?parent=26084"}],"wp:term":[{"taxonomy":"product_brand","embeddable":true,"href":"https:\/\/www.verduyntarps.ca\/fr\/wp-json\/wp\/v2\/product_brand?post=26084"},{"taxonomy":"product_cat","embeddable":true,"href":"https:\/\/www.verduyntarps.ca\/fr\/wp-json\/wp\/v2\/product_cat?post=26084"},{"taxonomy":"product_tag","embeddable":true,"href":"https:\/\/www.verduyntarps.ca\/fr\/wp-json\/wp\/v2\/product_tag?post=26084"}],"curies":[{"name":"wp","href":"https:\/\/api.w.org\/{rel}","templated":true}]}}