{"id":26186,"date":"2020-04-24T15:45:12","date_gmt":"2020-04-24T19:45:12","guid":{"rendered":"https:\/\/www.verduyntarps.ca\/product\/chaine-de-transport-5-16-g70-baril-de-550"},"modified":"2020-04-24T15:45:12","modified_gmt":"2020-04-24T19:45:12","slug":"chaine-de-transport-5-16-g70-baril-de-550","status":"publish","type":"product","link":"https:\/\/www.verduyntarps.ca\/fr\/shop\/chaine-de-transport-5-16-g70-baril-de-550","title":{"rendered":"Cha\u00eene de transport 5\/16&#8243; G70 &#8211; Baril de 550&#8242;"},"content":{"rendered":"<p>Notre cha\u00eene de transport de grade 70 5\/16 \u00ab&nbsp;&nbsp;\u00bb a une finition chromate jaune et est fabriqu\u00e9e \u00e0 partir d\u2019acier au carbone trait\u00e9 thermiquement. La cha\u00eene de transport G70 est destin\u00e9e \u00e0 s\u00e9curiser la cargaison. Notre cha\u00eene Grade 70 est estampill\u00e9e tous les deux maillons \u00ab&nbsp;G70&nbsp;\u00bb conform\u00e9ment aux r\u00e8glements du minist\u00e8re des Transports. La finition chromate jaune offre une protection contre la corrosion et permet aux inspecteurs du DOT de d\u00e9terminer facilement la qualit\u00e9 de la cha\u00eene utilis\u00e9e. Cette cha\u00eene 5\/16&#8243;&nbsp;\u00bb a un WWL de 4700 lbs. Ne pas utiliser pour soulever des charges a\u00e9riennes.     <\/p>\n","protected":false},"excerpt":{"rendered":"<p>Notre cha\u00eene est fabriqu\u00e9e \u00e0 partir d\u2019acier au carbone trait\u00e9 thermiquement pour \u00e9viter la corrosion.<\/p>\n","protected":false},"featured_media":24686,"comment_status":"open","ping_status":"closed","template":"","meta":{"_acf_changed":false,"om_disable_all_campaigns":false,"site-sidebar-layout":"default","site-content-layout":"default","ast-site-content-layout":"default","site-content-style":"default","site-sidebar-style":"default","ast-global-header-display":"","ast-banner-title-visibility":"","ast-main-header-display":"","ast-hfb-above-header-display":"","ast-hfb-below-header-display":"","ast-hfb-mobile-header-display":"","site-post-title":"","ast-breadcrumbs-content":"","ast-featured-img":"","footer-sml-layout":"","ast-disable-related-posts":"","theme-transparent-header-meta":"default","adv-header-id-meta":"","stick-header-meta":"","header-above-stick-meta":"","header-main-stick-meta":"","header-below-stick-meta":"","astra-migrate-meta-layouts":"default","ast-page-background-enabled":"default","ast-page-background-meta":{"desktop":{"background-color":"","background-image":"","background-repeat":"repeat","background-position":"center center","background-size":"auto","background-attachment":"scroll","background-type":"","background-media":"","overlay-type":"","overlay-color":"","overlay-opacity":"","overlay-gradient":""},"tablet":{"background-color":"","background-image":"","background-repeat":"repeat","background-position":"center center","background-size":"auto","background-attachment":"scroll","background-type":"","background-media":"","overlay-type":"","overlay-color":"","overlay-opacity":"","overlay-gradient":""},"mobile":{"background-color":"","background-image":"","background-repeat":"repeat","background-position":"center center","background-size":"auto","background-attachment":"scroll","background-type":"","background-media":"","overlay-type":"","overlay-color":"","overlay-opacity":"","overlay-gradient":""}},"ast-content-background-meta":{"desktop":{"background-color":"var(--ast-global-color-5)","background-image":"","background-repeat":"repeat","background-position":"center center","background-size":"auto","background-attachment":"scroll","background-type":"","background-media":"","overlay-type":"","overlay-color":"","overlay-opacity":"","overlay-gradient":""},"tablet":{"background-color":"var(--ast-global-color-5)","background-image":"","background-repeat":"repeat","background-position":"center center","background-size":"auto","background-attachment":"scroll","background-type":"","background-media":"","overlay-type":"","overlay-color":"","overlay-opacity":"","overlay-gradient":""},"mobile":{"background-color":"var(--ast-global-color-5)","background-image":"","background-repeat":"repeat","background-position":"center center","background-size":"auto","background-attachment":"scroll","background-type":"","background-media":"","overlay-type":"","overlay-color":"","overlay-opacity":"","overlay-gradient":""}}},"product_brand":[],"product_cat":[626,592,591],"product_tag":[],"class_list":{"0":"post-26186","1":"product","2":"type-product","3":"status-publish","4":"has-post-thumbnail","6":"product_cat-chaine-de-transport","7":"product_cat-chaines-et-tendeurs","8":"product_cat-equipement-de-chargement","9":"desktop-align-center","10":"tablet-align-center","11":"mobile-align-center","12":"ast-product-gallery-layout-horizontal","13":"ast-product-tabs-layout-horizontal","15":"first","16":"instock","17":"taxable","18":"shipping-taxable","19":"purchasable","20":"product-type-simple"},"acf":[],"gallery_images":[18549,18550],"_links":{"self":[{"href":"https:\/\/www.verduyntarps.ca\/fr\/wp-json\/wp\/v2\/product\/26186","targetHints":{"allow":["GET"]}}],"collection":[{"href":"https:\/\/www.verduyntarps.ca\/fr\/wp-json\/wp\/v2\/product"}],"about":[{"href":"https:\/\/www.verduyntarps.ca\/fr\/wp-json\/wp\/v2\/types\/product"}],"replies":[{"embeddable":true,"href":"https:\/\/www.verduyntarps.ca\/fr\/wp-json\/wp\/v2\/comments?post=26186"}],"wp:featuredmedia":[{"embeddable":true,"href":"https:\/\/www.verduyntarps.ca\/fr\/wp-json\/wp\/v2\/media\/24686"}],"wp:attachment":[{"href":"https:\/\/www.verduyntarps.ca\/fr\/wp-json\/wp\/v2\/media?parent=26186"}],"wp:term":[{"taxonomy":"product_brand","embeddable":true,"href":"https:\/\/www.verduyntarps.ca\/fr\/wp-json\/wp\/v2\/product_brand?post=26186"},{"taxonomy":"product_cat","embeddable":true,"href":"https:\/\/www.verduyntarps.ca\/fr\/wp-json\/wp\/v2\/product_cat?post=26186"},{"taxonomy":"product_tag","embeddable":true,"href":"https:\/\/www.verduyntarps.ca\/fr\/wp-json\/wp\/v2\/product_tag?post=26186"}],"curies":[{"name":"wp","href":"https:\/\/api.w.org\/{rel}","templated":true}]}}