{"id":26199,"date":"2020-04-24T15:45:10","date_gmt":"2020-04-24T19:45:10","guid":{"rendered":"https:\/\/www.verduyntarps.ca\/product\/chaine-de-transport-3-8-g100-pied"},"modified":"2020-04-24T15:45:10","modified_gmt":"2020-04-24T19:45:10","slug":"chaine-de-transport-3-8-g100-pied","status":"publish","type":"product","link":"https:\/\/www.verduyntarps.ca\/fr\/shop\/chaine-de-transport-3-8-g100-pied","title":{"rendered":"Cha\u00eene de transport 3\/8&#8243; G100 (pied)"},"content":{"rendered":"<p>Cha\u00eene en alliage\u00ae de came 3\/8&#8243; de grade 100, brillante, 500&#8242; par tambour<br \/>\n\u2022Sp\u00e9cifiquement recommand\u00e9 pour les applications de levage en hauteur<br \/>\n\u202225&nbsp;% plus r\u00e9sistant que le grade 80, ce qui vous permet d\u2019effectuer les m\u00eames lev\u00e9es avec une cha\u00eene plus l\u00e9g\u00e8re<br \/>\n\u2022Mat\u00e9riau standard : acier alli\u00e9, trait\u00e9 thermiquement<br \/>\n\u2022Finition standard : Brillant<br \/>\n\u2022Poin\u00e7onnage : \u00ab C10 \u00bb, \u00ab USA \u00bb et code de tra\u00e7abilit\u00e9<br \/>\n\u2022Test\u00e9 \u00e0 l\u2019\u00e9preuve<br \/>\n\u2022Facteur de conception : 4 contre 1<br \/>\n\u2022Emball\u00e9 dans des f\u00fbts, l\u2019unit\u00e9 de commande est \u00ab&nbsp;Feet&nbsp;\u00bb<br \/>\n\u2022Fabriqu\u00e9 aux \u00c9tats-Unis<br \/>\nTaille de l\u2019\u00e9change Fractionn\u00e9 3\/8 po<br \/>\nDiam\u00e8tre du mat\u00e9riau 0,40 po<br \/>\nLongueur int\u00e9rieure 1,22 po<br \/>\nLargeur int\u00e9rieure 0,57 po<br \/>\nCharge maximale de travail 8800 lb<br \/>\nPieds par paquet 500 ft<br \/>\nMaillons par pied 10<\/p>\n","protected":false},"excerpt":{"rendered":"<p>Notre cha\u00eene de transport de grade 100 3\/8&#8243; a une finition chromate jaune et est fabriqu\u00e9e \u00e0 partir d\u2019acier au carbone trait\u00e9 thermiquement pour s\u00e9curiser votre cargaison.<\/p>\n","protected":false},"featured_media":24682,"comment_status":"open","ping_status":"closed","template":"","meta":{"_acf_changed":false,"om_disable_all_campaigns":false,"site-sidebar-layout":"default","site-content-layout":"default","ast-site-content-layout":"default","site-content-style":"default","site-sidebar-style":"default","ast-global-header-display":"","ast-banner-title-visibility":"","ast-main-header-display":"","ast-hfb-above-header-display":"","ast-hfb-below-header-display":"","ast-hfb-mobile-header-display":"","site-post-title":"","ast-breadcrumbs-content":"","ast-featured-img":"","footer-sml-layout":"","ast-disable-related-posts":"","theme-transparent-header-meta":"default","adv-header-id-meta":"","stick-header-meta":"default","header-above-stick-meta":"","header-main-stick-meta":"","header-below-stick-meta":"","astra-migrate-meta-layouts":"default","ast-page-background-enabled":"default","ast-page-background-meta":{"desktop":{"background-color":"","background-image":"","background-repeat":"repeat","background-position":"center center","background-size":"auto","background-attachment":"scroll","background-type":"","background-media":"","overlay-type":"","overlay-color":"","overlay-opacity":"","overlay-gradient":""},"tablet":{"background-color":"","background-image":"","background-repeat":"repeat","background-position":"center center","background-size":"auto","background-attachment":"scroll","background-type":"","background-media":"","overlay-type":"","overlay-color":"","overlay-opacity":"","overlay-gradient":""},"mobile":{"background-color":"","background-image":"","background-repeat":"repeat","background-position":"center center","background-size":"auto","background-attachment":"scroll","background-type":"","background-media":"","overlay-type":"","overlay-color":"","overlay-opacity":"","overlay-gradient":""}},"ast-content-background-meta":{"desktop":{"background-color":"var(--ast-global-color-5)","background-image":"","background-repeat":"repeat","background-position":"center center","background-size":"auto","background-attachment":"scroll","background-type":"","background-media":"","overlay-type":"","overlay-color":"","overlay-opacity":"","overlay-gradient":""},"tablet":{"background-color":"var(--ast-global-color-5)","background-image":"","background-repeat":"repeat","background-position":"center center","background-size":"auto","background-attachment":"scroll","background-type":"","background-media":"","overlay-type":"","overlay-color":"","overlay-opacity":"","overlay-gradient":""},"mobile":{"background-color":"var(--ast-global-color-5)","background-image":"","background-repeat":"repeat","background-position":"center center","background-size":"auto","background-attachment":"scroll","background-type":"","background-media":"","overlay-type":"","overlay-color":"","overlay-opacity":"","overlay-gradient":""}}},"product_brand":[],"product_cat":[626,592,591],"product_tag":[],"class_list":{"0":"post-26199","1":"product","2":"type-product","3":"status-publish","4":"has-post-thumbnail","6":"product_cat-chaine-de-transport","7":"product_cat-chaines-et-tendeurs","8":"product_cat-equipement-de-chargement","9":"desktop-align-center","10":"tablet-align-center","11":"mobile-align-center","12":"ast-product-gallery-layout-horizontal","13":"ast-product-tabs-layout-horizontal","15":"first","16":"instock","17":"taxable","18":"shipping-taxable","19":"product-type-simple"},"acf":[],"gallery_images":[18545],"_links":{"self":[{"href":"https:\/\/www.verduyntarps.ca\/fr\/wp-json\/wp\/v2\/product\/26199","targetHints":{"allow":["GET"]}}],"collection":[{"href":"https:\/\/www.verduyntarps.ca\/fr\/wp-json\/wp\/v2\/product"}],"about":[{"href":"https:\/\/www.verduyntarps.ca\/fr\/wp-json\/wp\/v2\/types\/product"}],"replies":[{"embeddable":true,"href":"https:\/\/www.verduyntarps.ca\/fr\/wp-json\/wp\/v2\/comments?post=26199"}],"wp:featuredmedia":[{"embeddable":true,"href":"https:\/\/www.verduyntarps.ca\/fr\/wp-json\/wp\/v2\/media\/24682"}],"wp:attachment":[{"href":"https:\/\/www.verduyntarps.ca\/fr\/wp-json\/wp\/v2\/media?parent=26199"}],"wp:term":[{"taxonomy":"product_brand","embeddable":true,"href":"https:\/\/www.verduyntarps.ca\/fr\/wp-json\/wp\/v2\/product_brand?post=26199"},{"taxonomy":"product_cat","embeddable":true,"href":"https:\/\/www.verduyntarps.ca\/fr\/wp-json\/wp\/v2\/product_cat?post=26199"},{"taxonomy":"product_tag","embeddable":true,"href":"https:\/\/www.verduyntarps.ca\/fr\/wp-json\/wp\/v2\/product_tag?post=26199"}],"curies":[{"name":"wp","href":"https:\/\/api.w.org\/{rel}","templated":true}]}}