{"id":26204,"date":"2020-04-24T15:42:15","date_gmt":"2020-04-24T19:42:15","guid":{"rendered":"https:\/\/www.verduyntarps.ca\/product\/chaine-pour-pneu-simple-11-24-5-paire"},"modified":"2020-04-24T15:42:15","modified_gmt":"2020-04-24T19:42:15","slug":"chaine-pour-pneu-simple-11-24-5-paire","status":"publish","type":"product","link":"https:\/\/www.verduyntarps.ca\/fr\/produit\/chaine-pour-pneu-simple-11-24-5-paire","title":{"rendered":"Cha\u00eene pour pneu simple &#8211; 11&nbsp;\u00bb &#8211; 24.5&nbsp;\u00bb (paire)"},"content":{"rendered":"<p>MAILLONS TRANSVERSAUX<br \/>\n\u2022 La cha\u00eene est en fil<br \/>\nd\u2019acier \u00e0 bord carr\u00e9 de 0,28&nbsp;\u00bb (7,0 mm)<br \/>\nCHA\u00ceNE LAT\u00c9RALE MURALE<br \/>\n\u2022 La cha\u00eene est en fil<br \/>\nd\u2019acier de 0,28&nbsp;\u00bb (7,0 mm)<br \/>\n de diam\u00e8tre CAMES DE TENSION\u2022<br \/>\n 4 cames<br \/>\nde tension ext\u00e9rieures sur chaque jeu de cha\u00eenes<\/p>\n","protected":false},"excerpt":{"rendered":"<p>Cha\u00eenes de pneu \u00e0 maillons d\u2019adh\u00e9rence Kinedyne r\u00e9sistantes aux intemp\u00e9ries 11 x 24,5 simples avec cha\u00eenes transversales \u00e0 maillons carr\u00e9s con\u00e7ues en acier au carbone tremp\u00e9 \u00e0 haute r\u00e9sistance.<\/p>\n","protected":false},"featured_media":24632,"comment_status":"open","ping_status":"closed","template":"","meta":{"_acf_changed":false,"om_disable_all_campaigns":false,"site-sidebar-layout":"default","site-content-layout":"default","ast-site-content-layout":"default","site-content-style":"default","site-sidebar-style":"default","ast-global-header-display":"","ast-banner-title-visibility":"","ast-main-header-display":"","ast-hfb-above-header-display":"","ast-hfb-below-header-display":"","ast-hfb-mobile-header-display":"","site-post-title":"","ast-breadcrumbs-content":"","ast-featured-img":"","footer-sml-layout":"","ast-disable-related-posts":"","theme-transparent-header-meta":"default","adv-header-id-meta":"","stick-header-meta":"default","header-above-stick-meta":"","header-main-stick-meta":"","header-below-stick-meta":"","astra-migrate-meta-layouts":"default","ast-page-background-enabled":"default","ast-page-background-meta":{"desktop":{"background-color":"","background-image":"","background-repeat":"repeat","background-position":"center center","background-size":"auto","background-attachment":"scroll","background-type":"","background-media":"","overlay-type":"","overlay-color":"","overlay-opacity":"","overlay-gradient":""},"tablet":{"background-color":"","background-image":"","background-repeat":"repeat","background-position":"center center","background-size":"auto","background-attachment":"scroll","background-type":"","background-media":"","overlay-type":"","overlay-color":"","overlay-opacity":"","overlay-gradient":""},"mobile":{"background-color":"","background-image":"","background-repeat":"repeat","background-position":"center center","background-size":"auto","background-attachment":"scroll","background-type":"","background-media":"","overlay-type":"","overlay-color":"","overlay-opacity":"","overlay-gradient":""}},"ast-content-background-meta":{"desktop":{"background-color":"var(--ast-global-color-5)","background-image":"","background-repeat":"repeat","background-position":"center center","background-size":"auto","background-attachment":"scroll","background-type":"","background-media":"","overlay-type":"","overlay-color":"","overlay-opacity":"","overlay-gradient":""},"tablet":{"background-color":"var(--ast-global-color-5)","background-image":"","background-repeat":"repeat","background-position":"center center","background-size":"auto","background-attachment":"scroll","background-type":"","background-media":"","overlay-type":"","overlay-color":"","overlay-opacity":"","overlay-gradient":""},"mobile":{"background-color":"var(--ast-global-color-5)","background-image":"","background-repeat":"repeat","background-position":"center center","background-size":"auto","background-attachment":"scroll","background-type":"","background-media":"","overlay-type":"","overlay-color":"","overlay-opacity":"","overlay-gradient":""}}},"product_brand":[],"product_cat":[655,591,614],"product_tag":[],"class_list":{"0":"post-26204","1":"product","2":"type-product","3":"status-publish","4":"has-post-thumbnail","6":"product_cat-articles-en-liquidation","7":"product_cat-equipement-de-chargement","8":"product_cat-remorquage-accessoires-de-pneus","9":"desktop-align-center","10":"tablet-align-center","11":"mobile-align-center","12":"ast-product-gallery-layout-horizontal","13":"ast-product-gallery-with-no-image","14":"ast-product-tabs-layout-horizontal","16":"first","17":"outofstock","18":"sale","19":"taxable","20":"shipping-taxable","21":"purchasable","22":"product-type-simple"},"acf":[],"gallery_images":[],"_links":{"self":[{"href":"https:\/\/www.verduyntarps.ca\/fr\/wp-json\/wp\/v2\/product\/26204","targetHints":{"allow":["GET"]}}],"collection":[{"href":"https:\/\/www.verduyntarps.ca\/fr\/wp-json\/wp\/v2\/product"}],"about":[{"href":"https:\/\/www.verduyntarps.ca\/fr\/wp-json\/wp\/v2\/types\/product"}],"replies":[{"embeddable":true,"href":"https:\/\/www.verduyntarps.ca\/fr\/wp-json\/wp\/v2\/comments?post=26204"}],"wp:featuredmedia":[{"embeddable":true,"href":"https:\/\/www.verduyntarps.ca\/fr\/wp-json\/wp\/v2\/media\/24632"}],"wp:attachment":[{"href":"https:\/\/www.verduyntarps.ca\/fr\/wp-json\/wp\/v2\/media?parent=26204"}],"wp:term":[{"taxonomy":"product_brand","embeddable":true,"href":"https:\/\/www.verduyntarps.ca\/fr\/wp-json\/wp\/v2\/product_brand?post=26204"},{"taxonomy":"product_cat","embeddable":true,"href":"https:\/\/www.verduyntarps.ca\/fr\/wp-json\/wp\/v2\/product_cat?post=26204"},{"taxonomy":"product_tag","embeddable":true,"href":"https:\/\/www.verduyntarps.ca\/fr\/wp-json\/wp\/v2\/product_tag?post=26204"}],"curies":[{"name":"wp","href":"https:\/\/api.w.org\/{rel}","templated":true}]}}