{"id":26205,"date":"2020-04-24T09:18:37","date_gmt":"2020-04-24T13:18:37","guid":{"rendered":"https:\/\/www.verduyntarps.ca\/product\/balance-de-charge-numerique-interieure-pour-soupape-de-commande-a-double-hauteur"},"modified":"2020-04-24T09:18:37","modified_gmt":"2020-04-24T13:18:37","slug":"balance-de-charge-numerique-interieure-pour-soupape-de-commande-a-double-hauteur","status":"publish","type":"product","link":"https:\/\/www.verduyntarps.ca\/fr\/shop\/balance-de-charge-numerique-interieure-pour-soupape-de-commande-a-double-hauteur","title":{"rendered":"Balance de charge num\u00e9rique int\u00e9rieure pour soupape de commande \u00e0 double hauteur"},"content":{"rendered":"<p>La balance de charge E-Z Weigh In-Dash de Right Weigh avec deux entr\u00e9es d\u2019air fournira une mesure pr\u00e9cise et fiable du poids au sol pour un tracteur et une remorque d\u00e9di\u00e9e, lorsque les deux groupes d\u2019essieux sont \u00e9quip\u00e9s d\u2019une soupape de commande de hauteur unique, de syst\u00e8mes de suspension pneumatique ; ou un groupe d\u2019essieux avec un syst\u00e8me de suspension pneumatique \u00e0 soupape de commande \u00e0 double hauteur.<\/p>\n<p>\u2022Calcule une estimation du poids de l\u2019essieu directeur.<br \/>\n\u2022Affiche une r\u00e9partition compl\u00e8te du poids au sol pour les groupes d\u2019essieux moteurs et de remorque, une estimation du groupe d\u2019essieux directeurs et un poids brut total.<br \/>\n\u2022Pr\u00e9cis avec des points d\u2019\u00e9talonnage de poids \u00e0 vide et charg\u00e9s.<br \/>\n\u2022Affiche le poids dans votre choix de Lbs ou Kg.<br \/>\n\u2022Possibilit\u00e9 de d\u00e9finir un code de verrouillage PIN \u00e0 6 chiffres.<br \/>\n\u2022S\u2019ins\u00e8re dans un trou d\u2019instrument de tableau de bord rond standard de 2 1\/16 po.<br \/>\n\u2022Choix d\u2019une lunette noire ou chrom\u00e9e.<br \/>\n\u2022\u00c9cran tactile LCD facile \u00e0 lire avec r\u00e9tro\u00e9clairage r\u00e9glable.<br \/>\nComme tous les produits Right Weight, ces balances sont couvertes par une garantie de 3 ans<\/p>\n<p>Kits d\u2019installation correspondants :<br \/>\n 201-SK (Couvre l\u2019installation de l\u2019arri\u00e8re du pont-bascule jusqu\u2019\u00e0 la suspension de l\u2019essieu moteur) &amp;<br \/>\n301-QDK (Couvre l\u2019installation de l\u2019arri\u00e8re du gabarit jusqu\u2019\u00e0 la suspension de l\u2019essieu de la remorque, \u00e0 l\u2019aide d\u2019un syst\u00e8me de d\u00e9connexion rapide)<\/p>\n","protected":false},"excerpt":{"rendered":"<p>La balance de charge int\u00e9gr\u00e9e au tableau de bord avec deux entr\u00e9es d\u2019air fournit une mesure pr\u00e9cise et fiable du poids au sol.<\/p>\n","protected":false},"featured_media":24625,"comment_status":"open","ping_status":"closed","template":"","meta":{"_acf_changed":false,"om_disable_all_campaigns":false,"site-sidebar-layout":"default","site-content-layout":"default","ast-site-content-layout":"default","site-content-style":"default","site-sidebar-style":"default","ast-global-header-display":"","ast-banner-title-visibility":"","ast-main-header-display":"","ast-hfb-above-header-display":"","ast-hfb-below-header-display":"","ast-hfb-mobile-header-display":"","site-post-title":"","ast-breadcrumbs-content":"","ast-featured-img":"","footer-sml-layout":"","ast-disable-related-posts":"","theme-transparent-header-meta":"default","adv-header-id-meta":"","stick-header-meta":"default","header-above-stick-meta":"","header-main-stick-meta":"","header-below-stick-meta":"","astra-migrate-meta-layouts":"default","ast-page-background-enabled":"default","ast-page-background-meta":{"desktop":{"background-color":"","background-image":"","background-repeat":"repeat","background-position":"center center","background-size":"auto","background-attachment":"scroll","background-type":"","background-media":"","overlay-type":"","overlay-color":"","overlay-opacity":"","overlay-gradient":""},"tablet":{"background-color":"","background-image":"","background-repeat":"repeat","background-position":"center center","background-size":"auto","background-attachment":"scroll","background-type":"","background-media":"","overlay-type":"","overlay-color":"","overlay-opacity":"","overlay-gradient":""},"mobile":{"background-color":"","background-image":"","background-repeat":"repeat","background-position":"center center","background-size":"auto","background-attachment":"scroll","background-type":"","background-media":"","overlay-type":"","overlay-color":"","overlay-opacity":"","overlay-gradient":""}},"ast-content-background-meta":{"desktop":{"background-color":"var(--ast-global-color-5)","background-image":"","background-repeat":"repeat","background-position":"center center","background-size":"auto","background-attachment":"scroll","background-type":"","background-media":"","overlay-type":"","overlay-color":"","overlay-opacity":"","overlay-gradient":""},"tablet":{"background-color":"var(--ast-global-color-5)","background-image":"","background-repeat":"repeat","background-position":"center center","background-size":"auto","background-attachment":"scroll","background-type":"","background-media":"","overlay-type":"","overlay-color":"","overlay-opacity":"","overlay-gradient":""},"mobile":{"background-color":"var(--ast-global-color-5)","background-image":"","background-repeat":"repeat","background-position":"center center","background-size":"auto","background-attachment":"scroll","background-type":"","background-media":"","overlay-type":"","overlay-color":"","overlay-opacity":"","overlay-gradient":""}}},"product_brand":[],"product_cat":[633,640],"product_tag":[],"class_list":{"0":"post-26205","1":"product","2":"type-product","3":"status-publish","4":"has-post-thumbnail","6":"product_cat-accessoires-pour-camions-remorques","7":"product_cat-balances-de-charge","8":"desktop-align-center","9":"tablet-align-center","10":"mobile-align-center","11":"ast-product-gallery-layout-horizontal","12":"ast-product-tabs-layout-horizontal","14":"first","15":"outofstock","16":"taxable","17":"shipping-taxable","18":"purchasable","19":"product-type-simple"},"acf":[],"gallery_images":[24626,24627],"_links":{"self":[{"href":"https:\/\/www.verduyntarps.ca\/fr\/wp-json\/wp\/v2\/product\/26205","targetHints":{"allow":["GET"]}}],"collection":[{"href":"https:\/\/www.verduyntarps.ca\/fr\/wp-json\/wp\/v2\/product"}],"about":[{"href":"https:\/\/www.verduyntarps.ca\/fr\/wp-json\/wp\/v2\/types\/product"}],"replies":[{"embeddable":true,"href":"https:\/\/www.verduyntarps.ca\/fr\/wp-json\/wp\/v2\/comments?post=26205"}],"wp:featuredmedia":[{"embeddable":true,"href":"https:\/\/www.verduyntarps.ca\/fr\/wp-json\/wp\/v2\/media\/24625"}],"wp:attachment":[{"href":"https:\/\/www.verduyntarps.ca\/fr\/wp-json\/wp\/v2\/media?parent=26205"}],"wp:term":[{"taxonomy":"product_brand","embeddable":true,"href":"https:\/\/www.verduyntarps.ca\/fr\/wp-json\/wp\/v2\/product_brand?post=26205"},{"taxonomy":"product_cat","embeddable":true,"href":"https:\/\/www.verduyntarps.ca\/fr\/wp-json\/wp\/v2\/product_cat?post=26205"},{"taxonomy":"product_tag","embeddable":true,"href":"https:\/\/www.verduyntarps.ca\/fr\/wp-json\/wp\/v2\/product_tag?post=26205"}],"curies":[{"name":"wp","href":"https:\/\/api.w.org\/{rel}","templated":true}]}}