{"id":26208,"date":"2020-04-24T09:18:39","date_gmt":"2020-04-24T13:18:39","guid":{"rendered":"https:\/\/www.verduyntarps.ca\/product\/balance-de-charge-analogique-exterieure-pour-soupape-de-commande-a-essieu-unique-et-a-hauteur-unique"},"modified":"2020-04-24T09:18:39","modified_gmt":"2020-04-24T13:18:39","slug":"balance-de-charge-analogique-exterieure-pour-soupape-de-commande-a-essieu-unique-et-a-hauteur-unique","status":"publish","type":"product","link":"https:\/\/www.verduyntarps.ca\/fr\/shop\/balance-de-charge-analogique-exterieure-pour-soupape-de-commande-a-essieu-unique-et-a-hauteur-unique","title":{"rendered":"Balance de charge analogique ext\u00e9rieure pour soupape de commande \u00e0 essieu unique et \u00e0 hauteur unique"},"content":{"rendered":"<p>La balance de charge analogique ext\u00e9rieure 310-30-PP de Right Weigh fournit une mesure pr\u00e9cise et fiable du poids au sol du groupe d\u2019essieux moteurs ou de la remorque \u00e0 essieu unique de votre tracteur. Ce style de balance de charge est dot\u00e9 d\u2019une vanne de purge manuelle \u00e0 3 voies pour rel\u00e2cher la pression du syst\u00e8me de balance lorsqu\u2019il n\u2019est pas utilis\u00e9, ce qui contribue \u00e0 augmenter sa long\u00e9vit\u00e9.<br \/>\nCette balance peut lire jusqu\u2019\u00e0 30 000 livres. <\/p>\n<p>\u20221\/4&#8243; NPT femelle.<br \/>\n\u2022Lit en livres r\u00e9elles, pas en psi.<br \/>\n\u2022La plage de fonctionnement est de -40 \u00b0F \u00e0 140 \u00b0F.<br \/>\n\u2022Vanne de purge d\u2019air push-pull \u00e0 3 voies.<br \/>\n\u2022Mont\u00e9 dans un bo\u00eetier en polypropyl\u00e8ne noir avec des loquets en acier inoxydable &#8211; con\u00e7u pour r\u00e9sister aux conditions m\u00e9t\u00e9orologiques ext\u00e9rieures.<br \/>\n\u2022Support de montage et quincaillerie inclus.<br \/>\n\u2022Trou de verrouillage durable pour plus de s\u00e9curit\u00e9 si vous le souhaitez.<br \/>\n\u2022Processus d\u2019installation et d\u2019\u00e9talonnage simples.<br \/>\n\u2022Dispose d\u2019une vis de calibrage pratique, sur le visage et simple.<br \/>\n\u2022Grand cadran de 3 1\/2 po facile \u00e0 lire.<br \/>\n\u2022Pas de capteurs ou d\u2019\u00e9lectronique complexes.<\/p>\n<p>Kit d\u2019installation correspondant&nbsp;:101-SK<\/p>\n<p>Comme tous les produits Right Weight, ces balances sont couvertes par une garantie<br \/>\nde 3 ans Unit\u00e9s dans la bo\u00eete : 1<\/p>\n","protected":false},"excerpt":{"rendered":"<p>Notre balance offre des mesures de poids pr\u00e9cises pour le groupe d\u2019essieux moteurs simples du tracteur et de la remorque.<\/p>\n","protected":false},"featured_media":24629,"comment_status":"open","ping_status":"closed","template":"","meta":{"_acf_changed":false,"om_disable_all_campaigns":false,"site-sidebar-layout":"default","site-content-layout":"default","ast-site-content-layout":"default","site-content-style":"default","site-sidebar-style":"default","ast-global-header-display":"","ast-banner-title-visibility":"","ast-main-header-display":"","ast-hfb-above-header-display":"","ast-hfb-below-header-display":"","ast-hfb-mobile-header-display":"","site-post-title":"","ast-breadcrumbs-content":"","ast-featured-img":"","footer-sml-layout":"","ast-disable-related-posts":"","theme-transparent-header-meta":"default","adv-header-id-meta":"","stick-header-meta":"","header-above-stick-meta":"","header-main-stick-meta":"","header-below-stick-meta":"","astra-migrate-meta-layouts":"default","ast-page-background-enabled":"default","ast-page-background-meta":{"desktop":{"background-color":"","background-image":"","background-repeat":"repeat","background-position":"center center","background-size":"auto","background-attachment":"scroll","background-type":"","background-media":"","overlay-type":"","overlay-color":"","overlay-opacity":"","overlay-gradient":""},"tablet":{"background-color":"","background-image":"","background-repeat":"repeat","background-position":"center center","background-size":"auto","background-attachment":"scroll","background-type":"","background-media":"","overlay-type":"","overlay-color":"","overlay-opacity":"","overlay-gradient":""},"mobile":{"background-color":"","background-image":"","background-repeat":"repeat","background-position":"center center","background-size":"auto","background-attachment":"scroll","background-type":"","background-media":"","overlay-type":"","overlay-color":"","overlay-opacity":"","overlay-gradient":""}},"ast-content-background-meta":{"desktop":{"background-color":"var(--ast-global-color-5)","background-image":"","background-repeat":"repeat","background-position":"center center","background-size":"auto","background-attachment":"scroll","background-type":"","background-media":"","overlay-type":"","overlay-color":"","overlay-opacity":"","overlay-gradient":""},"tablet":{"background-color":"var(--ast-global-color-5)","background-image":"","background-repeat":"repeat","background-position":"center center","background-size":"auto","background-attachment":"scroll","background-type":"","background-media":"","overlay-type":"","overlay-color":"","overlay-opacity":"","overlay-gradient":""},"mobile":{"background-color":"var(--ast-global-color-5)","background-image":"","background-repeat":"repeat","background-position":"center center","background-size":"auto","background-attachment":"scroll","background-type":"","background-media":"","overlay-type":"","overlay-color":"","overlay-opacity":"","overlay-gradient":""}}},"product_brand":[],"product_cat":[633,640],"product_tag":[],"class_list":{"0":"post-26208","1":"product","2":"type-product","3":"status-publish","4":"has-post-thumbnail","6":"product_cat-accessoires-pour-camions-remorques","7":"product_cat-balances-de-charge","8":"desktop-align-center","9":"tablet-align-center","10":"mobile-align-center","11":"ast-product-gallery-layout-horizontal","12":"ast-product-tabs-layout-horizontal","14":"first","15":"instock","16":"taxable","17":"shipping-taxable","18":"purchasable","19":"product-type-simple"},"acf":[],"gallery_images":[18492,18493],"_links":{"self":[{"href":"https:\/\/www.verduyntarps.ca\/fr\/wp-json\/wp\/v2\/product\/26208","targetHints":{"allow":["GET"]}}],"collection":[{"href":"https:\/\/www.verduyntarps.ca\/fr\/wp-json\/wp\/v2\/product"}],"about":[{"href":"https:\/\/www.verduyntarps.ca\/fr\/wp-json\/wp\/v2\/types\/product"}],"replies":[{"embeddable":true,"href":"https:\/\/www.verduyntarps.ca\/fr\/wp-json\/wp\/v2\/comments?post=26208"}],"wp:featuredmedia":[{"embeddable":true,"href":"https:\/\/www.verduyntarps.ca\/fr\/wp-json\/wp\/v2\/media\/24629"}],"wp:attachment":[{"href":"https:\/\/www.verduyntarps.ca\/fr\/wp-json\/wp\/v2\/media?parent=26208"}],"wp:term":[{"taxonomy":"product_brand","embeddable":true,"href":"https:\/\/www.verduyntarps.ca\/fr\/wp-json\/wp\/v2\/product_brand?post=26208"},{"taxonomy":"product_cat","embeddable":true,"href":"https:\/\/www.verduyntarps.ca\/fr\/wp-json\/wp\/v2\/product_cat?post=26208"},{"taxonomy":"product_tag","embeddable":true,"href":"https:\/\/www.verduyntarps.ca\/fr\/wp-json\/wp\/v2\/product_tag?post=26208"}],"curies":[{"name":"wp","href":"https:\/\/api.w.org\/{rel}","templated":true}]}}