{"id":26243,"date":"2020-04-24T09:17:01","date_gmt":"2020-04-24T13:17:01","guid":{"rendered":"https:\/\/www.verduyntarps.ca\/product\/ciment-vinylique-1-2-pinte-057-l"},"modified":"2020-04-24T09:17:01","modified_gmt":"2020-04-24T13:17:01","slug":"ciment-vinylique-1-2-pinte-057-l","status":"publish","type":"product","link":"https:\/\/www.verduyntarps.ca\/fr\/produit\/ciment-vinylique-1-2-pinte-057-l","title":{"rendered":"Ciment vinylique &#8211; 1\/2 pinte (0,57 L)"},"content":{"rendered":"<p>Le ciment vinyle facile \u00e0 utiliser facilite la r\u00e9paration de vos b\u00e2ches<\/p>\n","protected":false},"excerpt":{"rendered":"<p>Ciment vinylique pour la r\u00e9paration de b\u00e2ches. Comprend un pinceau applicateur dans le couvercle. <\/p>\n","protected":false},"featured_media":24581,"comment_status":"open","ping_status":"closed","template":"","meta":{"_acf_changed":false,"om_disable_all_campaigns":false,"site-sidebar-layout":"default","site-content-layout":"default","ast-site-content-layout":"default","site-content-style":"default","site-sidebar-style":"default","ast-global-header-display":"","ast-banner-title-visibility":"","ast-main-header-display":"","ast-hfb-above-header-display":"","ast-hfb-below-header-display":"","ast-hfb-mobile-header-display":"","site-post-title":"","ast-breadcrumbs-content":"","ast-featured-img":"","footer-sml-layout":"","ast-disable-related-posts":"","theme-transparent-header-meta":"default","adv-header-id-meta":"","stick-header-meta":"default","header-above-stick-meta":"","header-main-stick-meta":"","header-below-stick-meta":"","astra-migrate-meta-layouts":"default","ast-page-background-enabled":"default","ast-page-background-meta":{"desktop":{"background-color":"","background-image":"","background-repeat":"repeat","background-position":"center center","background-size":"auto","background-attachment":"scroll","background-type":"","background-media":"","overlay-type":"","overlay-color":"","overlay-opacity":"","overlay-gradient":""},"tablet":{"background-color":"","background-image":"","background-repeat":"repeat","background-position":"center center","background-size":"auto","background-attachment":"scroll","background-type":"","background-media":"","overlay-type":"","overlay-color":"","overlay-opacity":"","overlay-gradient":""},"mobile":{"background-color":"","background-image":"","background-repeat":"repeat","background-position":"center center","background-size":"auto","background-attachment":"scroll","background-type":"","background-media":"","overlay-type":"","overlay-color":"","overlay-opacity":"","overlay-gradient":""}},"ast-content-background-meta":{"desktop":{"background-color":"var(--ast-global-color-5)","background-image":"","background-repeat":"repeat","background-position":"center center","background-size":"auto","background-attachment":"scroll","background-type":"","background-media":"","overlay-type":"","overlay-color":"","overlay-opacity":"","overlay-gradient":""},"tablet":{"background-color":"var(--ast-global-color-5)","background-image":"","background-repeat":"repeat","background-position":"center center","background-size":"auto","background-attachment":"scroll","background-type":"","background-media":"","overlay-type":"","overlay-color":"","overlay-opacity":"","overlay-gradient":""},"mobile":{"background-color":"var(--ast-global-color-5)","background-image":"","background-repeat":"repeat","background-position":"center center","background-size":"auto","background-attachment":"scroll","background-type":"","background-media":"","overlay-type":"","overlay-color":"","overlay-opacity":"","overlay-gradient":""}}},"product_brand":[],"product_cat":[606,605],"product_tag":[],"class_list":{"0":"post-26243","1":"product","2":"type-product","3":"status-publish","4":"has-post-thumbnail","6":"product_cat-accessoires-de-bache","7":"product_cat-tarps-fr","8":"desktop-align-center","9":"tablet-align-center","10":"mobile-align-center","11":"ast-product-gallery-layout-horizontal","12":"ast-product-gallery-with-no-image","13":"ast-product-tabs-layout-horizontal","15":"first","16":"outofstock","17":"taxable","18":"shipping-taxable","19":"purchasable","20":"product-type-simple"},"acf":[],"gallery_images":[],"_links":{"self":[{"href":"https:\/\/www.verduyntarps.ca\/fr\/wp-json\/wp\/v2\/product\/26243","targetHints":{"allow":["GET"]}}],"collection":[{"href":"https:\/\/www.verduyntarps.ca\/fr\/wp-json\/wp\/v2\/product"}],"about":[{"href":"https:\/\/www.verduyntarps.ca\/fr\/wp-json\/wp\/v2\/types\/product"}],"replies":[{"embeddable":true,"href":"https:\/\/www.verduyntarps.ca\/fr\/wp-json\/wp\/v2\/comments?post=26243"}],"wp:featuredmedia":[{"embeddable":true,"href":"https:\/\/www.verduyntarps.ca\/fr\/wp-json\/wp\/v2\/media\/24581"}],"wp:attachment":[{"href":"https:\/\/www.verduyntarps.ca\/fr\/wp-json\/wp\/v2\/media?parent=26243"}],"wp:term":[{"taxonomy":"product_brand","embeddable":true,"href":"https:\/\/www.verduyntarps.ca\/fr\/wp-json\/wp\/v2\/product_brand?post=26243"},{"taxonomy":"product_cat","embeddable":true,"href":"https:\/\/www.verduyntarps.ca\/fr\/wp-json\/wp\/v2\/product_cat?post=26243"},{"taxonomy":"product_tag","embeddable":true,"href":"https:\/\/www.verduyntarps.ca\/fr\/wp-json\/wp\/v2\/product_tag?post=26243"}],"curies":[{"name":"wp","href":"https:\/\/api.w.org\/{rel}","templated":true}]}}