{"id":26259,"date":"2020-04-23T14:21:11","date_gmt":"2020-04-23T18:21:11","guid":{"rendered":"https:\/\/www.verduyntarps.ca\/product\/airtab-noir"},"modified":"2020-04-23T14:21:11","modified_gmt":"2020-04-23T18:21:11","slug":"airtab-noir","status":"publish","type":"product","link":"https:\/\/www.verduyntarps.ca\/fr\/produit\/airtab-noir","title":{"rendered":"Airtab noir"},"content":{"rendered":"<p>\u00c9CONOMIES DE CARBURANT &#8211; En am\u00e9liorant l\u2019efficacit\u00e9 a\u00e9rodynamique, les v\u00e9hicules \u00e9quip\u00e9s d\u2019Airtab n\u00e9cessitent moins de puissance et, par cons\u00e9quent, moins de carburant pour se d\u00e9placer \u00e0 la m\u00eame vitesse.<br \/>\nPLUS STABILIT\u00c9 &#8211; Un air moins turbulent derri\u00e8re un v\u00e9hicule signifie que le v\u00e9hicule devient plus stable sur la route et moins r\u00e9actif aux rafales de vent et aux conditions m\u00e9t\u00e9orologiques.<br \/>\nRESTEZ PROPRE PLUS LONGTEMPS -Changer la fa\u00e7on dont l\u2019air et l\u2019eau se comportent avec Airtab permet de garder l\u2019arri\u00e8re du v\u00e9hicule plus propre plus longtemps.<br \/>\nMOINS D\u2019EFFORT DE CONDUITE &#8211; Les conducteurs d\u2019essai ont signal\u00e9 que les v\u00e9hicules \u00e9taient mieux assis sur la route et que les remorques suivaient plus directement derri\u00e8re l\u2019unit\u00e9 de puissance avec Airtabs.<\/p>\n","protected":false},"excerpt":{"rendered":"<p>Les \u00e9conomiseurs de carburant Airtab sont de puissants g\u00e9n\u00e9rateurs de vortex qui r\u00e9duisent la tra\u00een\u00e9e du v\u00e9hicule, \u00e9conomisent du carburant et am\u00e9liorent la s\u00e9curit\u00e9 des v\u00e9hicules.<\/p>\n","protected":false},"featured_media":24520,"comment_status":"open","ping_status":"closed","template":"","meta":{"_acf_changed":false,"om_disable_all_campaigns":false,"site-sidebar-layout":"default","site-content-layout":"default","ast-site-content-layout":"default","site-content-style":"default","site-sidebar-style":"default","ast-global-header-display":"","ast-banner-title-visibility":"","ast-main-header-display":"","ast-hfb-above-header-display":"","ast-hfb-below-header-display":"","ast-hfb-mobile-header-display":"","site-post-title":"","ast-breadcrumbs-content":"","ast-featured-img":"","footer-sml-layout":"","ast-disable-related-posts":"","theme-transparent-header-meta":"default","adv-header-id-meta":"","stick-header-meta":"default","header-above-stick-meta":"","header-main-stick-meta":"","header-below-stick-meta":"","astra-migrate-meta-layouts":"default","ast-page-background-enabled":"default","ast-page-background-meta":{"desktop":{"background-color":"","background-image":"","background-repeat":"repeat","background-position":"center center","background-size":"auto","background-attachment":"scroll","background-type":"","background-media":"","overlay-type":"","overlay-color":"","overlay-opacity":"","overlay-gradient":""},"tablet":{"background-color":"","background-image":"","background-repeat":"repeat","background-position":"center center","background-size":"auto","background-attachment":"scroll","background-type":"","background-media":"","overlay-type":"","overlay-color":"","overlay-opacity":"","overlay-gradient":""},"mobile":{"background-color":"","background-image":"","background-repeat":"repeat","background-position":"center center","background-size":"auto","background-attachment":"scroll","background-type":"","background-media":"","overlay-type":"","overlay-color":"","overlay-opacity":"","overlay-gradient":""}},"ast-content-background-meta":{"desktop":{"background-color":"var(--ast-global-color-5)","background-image":"","background-repeat":"repeat","background-position":"center center","background-size":"auto","background-attachment":"scroll","background-type":"","background-media":"","overlay-type":"","overlay-color":"","overlay-opacity":"","overlay-gradient":""},"tablet":{"background-color":"var(--ast-global-color-5)","background-image":"","background-repeat":"repeat","background-position":"center center","background-size":"auto","background-attachment":"scroll","background-type":"","background-media":"","overlay-type":"","overlay-color":"","overlay-opacity":"","overlay-gradient":""},"mobile":{"background-color":"var(--ast-global-color-5)","background-image":"","background-repeat":"repeat","background-position":"center center","background-size":"auto","background-attachment":"scroll","background-type":"","background-media":"","overlay-type":"","overlay-color":"","overlay-opacity":"","overlay-gradient":""}}},"product_brand":[],"product_cat":[633,655,634],"product_tag":[],"class_list":{"0":"post-26259","1":"product","2":"type-product","3":"status-publish","4":"has-post-thumbnail","6":"product_cat-accessoires-pour-camions-remorques","7":"product_cat-articles-en-liquidation","8":"product_cat-divers-accessoires-pour-camions-remorques","9":"desktop-align-center","10":"tablet-align-center","11":"mobile-align-center","12":"ast-product-gallery-layout-horizontal","13":"ast-product-gallery-with-no-image","14":"ast-product-tabs-layout-horizontal","16":"first","17":"outofstock","18":"sale","19":"taxable","20":"shipping-taxable","21":"purchasable","22":"product-type-simple"},"acf":[],"gallery_images":[],"_links":{"self":[{"href":"https:\/\/www.verduyntarps.ca\/fr\/wp-json\/wp\/v2\/product\/26259","targetHints":{"allow":["GET"]}}],"collection":[{"href":"https:\/\/www.verduyntarps.ca\/fr\/wp-json\/wp\/v2\/product"}],"about":[{"href":"https:\/\/www.verduyntarps.ca\/fr\/wp-json\/wp\/v2\/types\/product"}],"replies":[{"embeddable":true,"href":"https:\/\/www.verduyntarps.ca\/fr\/wp-json\/wp\/v2\/comments?post=26259"}],"wp:featuredmedia":[{"embeddable":true,"href":"https:\/\/www.verduyntarps.ca\/fr\/wp-json\/wp\/v2\/media\/24520"}],"wp:attachment":[{"href":"https:\/\/www.verduyntarps.ca\/fr\/wp-json\/wp\/v2\/media?parent=26259"}],"wp:term":[{"taxonomy":"product_brand","embeddable":true,"href":"https:\/\/www.verduyntarps.ca\/fr\/wp-json\/wp\/v2\/product_brand?post=26259"},{"taxonomy":"product_cat","embeddable":true,"href":"https:\/\/www.verduyntarps.ca\/fr\/wp-json\/wp\/v2\/product_cat?post=26259"},{"taxonomy":"product_tag","embeddable":true,"href":"https:\/\/www.verduyntarps.ca\/fr\/wp-json\/wp\/v2\/product_tag?post=26259"}],"curies":[{"name":"wp","href":"https:\/\/api.w.org\/{rel}","templated":true}]}}