{"id":26287,"date":"2020-01-31T19:52:53","date_gmt":"2020-02-01T00:52:53","guid":{"rendered":"https:\/\/www.verduyntarps.ca\/product\/ensemble-de-3-baches-en-acier-robuste-fines-16-x-18-milieu-16-x-20-chutes-de-4-rabats"},"modified":"2020-01-31T19:52:53","modified_gmt":"2020-02-01T00:52:53","slug":"ensemble-de-3-baches-en-acier-robuste-fines-16-x-18-milieu-16-x-20-chutes-de-4-rabats","status":"publish","type":"product","link":"https:\/\/www.verduyntarps.ca\/fr\/produit\/ensemble-de-3-baches-en-acier-robuste-fines-16-x-18-milieu-16-x-20-chutes-de-4-rabats","title":{"rendered":"Ensemble de 3 b\u00e2ches en acier robuste | Fines- 16&#8242; x 18&#8242; | Milieu &#8211; 16&#8242; x 20&#8242; | Chutes de 4&#8242; + rabats"},"content":{"rendered":"<p>Ceci<strong> <\/strong><b>l\u2019ensemble de b\u00e2ches<\/b> en acier en trois pi\u00e8ces se compose de deux b\u00e2ches de 16 pi x 18 pi avec rabats et chutes de 4 pi, et de deux rang\u00e9es d\u2019anneaux en D sur tous les c\u00f4t\u00e9s&nbsp;; et une b\u00e2che de 16 pi x 20 pi qui a 2 rang\u00e9es d\u2019anneaux en D sur les quatre c\u00f4t\u00e9s.<\/p>\n<p>Chaque b\u00e2che est imperm\u00e9able, r\u00e9sistante \u00e0 la pourriture, aux UV et \u00e0 l\u2019huile.<br \/>\nIl est fabriqu\u00e9 \u00e0 partir d\u2019un mat\u00e9riau de b\u00e2che en PVC enduit de vinyle noir robuste d\u2019une \u00e9paisseur de 20 mil et pesant 18 oz par m\u00e8tre carr\u00e9.<br \/>\nLes ourlets sont renforc\u00e9s par une corde et des sangles. Nous utilisons des \u0153illets en laiton #4 environ tous les 24&nbsp;\u00bb et nous cousons en bo\u00eete tous les anneaux en D en acier inoxydable de 2&nbsp;\u00bb. Nos anneaux en D sont \u00e9quip\u00e9s de rabats d\u2019usure.<br \/>\nNotre mat\u00e9riau en vinyle de 18 oz a un indice de fissuration \u00e0 froid de -40 \u00b0C.    <\/p>\n<p>Poids total de l\u2019ensemble : 164 lb<\/p>\n","protected":false},"excerpt":{"rendered":"<ul>\n<li>Extr\u00e9mit\u00e9s : 16&#8242; de large x 18&#8242; de long<\/li>\n<li>Rabat de 8&#8242; de large x 4&#8242; de long<\/li>\n<li>Milieu : 16&#8242; de large x 20&#8242; de long<\/li>\n<li>18 onces Vinyle <\/li>\n<li>2 rang\u00e9es d\u2019anneaux en D<\/li>\n<\/ul>\n","protected":false},"featured_media":24495,"comment_status":"open","ping_status":"closed","template":"","meta":{"_acf_changed":false,"om_disable_all_campaigns":false,"site-sidebar-layout":"default","site-content-layout":"default","ast-site-content-layout":"default","site-content-style":"default","site-sidebar-style":"default","ast-global-header-display":"","ast-banner-title-visibility":"","ast-main-header-display":"","ast-hfb-above-header-display":"","ast-hfb-below-header-display":"","ast-hfb-mobile-header-display":"","site-post-title":"","ast-breadcrumbs-content":"","ast-featured-img":"","footer-sml-layout":"","ast-disable-related-posts":"","theme-transparent-header-meta":"default","adv-header-id-meta":"","stick-header-meta":"default","header-above-stick-meta":"","header-main-stick-meta":"","header-below-stick-meta":"","astra-migrate-meta-layouts":"default","ast-page-background-enabled":"default","ast-page-background-meta":{"desktop":{"background-color":"","background-image":"","background-repeat":"repeat","background-position":"center center","background-size":"auto","background-attachment":"scroll","background-type":"","background-media":"","overlay-type":"","overlay-color":"","overlay-opacity":"","overlay-gradient":""},"tablet":{"background-color":"","background-image":"","background-repeat":"repeat","background-position":"center center","background-size":"auto","background-attachment":"scroll","background-type":"","background-media":"","overlay-type":"","overlay-color":"","overlay-opacity":"","overlay-gradient":""},"mobile":{"background-color":"","background-image":"","background-repeat":"repeat","background-position":"center center","background-size":"auto","background-attachment":"scroll","background-type":"","background-media":"","overlay-type":"","overlay-color":"","overlay-opacity":"","overlay-gradient":""}},"ast-content-background-meta":{"desktop":{"background-color":"var(--ast-global-color-5)","background-image":"","background-repeat":"repeat","background-position":"center center","background-size":"auto","background-attachment":"scroll","background-type":"","background-media":"","overlay-type":"","overlay-color":"","overlay-opacity":"","overlay-gradient":""},"tablet":{"background-color":"var(--ast-global-color-5)","background-image":"","background-repeat":"repeat","background-position":"center center","background-size":"auto","background-attachment":"scroll","background-type":"","background-media":"","overlay-type":"","overlay-color":"","overlay-opacity":"","overlay-gradient":""},"mobile":{"background-color":"var(--ast-global-color-5)","background-image":"","background-repeat":"repeat","background-position":"center center","background-size":"auto","background-attachment":"scroll","background-type":"","background-media":"","overlay-type":"","overlay-color":"","overlay-opacity":"","overlay-gradient":""}}},"product_brand":[],"product_cat":[607,605],"product_tag":[689,692,693,690,688,686,691,687],"class_list":{"0":"post-26287","1":"product","2":"type-product","3":"status-publish","4":"has-post-thumbnail","6":"product_cat-baches-en-acier","7":"product_cat-tarps-fr","8":"product_tag-18-onces","9":"product_tag-48-fr","10":"product_tag-53-fr","11":"product_tag-battre","12":"product_tag-chute-de-4-pi","13":"product_tag-noir","14":"product_tag-poser","15":"product_tag-transport-dacier","16":"desktop-align-center","17":"tablet-align-center","18":"mobile-align-center","19":"ast-product-gallery-layout-horizontal","20":"ast-product-tabs-layout-horizontal","22":"first","23":"instock","24":"sale","25":"taxable","26":"shipping-taxable","27":"purchasable","28":"product-type-simple"},"acf":[],"gallery_images":[18358,18359,18352,18353,18354,18355,18356,18351],"_links":{"self":[{"href":"https:\/\/www.verduyntarps.ca\/fr\/wp-json\/wp\/v2\/product\/26287","targetHints":{"allow":["GET"]}}],"collection":[{"href":"https:\/\/www.verduyntarps.ca\/fr\/wp-json\/wp\/v2\/product"}],"about":[{"href":"https:\/\/www.verduyntarps.ca\/fr\/wp-json\/wp\/v2\/types\/product"}],"replies":[{"embeddable":true,"href":"https:\/\/www.verduyntarps.ca\/fr\/wp-json\/wp\/v2\/comments?post=26287"}],"wp:featuredmedia":[{"embeddable":true,"href":"https:\/\/www.verduyntarps.ca\/fr\/wp-json\/wp\/v2\/media\/24495"}],"wp:attachment":[{"href":"https:\/\/www.verduyntarps.ca\/fr\/wp-json\/wp\/v2\/media?parent=26287"}],"wp:term":[{"taxonomy":"product_brand","embeddable":true,"href":"https:\/\/www.verduyntarps.ca\/fr\/wp-json\/wp\/v2\/product_brand?post=26287"},{"taxonomy":"product_cat","embeddable":true,"href":"https:\/\/www.verduyntarps.ca\/fr\/wp-json\/wp\/v2\/product_cat?post=26287"},{"taxonomy":"product_tag","embeddable":true,"href":"https:\/\/www.verduyntarps.ca\/fr\/wp-json\/wp\/v2\/product_tag?post=26287"}],"curies":[{"name":"wp","href":"https:\/\/api.w.org\/{rel}","templated":true}]}}