{"id":26288,"date":"2020-01-31T19:52:26","date_gmt":"2020-02-01T00:52:26","guid":{"rendered":"https:\/\/www.verduyntarps.ca\/product\/chaine-de-transport-3-8-x-16-g70"},"modified":"2025-03-26T06:29:45","modified_gmt":"2025-03-26T10:29:45","slug":"chaine-de-transport-3-8-x-16-g70","status":"publish","type":"product","link":"https:\/\/www.verduyntarps.ca\/fr\/shop\/chaine-de-transport-3-8-x-16-g70","title":{"rendered":"Cha\u00eene de transport 3\/8&#8243; x 16&#8242; G70"},"content":{"rendered":"<p>Notre cha\u00eene de transport Grade 70 a une finition chromate jaune et est fabriqu\u00e9e \u00e0 partir d\u2019acier au carbone trait\u00e9 thermiquement. La cha\u00eene de transport G70 est destin\u00e9e \u00e0 s\u00e9curiser la cargaison. Notre cha\u00eene Grade 70 est estampill\u00e9e tous les deux maillons \u00ab&nbsp;G70&nbsp;\u00bb conform\u00e9ment aux r\u00e8glements du minist\u00e8re des Transports. La finition chromate jaune offre une protection contre la corrosion et permet aux inspecteurs du DOT de d\u00e9terminer facilement la qualit\u00e9 de la cha\u00eene utilis\u00e9e. Ne pas utiliser pour soulever des charges a\u00e9riennes.<br \/>\nCette cha\u00eene a une CMU de 6600 lb et est livr\u00e9e avec des crochets de maintien \u00e0 chaque extr\u00e9mit\u00e9.    <\/p>\n","protected":false},"excerpt":{"rendered":"<p>S\u00e9curisez rapidement et facilement votre cargaison avec une limite de charge de travail de 6 600 lb \/ 3 000 kg en utilisant cet ensemble de cha\u00eene de 3\/8&#8243; x 16&#8242; de grade 70 avec crochets de pr\u00e9hension.  <\/p>\n","protected":false},"featured_media":24474,"comment_status":"open","ping_status":"closed","template":"","meta":{"_acf_changed":false,"om_disable_all_campaigns":false,"site-sidebar-layout":"default","site-content-layout":"default","ast-site-content-layout":"default","site-content-style":"default","site-sidebar-style":"default","ast-global-header-display":"","ast-banner-title-visibility":"","ast-main-header-display":"","ast-hfb-above-header-display":"","ast-hfb-below-header-display":"","ast-hfb-mobile-header-display":"","site-post-title":"","ast-breadcrumbs-content":"","ast-featured-img":"","footer-sml-layout":"","ast-disable-related-posts":"","theme-transparent-header-meta":"default","adv-header-id-meta":"","stick-header-meta":"default","header-above-stick-meta":"","header-main-stick-meta":"","header-below-stick-meta":"","astra-migrate-meta-layouts":"default","ast-page-background-enabled":"default","ast-page-background-meta":{"desktop":{"background-color":"","background-image":"","background-repeat":"repeat","background-position":"center center","background-size":"auto","background-attachment":"scroll","background-type":"","background-media":"","overlay-type":"","overlay-color":"","overlay-opacity":"","overlay-gradient":""},"tablet":{"background-color":"","background-image":"","background-repeat":"repeat","background-position":"center center","background-size":"auto","background-attachment":"scroll","background-type":"","background-media":"","overlay-type":"","overlay-color":"","overlay-opacity":"","overlay-gradient":""},"mobile":{"background-color":"","background-image":"","background-repeat":"repeat","background-position":"center center","background-size":"auto","background-attachment":"scroll","background-type":"","background-media":"","overlay-type":"","overlay-color":"","overlay-opacity":"","overlay-gradient":""}},"ast-content-background-meta":{"desktop":{"background-color":"var(--ast-global-color-5)","background-image":"","background-repeat":"repeat","background-position":"center center","background-size":"auto","background-attachment":"scroll","background-type":"","background-media":"","overlay-type":"","overlay-color":"","overlay-opacity":"","overlay-gradient":""},"tablet":{"background-color":"var(--ast-global-color-5)","background-image":"","background-repeat":"repeat","background-position":"center center","background-size":"auto","background-attachment":"scroll","background-type":"","background-media":"","overlay-type":"","overlay-color":"","overlay-opacity":"","overlay-gradient":""},"mobile":{"background-color":"var(--ast-global-color-5)","background-image":"","background-repeat":"repeat","background-position":"center center","background-size":"auto","background-attachment":"scroll","background-type":"","background-media":"","overlay-type":"","overlay-color":"","overlay-opacity":"","overlay-gradient":""}}},"product_brand":[],"product_cat":[626,592,591],"product_tag":[865,867,866,687],"class_list":{"0":"post-26288","1":"product","2":"type-product","3":"status-publish","4":"has-post-thumbnail","6":"product_cat-chaine-de-transport","7":"product_cat-chaines-et-tendeurs","8":"product_cat-equipement-de-chargement","9":"product_tag-3-8-fr","10":"product_tag-6600-livres","11":"product_tag-enrouler","12":"product_tag-transport-dacier","13":"desktop-align-center","14":"tablet-align-center","15":"mobile-align-center","16":"ast-product-gallery-layout-horizontal","17":"ast-product-tabs-layout-horizontal","19":"first","20":"instock","21":"taxable","22":"shipping-taxable","23":"purchasable","24":"product-type-simple"},"acf":[],"gallery_images":[18337,18338,18339],"_links":{"self":[{"href":"https:\/\/www.verduyntarps.ca\/fr\/wp-json\/wp\/v2\/product\/26288","targetHints":{"allow":["GET"]}}],"collection":[{"href":"https:\/\/www.verduyntarps.ca\/fr\/wp-json\/wp\/v2\/product"}],"about":[{"href":"https:\/\/www.verduyntarps.ca\/fr\/wp-json\/wp\/v2\/types\/product"}],"replies":[{"embeddable":true,"href":"https:\/\/www.verduyntarps.ca\/fr\/wp-json\/wp\/v2\/comments?post=26288"}],"wp:featuredmedia":[{"embeddable":true,"href":"https:\/\/www.verduyntarps.ca\/fr\/wp-json\/wp\/v2\/media\/24474"}],"wp:attachment":[{"href":"https:\/\/www.verduyntarps.ca\/fr\/wp-json\/wp\/v2\/media?parent=26288"}],"wp:term":[{"taxonomy":"product_brand","embeddable":true,"href":"https:\/\/www.verduyntarps.ca\/fr\/wp-json\/wp\/v2\/product_brand?post=26288"},{"taxonomy":"product_cat","embeddable":true,"href":"https:\/\/www.verduyntarps.ca\/fr\/wp-json\/wp\/v2\/product_cat?post=26288"},{"taxonomy":"product_tag","embeddable":true,"href":"https:\/\/www.verduyntarps.ca\/fr\/wp-json\/wp\/v2\/product_tag?post=26288"}],"curies":[{"name":"wp","href":"https:\/\/api.w.org\/{rel}","templated":true}]}}