{"id":26295,"date":"2020-01-31T19:53:21","date_gmt":"2020-02-01T00:53:21","guid":{"rendered":"https:\/\/www.verduyntarps.ca\/product\/ensemble-de-4-baches-en-bois-robuste-pour-plate-forme-de-marche-chutes-de-10-pi-rabats"},"modified":"2025-03-26T06:32:36","modified_gmt":"2025-03-26T10:32:36","slug":"ensemble-de-4-baches-en-bois-robuste-pour-plate-forme-de-marche-chutes-de-10-pi-rabats","status":"publish","type":"product","link":"https:\/\/www.verduyntarps.ca\/fr\/produit\/ensemble-de-4-baches-en-bois-robuste-pour-plate-forme-de-marche-chutes-de-10-pi-rabats","title":{"rendered":"Ensemble de 4 b\u00e2ches en bois robuste pour plate-forme de marche &#8211; chutes de 10 pi + rabats"},"content":{"rendered":"<p>Utilisez des b\u00e2ches de transport pour couvrir votre chargement, en le gardant propre et sec. Ces b\u00e2ches en bois sont fabriqu\u00e9es \u00e0 partir d\u2019un mat\u00e9riau PVC enduit de vinyle robuste qui est de 18 oz par m\u00e8tre carr\u00e9, ce qui les rend imperm\u00e9ables, ainsi que r\u00e9sistants \u00e0 la pourriture, aux UV et \u00e0 l\u2019huile. Le mat\u00e9riau vinyle est class\u00e9 fissuration \u00e0 froid jusqu\u2019\u00e0 -40\u00b0C.  <\/p>\n<p>Cet ensemble de b\u00e2ches en bois se compose de 4 b\u00e2ches :<\/p>\n<ul>\n<li>2 b\u00e2ches avant\/arri\u00e8re sur le pont inf\u00e9rieur &#8211; 28 pi L x 16 pi L avec un rabat de 8 pi l x 10 pi L<\/li>\n<li>1 b\u00e2che interm\u00e9diaire pour le pont inf\u00e9rieur &#8211; 28 pi L x 16 pi L<\/li>\n<li>1 b\u00e2che sur le pont sup\u00e9rieur &#8211; 24 pi L x 12 pi L avec 2 rabats, 8 pi L x 8 L po<\/li>\n<\/ul>\n<p>Toutes les b\u00e2ches sont livr\u00e9es avec 4 rang\u00e9es d\u2019anneaux en D le long de la longueur de la b\u00e2che. Les rabats ont \u00e9galement 4 rang\u00e9es d\u2019anneaux en D, et des ailes de 1&#8242; ajout\u00e9es sur la b\u00e2che \u00e0 plier sous le rabat pour une protection maximale. Ces b\u00e2ches sont parfaites pour les Step Decks.  <\/p>\n<p>La bordure renforc\u00e9e par des sangles et des cordes a des \u0153illets en laiton #4 espac\u00e9s d\u2019environ 24 po. Les anneaux en D en acier inoxydable sont \u00e9galement plac\u00e9s \u00e0 environ 24 po de distance pour fournir suffisamment d\u2019emplacements pour attacher la b\u00e2che, ce qui permet de couvrir au mieux votre charge. De plus, chaque anneau en D cousu en bo\u00eete est dot\u00e9 d\u2019un patch d\u2019usure en vinyle pour \u00e9viter les \u00e9raflures et les d\u00e9chirures des points de connexion des sangles en caoutchouc. <\/p>\n<ul>\n<li>Nombre de b\u00e2ches : 4<\/li>\n<li>Couleur&nbsp;: Noir<\/li>\n<li>Poids 236 lb<\/li>\n<\/ul>\n","protected":false},"excerpt":{"rendered":"<ul>\n<li>Extr\u00e9mit\u00e9s du pont inf\u00e9rieur : 28&#8242; de large x 16&#8242; de long<\/li>\n<li>Volets du pont inf\u00e9rieur : 8&#8242; de large x 10&#8242; de long<\/li>\n<li>Pont inf\u00e9rieur milieu : 28&#8242; de large x 16&#8242; de long<\/li>\n<li>Pont sup\u00e9rieur : 24&#8242; de large x 12&#8242; de long<\/li>\n<li>Volets du pont sup\u00e9rieur : 8&#8242; de large x 8&#8242; de long<\/li>\n<li>18 onces Vinyle <\/li>\n<li>4 rang\u00e9es d\u2019anneaux en D<\/li>\n<\/ul>\n","protected":false},"featured_media":24515,"comment_status":"open","ping_status":"closed","template":"","meta":{"_acf_changed":false,"om_disable_all_campaigns":false,"site-sidebar-layout":"default","site-content-layout":"default","ast-site-content-layout":"default","site-content-style":"default","site-sidebar-style":"default","ast-global-header-display":"","ast-banner-title-visibility":"","ast-main-header-display":"","ast-hfb-above-header-display":"","ast-hfb-below-header-display":"","ast-hfb-mobile-header-display":"","site-post-title":"","ast-breadcrumbs-content":"","ast-featured-img":"","footer-sml-layout":"","ast-disable-related-posts":"","theme-transparent-header-meta":"default","adv-header-id-meta":"","stick-header-meta":"default","header-above-stick-meta":"","header-main-stick-meta":"","header-below-stick-meta":"","astra-migrate-meta-layouts":"default","ast-page-background-enabled":"default","ast-page-background-meta":{"desktop":{"background-color":"","background-image":"","background-repeat":"repeat","background-position":"center center","background-size":"auto","background-attachment":"scroll","background-type":"","background-media":"","overlay-type":"","overlay-color":"","overlay-opacity":"","overlay-gradient":""},"tablet":{"background-color":"","background-image":"","background-repeat":"repeat","background-position":"center center","background-size":"auto","background-attachment":"scroll","background-type":"","background-media":"","overlay-type":"","overlay-color":"","overlay-opacity":"","overlay-gradient":""},"mobile":{"background-color":"","background-image":"","background-repeat":"repeat","background-position":"center center","background-size":"auto","background-attachment":"scroll","background-type":"","background-media":"","overlay-type":"","overlay-color":"","overlay-opacity":"","overlay-gradient":""}},"ast-content-background-meta":{"desktop":{"background-color":"var(--ast-global-color-5)","background-image":"","background-repeat":"repeat","background-position":"center center","background-size":"auto","background-attachment":"scroll","background-type":"","background-media":"","overlay-type":"","overlay-color":"","overlay-opacity":"","overlay-gradient":""},"tablet":{"background-color":"var(--ast-global-color-5)","background-image":"","background-repeat":"repeat","background-position":"center center","background-size":"auto","background-attachment":"scroll","background-type":"","background-media":"","overlay-type":"","overlay-color":"","overlay-opacity":"","overlay-gradient":""},"mobile":{"background-color":"var(--ast-global-color-5)","background-image":"","background-repeat":"repeat","background-position":"center center","background-size":"auto","background-attachment":"scroll","background-type":"","background-media":"","overlay-type":"","overlay-color":"","overlay-opacity":"","overlay-gradient":""}}},"product_brand":[],"product_cat":[608,625,605],"product_tag":[670,877,879],"class_list":{"0":"post-26295","1":"product","2":"type-product","3":"status-publish","4":"has-post-thumbnail","6":"product_cat-baches-de-bois-doeuvre","7":"product_cat-baches-de-machine-marchepied","8":"product_cat-tarps-fr","9":"product_tag-bois","10":"product_tag-chute-de-10-pi","11":"product_tag-plate-forme-de-marche-2","12":"desktop-align-center","13":"tablet-align-center","14":"mobile-align-center","15":"ast-product-gallery-layout-horizontal","16":"ast-product-tabs-layout-horizontal","18":"first","19":"instock","20":"sale","21":"taxable","22":"shipping-taxable","23":"purchasable","24":"product-type-simple"},"acf":[],"gallery_images":[24516,24507,24514,24513,24512,24517,24490,24491,24492],"_links":{"self":[{"href":"https:\/\/www.verduyntarps.ca\/fr\/wp-json\/wp\/v2\/product\/26295","targetHints":{"allow":["GET"]}}],"collection":[{"href":"https:\/\/www.verduyntarps.ca\/fr\/wp-json\/wp\/v2\/product"}],"about":[{"href":"https:\/\/www.verduyntarps.ca\/fr\/wp-json\/wp\/v2\/types\/product"}],"replies":[{"embeddable":true,"href":"https:\/\/www.verduyntarps.ca\/fr\/wp-json\/wp\/v2\/comments?post=26295"}],"wp:featuredmedia":[{"embeddable":true,"href":"https:\/\/www.verduyntarps.ca\/fr\/wp-json\/wp\/v2\/media\/24515"}],"wp:attachment":[{"href":"https:\/\/www.verduyntarps.ca\/fr\/wp-json\/wp\/v2\/media?parent=26295"}],"wp:term":[{"taxonomy":"product_brand","embeddable":true,"href":"https:\/\/www.verduyntarps.ca\/fr\/wp-json\/wp\/v2\/product_brand?post=26295"},{"taxonomy":"product_cat","embeddable":true,"href":"https:\/\/www.verduyntarps.ca\/fr\/wp-json\/wp\/v2\/product_cat?post=26295"},{"taxonomy":"product_tag","embeddable":true,"href":"https:\/\/www.verduyntarps.ca\/fr\/wp-json\/wp\/v2\/product_tag?post=26295"}],"curies":[{"name":"wp","href":"https:\/\/api.w.org\/{rel}","templated":true}]}}