{"id":26300,"date":"2020-01-31T19:53:00","date_gmt":"2020-02-01T00:53:00","guid":{"rendered":"https:\/\/www.verduyntarps.ca\/product\/ensemble-de-2-baches-en-bois-robustes-24-x-27-chutes-de-8-rabats"},"modified":"2026-03-20T08:00:27","modified_gmt":"2026-03-20T12:00:27","slug":"ensemble-de-2-baches-en-bois-robustes-24-x-27-chutes-de-8-rabats","status":"publish","type":"product","link":"https:\/\/www.verduyntarps.ca\/fr\/shop\/ensemble-de-2-baches-en-bois-robustes-24-x-27-chutes-de-8-rabats","title":{"rendered":"Ensemble de 2 b\u00e2ches en bois robustes &#8211; 24&#8242; x 27&#8242; (chutes de 8&#8242; + rabats)"},"content":{"rendered":"<p><span data-olk-copy-source=\"MessageBody\">La plupart de nos clients qui sont des conducteurs de longue distance et qui tarsent constamment des remorques pleines pr\u00e9f\u00e8rent notre ensemble de 2 b\u00e2ches en bois. M\u00eame si chaque b\u00e2che est plus lourde, il y a moins de pi\u00e8ces \u00e0 manipuler.   <\/span><\/p>\n<p>Avec moins de pi\u00e8ces, il est plus facile de garder une trace des b\u00e2ches. Sur plusieurs ensembles de b\u00e2ches, les b\u00e2ches du milieu sont souvent confondues avec les b\u00e2ches de fin, lorsqu\u2019elles sont enroul\u00e9es, cela cr\u00e9e souvent de la frustration pour les conducteurs. La manipulation de deux b\u00e2ches au lieu de trois peut faciliter l\u2019installation, surtout lorsqu\u2019on est seul.  <\/p>\n<p>Ces b\u00e2ches sont fabriqu\u00e9es \u00e0 partir de vinyle de 18 oz. Cela garantira que la cargaison arrivera en parfait \u00e9tat. Vous pouvez opter pour une alternative plus l\u00e9g\u00e8re, comme le vinyle de 10 oz, cependant, sachez que ces b\u00e2ches ne sont pas aussi robustes que les n\u00f4tres. Ce serait horrible si vous arriviez chez votre client avec une b\u00e2che d\u00e9chir\u00e9e et que la cargaison arrivait endommag\u00e9e parce qu\u2019elle a \u00e9t\u00e9 expos\u00e9e aux \u00e9l\u00e9ments de la route.   <\/p>\n<p>&nbsp;<\/p>\n<p>4 rang\u00e9es d\u2019anneaux en D sont notre norme sur les b\u00e2ches All Lumber, offrant aux conducteurs plus de PTS d\u2019arrimage. La norme de l\u2019industrie est de 3 rang\u00e9es d\u2019anneaux en D. Lors de la b\u00e2chage, plus il y a d\u2019attaches, mieux c\u2019est, car cela prolongera la dur\u00e9e de vie des b\u00e2ches.  <\/p>\n<p>&nbsp;<\/p>\n<p>De nombreux conducteurs aiment nos b\u00e2ches \u00e0 cause des ailes \/ rabats muraux. Il est donc beaucoup plus facile pour les conducteurs d\u2019enrouler les b\u00e2ches et de les mettre de c\u00f4t\u00e9, surtout par temps glacial. <\/p>\n","protected":false},"excerpt":{"rendered":"<ul>\n<li>24&#8242; de large x 27&#8242; de long<\/li>\n<li>Rabat de 8&#8242; de large x 8&#8242; de long<\/li>\n<li>18 onces Vinyle <\/li>\n<li>4 rang\u00e9es d\u2019anneaux en D<\/li>\n<\/ul>\n","protected":false},"featured_media":24504,"comment_status":"open","ping_status":"closed","template":"","meta":{"_acf_changed":false,"om_disable_all_campaigns":false,"site-sidebar-layout":"default","site-content-layout":"default","ast-site-content-layout":"default","site-content-style":"default","site-sidebar-style":"default","ast-global-header-display":"","ast-banner-title-visibility":"","ast-main-header-display":"","ast-hfb-above-header-display":"","ast-hfb-below-header-display":"","ast-hfb-mobile-header-display":"","site-post-title":"","ast-breadcrumbs-content":"","ast-featured-img":"","footer-sml-layout":"","ast-disable-related-posts":"","theme-transparent-header-meta":"default","adv-header-id-meta":"","stick-header-meta":"default","header-above-stick-meta":"","header-main-stick-meta":"","header-below-stick-meta":"","astra-migrate-meta-layouts":"default","ast-page-background-enabled":"default","ast-page-background-meta":{"desktop":{"background-color":"","background-image":"","background-repeat":"repeat","background-position":"center center","background-size":"auto","background-attachment":"scroll","background-type":"","background-media":"","overlay-type":"","overlay-color":"","overlay-opacity":"","overlay-gradient":""},"tablet":{"background-color":"","background-image":"","background-repeat":"repeat","background-position":"center center","background-size":"auto","background-attachment":"scroll","background-type":"","background-media":"","overlay-type":"","overlay-color":"","overlay-opacity":"","overlay-gradient":""},"mobile":{"background-color":"","background-image":"","background-repeat":"repeat","background-position":"center center","background-size":"auto","background-attachment":"scroll","background-type":"","background-media":"","overlay-type":"","overlay-color":"","overlay-opacity":"","overlay-gradient":""}},"ast-content-background-meta":{"desktop":{"background-color":"var(--ast-global-color-5)","background-image":"","background-repeat":"repeat","background-position":"center center","background-size":"auto","background-attachment":"scroll","background-type":"","background-media":"","overlay-type":"","overlay-color":"","overlay-opacity":"","overlay-gradient":""},"tablet":{"background-color":"var(--ast-global-color-5)","background-image":"","background-repeat":"repeat","background-position":"center center","background-size":"auto","background-attachment":"scroll","background-type":"","background-media":"","overlay-type":"","overlay-color":"","overlay-opacity":"","overlay-gradient":""},"mobile":{"background-color":"var(--ast-global-color-5)","background-image":"","background-repeat":"repeat","background-position":"center center","background-size":"auto","background-attachment":"scroll","background-type":"","background-media":"","overlay-type":"","overlay-color":"","overlay-opacity":"","overlay-gradient":""}}},"product_brand":[],"product_cat":[608,605],"product_tag":[692,693,670,671],"class_list":{"0":"post-26300","1":"product","2":"type-product","3":"status-publish","4":"has-post-thumbnail","6":"product_cat-baches-de-bois-doeuvre","7":"product_cat-tarps-fr","8":"product_tag-48-fr","9":"product_tag-53-fr","10":"product_tag-bois","11":"product_tag-chute-de-8-pi","12":"desktop-align-center","13":"tablet-align-center","14":"mobile-align-center","15":"ast-product-gallery-layout-horizontal","16":"ast-product-tabs-layout-horizontal","18":"first","19":"outofstock","20":"sale","21":"taxable","22":"shipping-taxable","23":"purchasable","24":"product-type-simple"},"acf":[],"gallery_images":[18367],"_links":{"self":[{"href":"https:\/\/www.verduyntarps.ca\/fr\/wp-json\/wp\/v2\/product\/26300","targetHints":{"allow":["GET"]}}],"collection":[{"href":"https:\/\/www.verduyntarps.ca\/fr\/wp-json\/wp\/v2\/product"}],"about":[{"href":"https:\/\/www.verduyntarps.ca\/fr\/wp-json\/wp\/v2\/types\/product"}],"replies":[{"embeddable":true,"href":"https:\/\/www.verduyntarps.ca\/fr\/wp-json\/wp\/v2\/comments?post=26300"}],"wp:featuredmedia":[{"embeddable":true,"href":"https:\/\/www.verduyntarps.ca\/fr\/wp-json\/wp\/v2\/media\/24504"}],"wp:attachment":[{"href":"https:\/\/www.verduyntarps.ca\/fr\/wp-json\/wp\/v2\/media?parent=26300"}],"wp:term":[{"taxonomy":"product_brand","embeddable":true,"href":"https:\/\/www.verduyntarps.ca\/fr\/wp-json\/wp\/v2\/product_brand?post=26300"},{"taxonomy":"product_cat","embeddable":true,"href":"https:\/\/www.verduyntarps.ca\/fr\/wp-json\/wp\/v2\/product_cat?post=26300"},{"taxonomy":"product_tag","embeddable":true,"href":"https:\/\/www.verduyntarps.ca\/fr\/wp-json\/wp\/v2\/product_tag?post=26300"}],"curies":[{"name":"wp","href":"https:\/\/api.w.org\/{rel}","templated":true}]}}