{"id":26306,"date":"2020-01-31T19:52:13","date_gmt":"2020-02-01T00:52:13","guid":{"rendered":"https:\/\/www.verduyntarps.ca\/product\/couverture-de-demenagement"},"modified":"2020-01-31T19:52:13","modified_gmt":"2020-02-01T00:52:13","slug":"couverture-de-demenagement","status":"publish","type":"product","link":"https:\/\/www.verduyntarps.ca\/fr\/produit\/couverture-de-demenagement","title":{"rendered":"Couverture de d\u00e9m\u00e9nagement"},"content":{"rendered":"<p>Assurez-vous que vos objets de valeur sont prot\u00e9g\u00e9s pendant le transport avec nos couvertures de d\u00e9m\u00e9nagement haut de gamme. Que vous d\u00e9m\u00e9nagiez dans une nouvelle maison, un nouveau bureau ou que vous d\u00e9m\u00e9nagiez simplement des articles dans un entrep\u00f4t, nos couvertures de d\u00e9m\u00e9nagement offrent le nec plus ultra en mati\u00e8re de protection et de tranquillit\u00e9 d\u2019esprit. <\/p>\n<p><strong>Fonctionnalit\u00e9s:<\/strong><\/p>\n<ul>\n<li><strong>Mat\u00e9riau de haute qualit\u00e9 :<\/strong> Fabriqu\u00e9es \u00e0 partir d\u2019un tissu durable et r\u00e9sistant, ces couvertures sont con\u00e7ues pour r\u00e9sister aux rigueurs du d\u00e9m\u00e9nagement et offrent une utilisation durable.<\/li>\n<li><strong>Rembourrage \u00e9pais :<\/strong> Nos \u00e9bauches de d\u00e9m\u00e9nagement minimiseront le risque de rayures, de bosses et d\u2019autres dommages \u00e0 vos meubles et autres biens.<\/li>\n<li><strong>Coutures renforc\u00e9es :<\/strong> Des coutures solides et renforc\u00e9es garantissent que les couvertures restent intactes, m\u00eame en cas d\u2019utilisation et de manipulation fr\u00e9quentes. Vous obtiendrez de multiples utilisations de nos couvertures de d\u00e9m\u00e9nagement. <\/li>\n<li><strong>Multi-usage :<\/strong> Id\u00e9al pour le d\u00e9m\u00e9nagement, l\u2019entreposage et la couverture d\u2019articles lors de r\u00e9novations domiciliaires. Id\u00e9al \u00e9galement pour prot\u00e9ger les si\u00e8ges d\u2019auto, les sols et les murs en tant que barri\u00e8re acoustique. <\/li>\n<li><strong>Facile \u00e0 utiliser :<\/strong> L\u00e9ger et facile \u00e0 manipuler, il est facile d\u2019emballer et de s\u00e9curiser vos articles. Pliable pour un rangement pratique lorsqu\u2019il n\u2019est pas utilis\u00e9. <\/li>\n<\/ul>\n<p><strong>Applications:<\/strong><\/p>\n<ul>\n<li><strong>D\u00e9m\u00e9nagements r\u00e9sidentiels : Prot\u00e9gez<\/strong> vos articles m\u00e9nagers pendant votre d\u00e9m\u00e9nagement dans une nouvelle maison.<\/li>\n<li><strong>Plateau ou plate-forme Step :<\/strong> Utilisez une couverture de d\u00e9m\u00e9nagement pour les pi\u00e8ces de cargaison irr\u00e9guli\u00e8res, les bobines, etc. Les couvertures de d\u00e9m\u00e9nagement prolongent la dur\u00e9e de vie de vos b\u00e2ches en acier, en bois d\u2019\u0153uvre et en machine. <\/li>\n<li><strong>D\u00e9m\u00e9nagements commerciaux<\/strong> : Prot\u00e9gez l\u2019\u00e9quipement et le mobilier de bureau lors des d\u00e9m\u00e9nagements d\u2019entreprise.<\/li>\n<li><strong>Stockage:<\/strong> Gardez vos effets personnels en parfait \u00e9tat pendant l\u2019entreposage.<\/li>\n<li><strong>Am\u00e9lioration de l\u2019habitat<\/strong> : Utilisez-la comme couche protectrice lors de la peinture, de la r\u00e9novation ou d\u2019autres projets d\u2019am\u00e9lioration de l\u2019habitat.<\/li>\n<li><strong>Protection du v\u00e9hicule<\/strong> : \u00c9vitez d\u2019endommager l\u2019int\u00e9rieur de votre v\u00e9hicule lors du transport de marchandises.<\/li>\n<\/ul>\n","protected":false},"excerpt":{"rendered":"<p>Cette couverture de charge aide \u00e0 prot\u00e9ger vos charges contre les dommages.<\/p>\n","protected":false},"featured_media":24454,"comment_status":"open","ping_status":"closed","template":"","meta":{"_acf_changed":false,"om_disable_all_campaigns":false,"site-sidebar-layout":"default","site-content-layout":"default","ast-site-content-layout":"default","site-content-style":"default","site-sidebar-style":"default","ast-global-header-display":"","ast-banner-title-visibility":"","ast-main-header-display":"","ast-hfb-above-header-display":"","ast-hfb-below-header-display":"","ast-hfb-mobile-header-display":"","site-post-title":"","ast-breadcrumbs-content":"","ast-featured-img":"","footer-sml-layout":"","ast-disable-related-posts":"","theme-transparent-header-meta":"default","adv-header-id-meta":"","stick-header-meta":"default","header-above-stick-meta":"","header-main-stick-meta":"","header-below-stick-meta":"","astra-migrate-meta-layouts":"default","ast-page-background-enabled":"default","ast-page-background-meta":{"desktop":{"background-color":"","background-image":"","background-repeat":"repeat","background-position":"center center","background-size":"auto","background-attachment":"scroll","background-type":"","background-media":"","overlay-type":"","overlay-color":"","overlay-opacity":"","overlay-gradient":""},"tablet":{"background-color":"","background-image":"","background-repeat":"repeat","background-position":"center center","background-size":"auto","background-attachment":"scroll","background-type":"","background-media":"","overlay-type":"","overlay-color":"","overlay-opacity":"","overlay-gradient":""},"mobile":{"background-color":"","background-image":"","background-repeat":"repeat","background-position":"center center","background-size":"auto","background-attachment":"scroll","background-type":"","background-media":"","overlay-type":"","overlay-color":"","overlay-opacity":"","overlay-gradient":""}},"ast-content-background-meta":{"desktop":{"background-color":"var(--ast-global-color-5)","background-image":"","background-repeat":"repeat","background-position":"center center","background-size":"auto","background-attachment":"scroll","background-type":"","background-media":"","overlay-type":"","overlay-color":"","overlay-opacity":"","overlay-gradient":""},"tablet":{"background-color":"var(--ast-global-color-5)","background-image":"","background-repeat":"repeat","background-position":"center center","background-size":"auto","background-attachment":"scroll","background-type":"","background-media":"","overlay-type":"","overlay-color":"","overlay-opacity":"","overlay-gradient":""},"mobile":{"background-color":"var(--ast-global-color-5)","background-image":"","background-repeat":"repeat","background-position":"center center","background-size":"auto","background-attachment":"scroll","background-type":"","background-media":"","overlay-type":"","overlay-color":"","overlay-opacity":"","overlay-gradient":""}}},"product_brand":[],"product_cat":[591,590],"product_tag":[887],"class_list":{"0":"post-26306","1":"product","2":"type-product","3":"status-publish","4":"has-post-thumbnail","6":"product_cat-equipement-de-chargement","7":"product_cat-fourgon-dry","8":"product_tag-logistique","9":"desktop-align-center","10":"tablet-align-center","11":"mobile-align-center","12":"ast-product-gallery-layout-horizontal","13":"ast-product-tabs-layout-horizontal","15":"first","16":"instock","17":"taxable","18":"shipping-taxable","19":"purchasable","20":"product-type-simple"},"acf":[],"gallery_images":[24455,24456],"_links":{"self":[{"href":"https:\/\/www.verduyntarps.ca\/fr\/wp-json\/wp\/v2\/product\/26306","targetHints":{"allow":["GET"]}}],"collection":[{"href":"https:\/\/www.verduyntarps.ca\/fr\/wp-json\/wp\/v2\/product"}],"about":[{"href":"https:\/\/www.verduyntarps.ca\/fr\/wp-json\/wp\/v2\/types\/product"}],"replies":[{"embeddable":true,"href":"https:\/\/www.verduyntarps.ca\/fr\/wp-json\/wp\/v2\/comments?post=26306"}],"wp:featuredmedia":[{"embeddable":true,"href":"https:\/\/www.verduyntarps.ca\/fr\/wp-json\/wp\/v2\/media\/24454"}],"wp:attachment":[{"href":"https:\/\/www.verduyntarps.ca\/fr\/wp-json\/wp\/v2\/media?parent=26306"}],"wp:term":[{"taxonomy":"product_brand","embeddable":true,"href":"https:\/\/www.verduyntarps.ca\/fr\/wp-json\/wp\/v2\/product_brand?post=26306"},{"taxonomy":"product_cat","embeddable":true,"href":"https:\/\/www.verduyntarps.ca\/fr\/wp-json\/wp\/v2\/product_cat?post=26306"},{"taxonomy":"product_tag","embeddable":true,"href":"https:\/\/www.verduyntarps.ca\/fr\/wp-json\/wp\/v2\/product_tag?post=26306"}],"curies":[{"name":"wp","href":"https:\/\/api.w.org\/{rel}","templated":true}]}}