{"id":26309,"date":"2020-01-24T20:35:48","date_gmt":"2020-01-25T01:35:48","guid":{"rendered":"https:\/\/www.verduyntarps.ca\/product\/sangle-de-treuil-de-3-po-x-30-pi-avec-crochet-plat-kinedyne"},"modified":"2020-01-24T20:35:48","modified_gmt":"2020-01-25T01:35:48","slug":"sangle-de-treuil-de-3-po-x-30-pi-avec-crochet-plat-kinedyne","status":"publish","type":"product","link":"https:\/\/www.verduyntarps.ca\/fr\/produit\/sangle-de-treuil-de-3-po-x-30-pi-avec-crochet-plat-kinedyne","title":{"rendered":"Sangle de treuil de 3 po x 30 pi avec crochet plat (Kinedyne)"},"content":{"rendered":"<p>Nos sangles de treuil de 3 po x 30 pi avec crochet plat sont une sangle d\u2019arrimage durable pour s\u00e9curiser le chargement sur des camions ou des remorques \u00e0 plateau. Toutes les sangles de treuil sont fabriqu\u00e9es en polyester enduit de r\u00e9sine pour un \u00e9tirement minimum et une r\u00e9sistance maximale \u00e0 l\u2019usure. Ces sangles robustes offrent la r\u00e9sistance et la durabilit\u00e9 requises pour les exigences d\u2019arrimage \u00e0 plateau. Toutes les sangles de treuil sont \u00e9tiquet\u00e9es pour r\u00e9pondre aux normes CHP, aux normes nord-am\u00e9ricaines d\u2019arrimage des cargaisons propos\u00e9es, aux r\u00e9glementations du DOT et aux normes recommand\u00e9es par la WSTDA.   <\/p>\n<p>CMU : 2 450 kg \/ 5 400 lb<br \/>\nMBS : 7 350 kg \/ 16 200 lb<\/p>\n<p>5 par caisse<\/p>\n","protected":false},"excerpt":{"rendered":"<p>Avec une limite de charge utile de 5 400 lb \/ 2 450 kg, il est plus facile de r\u00e9pondre aux exigences de l\u2019industrie de l\u2019arrimage de marchandises en utilisant la sangle de treuil \u00e0 crochet plat Kinedyne 3&#8243; x 30&#8242;.  <\/p>\n","protected":false},"featured_media":18296,"comment_status":"open","ping_status":"closed","template":"","meta":{"_acf_changed":false,"om_disable_all_campaigns":false,"site-sidebar-layout":"default","site-content-layout":"default","ast-site-content-layout":"default","site-content-style":"default","site-sidebar-style":"default","ast-global-header-display":"","ast-banner-title-visibility":"","ast-main-header-display":"","ast-hfb-above-header-display":"","ast-hfb-below-header-display":"","ast-hfb-mobile-header-display":"","site-post-title":"","ast-breadcrumbs-content":"","ast-featured-img":"","footer-sml-layout":"","ast-disable-related-posts":"","theme-transparent-header-meta":"default","adv-header-id-meta":"","stick-header-meta":"default","header-above-stick-meta":"","header-main-stick-meta":"","header-below-stick-meta":"","astra-migrate-meta-layouts":"default","ast-page-background-enabled":"default","ast-page-background-meta":{"desktop":{"background-color":"","background-image":"","background-repeat":"repeat","background-position":"center center","background-size":"auto","background-attachment":"scroll","background-type":"","background-media":"","overlay-type":"","overlay-color":"","overlay-opacity":"","overlay-gradient":""},"tablet":{"background-color":"","background-image":"","background-repeat":"repeat","background-position":"center center","background-size":"auto","background-attachment":"scroll","background-type":"","background-media":"","overlay-type":"","overlay-color":"","overlay-opacity":"","overlay-gradient":""},"mobile":{"background-color":"","background-image":"","background-repeat":"repeat","background-position":"center center","background-size":"auto","background-attachment":"scroll","background-type":"","background-media":"","overlay-type":"","overlay-color":"","overlay-opacity":"","overlay-gradient":""}},"ast-content-background-meta":{"desktop":{"background-color":"var(--ast-global-color-5)","background-image":"","background-repeat":"repeat","background-position":"center center","background-size":"auto","background-attachment":"scroll","background-type":"","background-media":"","overlay-type":"","overlay-color":"","overlay-opacity":"","overlay-gradient":""},"tablet":{"background-color":"var(--ast-global-color-5)","background-image":"","background-repeat":"repeat","background-position":"center center","background-size":"auto","background-attachment":"scroll","background-type":"","background-media":"","overlay-type":"","overlay-color":"","overlay-opacity":"","overlay-gradient":""},"mobile":{"background-color":"var(--ast-global-color-5)","background-image":"","background-repeat":"repeat","background-position":"center center","background-size":"auto","background-attachment":"scroll","background-type":"","background-media":"","overlay-type":"","overlay-color":"","overlay-opacity":"","overlay-gradient":""}}},"product_brand":[],"product_cat":[591,594,595],"product_tag":[880,888,889,893,890,892],"class_list":{"0":"post-26309","1":"product","2":"type-product","3":"status-publish","4":"has-post-thumbnail","6":"product_cat-equipement-de-chargement","7":"product_cat-sangles-darrimage","8":"product_cat-sangles-de-treuil","9":"product_tag-3-fr","10":"product_tag-30-fr","11":"product_tag-5400-livres","12":"product_tag-crochet-plat","13":"product_tag-jaune","14":"product_tag-kinedyne-fr","15":"desktop-align-center","16":"tablet-align-center","17":"mobile-align-center","18":"ast-product-gallery-layout-horizontal","19":"ast-product-gallery-with-no-image","20":"ast-product-tabs-layout-horizontal","22":"first","23":"instock","24":"taxable","25":"shipping-taxable","26":"purchasable","27":"product-type-simple"},"acf":[],"gallery_images":[],"_links":{"self":[{"href":"https:\/\/www.verduyntarps.ca\/fr\/wp-json\/wp\/v2\/product\/26309","targetHints":{"allow":["GET"]}}],"collection":[{"href":"https:\/\/www.verduyntarps.ca\/fr\/wp-json\/wp\/v2\/product"}],"about":[{"href":"https:\/\/www.verduyntarps.ca\/fr\/wp-json\/wp\/v2\/types\/product"}],"replies":[{"embeddable":true,"href":"https:\/\/www.verduyntarps.ca\/fr\/wp-json\/wp\/v2\/comments?post=26309"}],"wp:featuredmedia":[{"embeddable":true,"href":"https:\/\/www.verduyntarps.ca\/fr\/wp-json\/wp\/v2\/media\/18296"}],"wp:attachment":[{"href":"https:\/\/www.verduyntarps.ca\/fr\/wp-json\/wp\/v2\/media?parent=26309"}],"wp:term":[{"taxonomy":"product_brand","embeddable":true,"href":"https:\/\/www.verduyntarps.ca\/fr\/wp-json\/wp\/v2\/product_brand?post=26309"},{"taxonomy":"product_cat","embeddable":true,"href":"https:\/\/www.verduyntarps.ca\/fr\/wp-json\/wp\/v2\/product_cat?post=26309"},{"taxonomy":"product_tag","embeddable":true,"href":"https:\/\/www.verduyntarps.ca\/fr\/wp-json\/wp\/v2\/product_tag?post=26309"}],"curies":[{"name":"wp","href":"https:\/\/api.w.org\/{rel}","templated":true}]}}