{"id":27278,"date":"2026-02-13T10:06:15","date_gmt":"2026-02-13T15:06:15","guid":{"rendered":"https:\/\/www.verduyntarps.ca\/?post_type=product&#038;p=27278"},"modified":"2026-03-16T11:21:15","modified_gmt":"2026-03-16T15:21:15","slug":"24-x-27-8-drops-rabat-bache-en-bois-leger-copy-copy-copy-copy-copy","status":"publish","type":"product","link":"https:\/\/www.verduyntarps.ca\/fr\/produit\/24-x-27-8-drops-rabat-bache-en-bois-leger-copy-copy-copy-copy-copy","title":{"rendered":"24&#8242; x 27&#8242; (8&#8242; Drops + Rabat) B\u00e2che en bois l\u00e9ger (Copy) (Copy) (Copy) (Copy) (Copy)"},"content":{"rendered":"<p><b><span style=\"color: red\">Cet article est disponible sur commande sp\u00e9ciale seulement. N\u2019h\u00e9sitez pas \u00e0 nous contacter pour plus d\u2019informations. <\/span><\/b><\/p>\n<p>Nos clients nous ont dit qu\u2019ils avaient besoin d\u2019une solution de b\u00e2che plus l\u00e9g\u00e8re, et nous les avons \u00e9cout\u00e9s. Cet ensemble de b\u00e2ches est une alternative plus l\u00e9g\u00e8re \u00e0 notre <a href=\"#\">b\u00e2che \u00e0 bois robuste de 24 pi x 27 pi<\/a>, tout en offrant \u00e0 votre charge le grand niveau de protection que vous attendez d\u2019une b\u00e2che Verduyn. <\/p>\n<p>Le centre et le rabat de cette b\u00e2che sont fabriqu\u00e9s \u00e0 partir du m\u00eame mat\u00e9riau de b\u00e2che en vinyle imperm\u00e9able de 18 oz que nos b\u00e2ches robustes, offrant une r\u00e9sistance aux UV, \u00e0 la pourriture et \u00e0 l\u2019huile. Pour r\u00e9duire le poids, les c\u00f4t\u00e9s sont fabriqu\u00e9s \u00e0 partir d\u2019un mat\u00e9riau en nylon balistique r\u00e9sistant \u00e0 l\u2019eau et ind\u00e9chirable avec un rapport r\u00e9sistance\/poids \u00e9lev\u00e9. Cela r\u00e9duit le poids de la b\u00e2che d\u2019environ 27 livres.   <\/p>\n<p>La b\u00e2che mesure 24 pi de large sur 27 pi de long et est livr\u00e9e avec 4 rang\u00e9es d\u2019anneaux en D \u00e0 2 pi, 4 pi, 6 pi et 8 pi de la bordure de la b\u00e2che le long de la longueur de 27 pi. Ils ont \u00e9galement un rabat de 8&#8217;x9&#8242; avec 4 rang\u00e9es d\u2019anneaux en D, et des ailes ajout\u00e9es de 1&#8242; sur la b\u00e2che \u00e0 plier sous le rabat pour une protection maximale. Lorsqu\u2019il est utilis\u00e9 par paires, vous pouvez couvrir des charges jusqu\u2019\u00e0 53 pi de long.  <\/p>\n<p>La bordure renforc\u00e9e par des sangles et des cordes a des \u0153illets en laiton #4 espac\u00e9s d\u2019environ 24 po. Les anneaux en D en acier inoxydable sont \u00e9galement plac\u00e9s \u00e0 environ 24 po de distance pour fournir suffisamment d\u2019emplacements pour attacher la b\u00e2che, ce qui permet de couvrir au mieux votre charge. De plus, chaque anneau en D cousu en bo\u00eete est dot\u00e9 d\u2019un patch d\u2019usure en vinyle pour \u00e9viter les \u00e9raflures et les d\u00e9chirures des points de connexion des sangles en caoutchouc. <\/p>\n<ul>\n<li>Taille&nbsp;: 24&#8217;L x 27&#8217;L +1&#8242; garde-boue<\/li>\n<li>Rabat&nbsp;: 8&#8217;x9&#8242;<\/li>\n<li>Couleur&nbsp;: Noir<\/li>\n<li>Poids : 88 lb<\/li>\n<\/ul>\n","protected":false},"excerpt":{"rendered":"<ul>\n<li>8&#8242; Gouttes<\/li>\n<li>Rabat 8&#8217;x8&#8242;<\/li>\n<li>Dessus en vinyle 18 oz + rabats | C\u00f4t\u00e9s en nylon balistique <\/li>\n<li>4 rang\u00e9es d\u2019anneaux en D<\/li>\n<\/ul>\n","protected":false},"featured_media":27281,"comment_status":"open","ping_status":"closed","template":"","meta":{"_acf_changed":false,"om_disable_all_campaigns":false,"site-sidebar-layout":"default","site-content-layout":"default","ast-site-content-layout":"default","site-content-style":"default","site-sidebar-style":"default","ast-global-header-display":"","ast-banner-title-visibility":"","ast-main-header-display":"","ast-hfb-above-header-display":"","ast-hfb-below-header-display":"","ast-hfb-mobile-header-display":"","site-post-title":"","ast-breadcrumbs-content":"","ast-featured-img":"","footer-sml-layout":"","ast-disable-related-posts":"","theme-transparent-header-meta":"default","adv-header-id-meta":"","stick-header-meta":"default","header-above-stick-meta":"","header-main-stick-meta":"","header-below-stick-meta":"","astra-migrate-meta-layouts":"set","ast-page-background-enabled":"default","ast-page-background-meta":{"desktop":{"background-color":"","background-image":"","background-repeat":"repeat","background-position":"center center","background-size":"auto","background-attachment":"scroll","background-type":"","background-media":"","overlay-type":"","overlay-color":"","overlay-opacity":"","overlay-gradient":""},"tablet":{"background-color":"","background-image":"","background-repeat":"repeat","background-position":"center center","background-size":"auto","background-attachment":"scroll","background-type":"","background-media":"","overlay-type":"","overlay-color":"","overlay-opacity":"","overlay-gradient":""},"mobile":{"background-color":"","background-image":"","background-repeat":"repeat","background-position":"center center","background-size":"auto","background-attachment":"scroll","background-type":"","background-media":"","overlay-type":"","overlay-color":"","overlay-opacity":"","overlay-gradient":""}},"ast-content-background-meta":{"desktop":{"background-color":"var(--ast-global-color-5)","background-image":"","background-repeat":"repeat","background-position":"center center","background-size":"auto","background-attachment":"scroll","background-type":"","background-media":"","overlay-type":"","overlay-color":"","overlay-opacity":"","overlay-gradient":""},"tablet":{"background-color":"var(--ast-global-color-5)","background-image":"","background-repeat":"repeat","background-position":"center center","background-size":"auto","background-attachment":"scroll","background-type":"","background-media":"","overlay-type":"","overlay-color":"","overlay-opacity":"","overlay-gradient":""},"mobile":{"background-color":"var(--ast-global-color-5)","background-image":"","background-repeat":"repeat","background-position":"center center","background-size":"auto","background-attachment":"scroll","background-type":"","background-media":"","overlay-type":"","overlay-color":"","overlay-opacity":"","overlay-gradient":""}}},"product_brand":[],"product_cat":[608,605],"product_tag":[],"class_list":{"0":"post-27278","1":"product","2":"type-product","3":"status-publish","4":"has-post-thumbnail","6":"product_cat-baches-de-bois-doeuvre","7":"product_cat-tarps-fr","8":"desktop-align-center","9":"tablet-align-center","10":"mobile-align-center","11":"ast-product-gallery-layout-horizontal","12":"ast-product-tabs-layout-horizontal","14":"first","15":"instock","16":"taxable","17":"shipping-taxable","18":"purchasable","19":"product-type-simple"},"acf":[],"gallery_images":[27280],"_links":{"self":[{"href":"https:\/\/www.verduyntarps.ca\/fr\/wp-json\/wp\/v2\/product\/27278","targetHints":{"allow":["GET"]}}],"collection":[{"href":"https:\/\/www.verduyntarps.ca\/fr\/wp-json\/wp\/v2\/product"}],"about":[{"href":"https:\/\/www.verduyntarps.ca\/fr\/wp-json\/wp\/v2\/types\/product"}],"replies":[{"embeddable":true,"href":"https:\/\/www.verduyntarps.ca\/fr\/wp-json\/wp\/v2\/comments?post=27278"}],"wp:featuredmedia":[{"embeddable":true,"href":"https:\/\/www.verduyntarps.ca\/fr\/wp-json\/wp\/v2\/media\/27281"}],"wp:attachment":[{"href":"https:\/\/www.verduyntarps.ca\/fr\/wp-json\/wp\/v2\/media?parent=27278"}],"wp:term":[{"taxonomy":"product_brand","embeddable":true,"href":"https:\/\/www.verduyntarps.ca\/fr\/wp-json\/wp\/v2\/product_brand?post=27278"},{"taxonomy":"product_cat","embeddable":true,"href":"https:\/\/www.verduyntarps.ca\/fr\/wp-json\/wp\/v2\/product_cat?post=27278"},{"taxonomy":"product_tag","embeddable":true,"href":"https:\/\/www.verduyntarps.ca\/fr\/wp-json\/wp\/v2\/product_tag?post=27278"}],"curies":[{"name":"wp","href":"https:\/\/api.w.org\/{rel}","templated":true}]}}